{"id":2810,"date":"2009-05-23T18:19:58","date_gmt":"2009-05-23T18:19:58","guid":{"rendered":"http:\/\/116"},"modified":"2009-05-23T18:19:58","modified_gmt":"2009-05-23T18:19:58","slug":"les-mots-de-a-a-z-lettre-g","status":"publish","type":"page","link":"https:\/\/siefar.org\/gb\/la-guerre-des-mots-dictionnaire\/les-mots-de-a-a-z-lettre-g\/","title":{"rendered":"Les mots de A \u00e0 Z &#8211; lettre G"},"content":{"rendered":"<ul>\n<li style=\"text-align: justify;\"><strong><span style=\"font-size: small;\"><a name=\"Generale\"><\/a><span style=\"font-size: 12pt;\">G\u00e9n\u00e9rale, G\u00e9n\u00e9ralle<\/span><\/span><\/strong><\/li>\n<\/ul>\n<div class=\"corpsTexte\" style=\"text-align: justify;\"><span style=\"font-size: 12pt;\"><span style=\"font-size: 12pt;\"><span style=\"font-size: 12pt;\"> &#8211; <strong>1673 <\/strong>: \u00abIl serait ais\u00e9 de conclure que si les femmes sont capables de poss\u00e9der souverainement toute l&#8217;authorit\u00e9 publique, elles le sont encore plus de n&#8217;en estre que les Ministres: comme d&#8217;estre Vice-Reines, Gouvernantes, Secr\u00e9taires, Conseill\u00e8res d&#8217;Etat, Intendantes des Finances. Elles peuvent \u00eatre <strong>G\u00e9n\u00e9ralles <\/strong>d&#8217;Arm\u00e9e.\u00bb<br \/> Fran\u00e7ois Poulain de la Barre, <em>De l&#8217;\u00e9galit\u00e9 des deux sexes<\/em>, 1673.<br \/> &#8211; <strong>2006 <\/strong>: \u00ab<em>(&#8230;)<\/em> Le (ou la) f\u00e9ministe qui est aussi d\u00e9fenseur (ou seuse) d&#8217;une langue fran\u00e7aise qui \u00e9volue sans se d\u00e9naturer applaudit l&#8217;\u00e9crivaine, mais hurle d&#8217;effroi devant la procureure, la professeure, la d\u00e9fenseure&#8230; La procureuse existe depuis des si\u00e8cles (n&#8217;est-ce pas Porthos&#8217;), et si c&#8217;\u00e9tait \u00e0 l&#8217;origine la femme du procureur, c&#8217;\u00e9tait \u00e9galement le cas pour la <strong>g\u00e9n\u00e9rale<\/strong>, la pr\u00e9f\u00e8te, voire la pharmacienne. Notre langue est pleine de ressources, utilisons-les pour traduire l&#8217;\u00e9volution de la soci\u00e9t\u00e9, sans lui faire subir d&#8217;outrages inutiles\u00bb.<br \/> Philippe Renard, \u00abCa va mieux en le disant\u00bb, T\u00e9l\u00e9rama, n\u00b02939, 10 mai 2006.<\/span><\/span><\/span><\/p>\n<hr \/>\n<\/div>\n<ul>\n<li class=\"corpsTexte\" style=\"text-align: justify;\"><span style=\"font-size: 12pt;\"><strong><a name=\"Gentilfemme\"><\/a>Gentilfemme, Gentillefemme<\/strong><\/span><\/li>\n<\/ul>\n<div class=\"corpsTexte\" style=\"text-align: justify;\"><span style=\"font-size: 12pt;\"> &#8211; <strong>1504 <\/strong>: \u00abPar quoi donc, ma fille, si vous avez courage de <strong>gentilfemme<\/strong>, et que d\u00e9siriez avoir bon et honorable bruit, si vous montrez en toutes choses vertueuse et prudente, et vous gardez bien d&#8217;\u00eatre surprise en ce, quelque rudesse qu&#8217;on vous puisse faire.\u00bb<br \/> Anne de France, <em>Enseignements \u00e0 sa fille<\/em>, \u00e9d. T. Clavier et \u00c9. Viennot, Saint-\u00c9tienne, PUSE, 2006, ch. 17.<br \/> &#8211; <strong>1504 <\/strong>: \u00abEn apr\u00e8s, ma fille, pour acqu\u00e9rir haut et honorable bruit* tel que <strong>gentilsfemmes <\/strong>doivent avoir, et afin que personne n&#8217;ait jamais cause de vous ha\u00efr, gardez-vous principalement de ce maudit p\u00e9ch\u00e9 d&#8217;envie&#8230;\u00bb<br \/> Anne de France, <em>Enseignements \u00e0 sa fille<\/em>, \u00e9d. T. Clavier et \u00c9. Viennot, Saint-\u00c9tienne, PUSE, 2006, ch. 22.<\/span><\/div>\n<div class=\"corpsTexte\" style=\"text-align: justify;\">\n<p><span style=\"font-size: 12pt;\">&#8211; <strong>1846<\/strong> : \u00ab\u2013 Alors nous nous entendons en tout point, mademoiselle, et il ne me reste plus, pour me conformer \u00e0 ce plan trac\u00e9 par vous, qu\u2019\u00e0 vous pr\u00e9senter mes tr\u00e8s humbles respects, \u00e0 vous envoyer votre femme de chambre et \u00e0 m\u2019occuper de la route que vous devez suivre de votre c\u00f4t\u00e9. \u2013 De mon c\u00f4t\u00e9, monsieur, r\u00e9pondis-je, je suis <strong>gentillefemme<\/strong> comme vous \u00eates gentilhomme ; tenez toutes vos promesses, et je tiendrai toutes les miennes.\u00a0\u00bb<br \/><\/span><span style=\"font-size: 12pt;\">Alexandre Dumas, <em>La Dame de Monsoreau,<\/em> \u00e9d. Claude Schopp, Paris, Robert Laffond, coll. &#8220;Bouquins&#8221;, p. 677.<\/span><\/p>\n<hr \/>\n<p>&nbsp;<\/p>\n<\/div>\n<ul style=\"text-align: justify;\">\n<li><span style=\"font-size: 12pt;\"><strong><a name=\"Gladiatrice\"><\/a>Gladiatrice<\/strong><\/span><\/li>\n<\/ul>\n<div class=\"corpsTexte\" style=\"text-align: justify;\"><span style=\"font-size: 12pt;\"><span style=\"font-size: 12pt;\"> &#8211; <strong>1628 <\/strong>: \u00abJe voy avec horreur dans l&#8217;Histoire ces furieuses <strong>gladiatrices<\/strong>, que les Romains voyaient avec plaisir dans l&#8217;amphith\u00e9\u00e2tre, et ne mets pas les Amazones au nombre des femmes, je les mets au nombre des monstres, et des prodiges\u00bb<br \/> Guez de Balzac, \u00abLettre \u00e0 Mme Desloges, 20 sept. 1628\u00bb, <em>Oeuvres<\/em>, Gen\u00e8ve, Slatkine Reprints, 1971 <em>(1665)<\/em>, t.I, p.257.<\/span><\/span><\/p>\n<hr \/>\n<\/div>\n<div class=\"corpsTexte\" style=\"text-align: justify;\">\n<ul>\n<li><span style=\"font-size: 12pt;\"><strong><a name=\"Gouverneresse\"><\/a>Gouverneresse<\/strong><\/span><\/li>\n<\/ul>\n<p><span style=\"font-size: 12pt;\"> &#8211; <strong>1460 <\/strong>: \u00ab pour <em>(par)<\/em> la douceur de vos regards, <em>(vous)<\/em> avez j\u00e0 donn\u00e9 saufconduit \u00e0 ma plume, et transmis force et s\u00fbret\u00e9 en mon c\u0153ur contre les durs assauts de vos adversaires ; d\u00e9sormais donc pouvons s\u00fbrement lever nos ancres sous la conduite de si sages <strong>gouverneresses<\/strong>. \u00bb<br \/> <em>Triumphe des dames<\/em> (trad. fran\u00e7aise par Fernando de Lucena du <em>Triunfo de las donas<\/em> de Juan Rodr\u00edguez del Padr\u00f3n), Paris, Pierre Caron <em>(s.d., vers 1500)<\/em>, \u00ab Prologue du translateur \u00bb, aii, v\u00b0<\/span><\/p>\n<hr \/>\n<p>&nbsp;<\/p>\n<\/div>\n<ul style=\"text-align: justify;\">\n<li><span style=\"font-size: 12pt;\"><strong><a name=\"Graveuse\"><\/a>Graveuse<\/strong><\/span><\/li>\n<\/ul>\n<div class=\"corpsTexte\" style=\"text-align: justify;\"><span style=\"font-size: 12pt;\"> &#8211; <strong>1784 <\/strong>: \u00abIII. La <strong>Graveuse<\/strong>, ou la Fille-heureuse par une faiblesse.\u00bb<br \/> R\u00e9tif de la Bretonne, <em>Les Contemporaines gradu\u00e9es: ou Avantures des Jolies-Fammes de l&#8217;\u00e2ge actuel,<\/em> Le\u00efpsick, B\u00fcschel, 1784, p.199.<br \/> <\/span><\/div>\n<p style=\"text-align: justify;\"><span style=\"font-size: 12pt;\"><br \/> <\/span><\/p>\n","protected":false},"excerpt":{"rendered":"<p>G\u00e9n\u00e9rale, G\u00e9n\u00e9ralle &#8211; 1673 : \u00abIl serait ais\u00e9 de conclure que si les femmes sont capables de poss\u00e9der souverainement toute l&#8217;authorit\u00e9 publique, elles le sont encore plus de n&#8217;en estre que les Ministres: comme d&#8217;estre Vice-Reines, Gouvernantes, Secr\u00e9taires, Conseill\u00e8res d&#8217;Etat, Intendantes des Finances. Elles peuvent \u00eatre G\u00e9n\u00e9ralles d&#8217;Arm\u00e9e.\u00bb Fran\u00e7ois Poulain de la Barre, De l&#8217;\u00e9galit\u00e9 [&hellip;]<\/p>\n","protected":false},"author":4,"featured_media":0,"parent":2804,"menu_order":0,"comment_status":"closed","ping_status":"closed","template":"","meta":{"_acf_changed":false,"footnotes":""},"class_list":["post-2810","page","type-page","status-publish","hentry"],"translation":{"provider":"WPGlobus","version":"3.0.0","language":"gb","enabled_languages":["fr","gb"],"languages":{"fr":{"title":true,"content":true,"excerpt":false},"gb":{"title":false,"content":false,"excerpt":false}}},"acf":[],"_links":{"self":[{"href":"https:\/\/siefar.org\/gb\/wp-json\/wp\/v2\/pages\/2810","targetHints":{"allow":["GET"]}}],"collection":[{"href":"https:\/\/siefar.org\/gb\/wp-json\/wp\/v2\/pages"}],"about":[{"href":"https:\/\/siefar.org\/gb\/wp-json\/wp\/v2\/types\/page"}],"author":[{"embeddable":true,"href":"https:\/\/siefar.org\/gb\/wp-json\/wp\/v2\/users\/4"}],"replies":[{"embeddable":true,"href":"https:\/\/siefar.org\/gb\/wp-json\/wp\/v2\/comments?post=2810"}],"version-history":[{"count":0,"href":"https:\/\/siefar.org\/gb\/wp-json\/wp\/v2\/pages\/2810\/revisions"}],"up":[{"embeddable":true,"href":"https:\/\/siefar.org\/gb\/wp-json\/wp\/v2\/pages\/2804"}],"wp:attachment":[{"href":"https:\/\/siefar.org\/gb\/wp-json\/wp\/v2\/media?parent=2810"}],"curies":[{"name":"wp","href":"https:\/\/api.w.org\/{rel}","templated":true}]}}