{"id":2807,"date":"2009-05-23T18:20:27","date_gmt":"2009-05-23T18:20:27","guid":{"rendered":"http:\/\/113"},"modified":"2009-05-23T18:20:27","modified_gmt":"2009-05-23T18:20:27","slug":"les-mots-de-a-a-z-lettre-d","status":"publish","type":"page","link":"https:\/\/siefar.org\/gb\/la-guerre-des-mots-dictionnaire\/les-mots-de-a-a-z-lettre-d\/","title":{"rendered":"Les mots de A \u00e0 Z &#8211; lettre D"},"content":{"rendered":"<ul>\n<li><strong><span style=\"font-size: 12pt;\">Damoisel<\/span><\/strong><\/li>\n<\/ul>\n<p><span style=\"font-size: 12pt;\">&#8211; <strong>1872<\/strong> : \u00abRobert le <strong>damoisel<\/strong> et son fr\u00e8re de lait Hubert n&#8217;avaient pas encore dix ans&#8221;.<br \/>\n<\/span><span style=\"font-size: 12pt;\">Louise Michel, &#8220;Les Serments, l\u00e9gendes f\u00e9dodales&#8221;,\u00a0<em>Livre du Jour de l&#8217;an.<\/em><\/span><\/p>\n<hr \/>\n<p>&nbsp;<\/p>\n<ul>\n<li>\n<div class=\"corpsTexte\" style=\"text-align: justify;\"><span style=\"font-size: 12pt;\"><strong><a name=\"Danseresse\"><\/a>Danseresse<\/strong><\/span><\/div>\n<\/li>\n<\/ul>\n<div class=\"corpsTexte\" style=\"text-align: justify;\"><span style=\"font-size: 12pt;\"><span style=\"font-size: 12pt;\"> &#8211; <strong>1579 <\/strong>: \u00ab\u00e0 l\u2019app\u00e9tit d\u2019une <strong>danseresse<\/strong>, il [le proph\u00e8te Jean-Baptiste] envoye le bourreau et le tue.\u00bb<br \/>\n Lambert Daneau, <em>Trait\u00e9 des danses auquel est amplement r\u00e9solue la question, a savoir s\u2019il est permis aux Chrestiens de danser<\/em>, s.l., Fran\u00e7ois Estienne, p.19.<\/span><\/span><\/p>\n<hr \/>\n<\/div>\n<ul>\n<li>\n<div class=\"corpsTexte\" style=\"text-align: justify;\"><span style=\"font-size: 12pt;\"><strong><a name=\"Defenseuse\"><\/a>D\u00e9fenderesse, D\u00e9fenseure, D\u00e9fenseuse<\/strong><\/span><\/div>\n<\/li>\n<\/ul>\n<div class=\"corpsTexte\" style=\"text-align: justify;\"><span style=\"font-size: 12pt;\"> &#8211; <strong>vers 1460 <\/strong>:\u00ab<strong>Deffenderesse <\/strong>(adjectif ou substantif) : qui se d\u00e9fend en justice conte une accusation ; voir l\u2019antonyme voir &#8220;demanderesse&#8221; \u00bb<\/span><\/div>\n<div class=\"corpsTexte\" style=\"text-align: justify;\"><span style=\"font-size: 12pt;\">Dans l\u2019arrr\u00eat III et ensuite dans de nombreux arr\u00eats de l&#8217;ouvrage de Martial d&#8217;Auvergne,<em style=\"font-size: small;\">Les Cinquante et ung arrest damours,<\/em>Paris, ca 1500 ; le texte est \u00e9crit ca 1460 et publi\u00e9 de mani\u00e8re tr\u00e8s fr\u00e9quente tout au long du XVIe si\u00e8cle.<\/span><\/div>\n<div class=\"corpsTexte\" style=\"text-align: justify;\"><span style=\"font-size: 12pt;\"><br \/>\n &#8211; <strong>1594 <\/strong>: terme juridique. En 1594, Agaisse Lebeau est <strong>deffenderesse <\/strong>dans un proc\u00e8s devant la Pr\u00e9v\u00f4t\u00e9 de Nantes.<br \/>\n <em>Archives d\u00e9partementales de Loire-Atlantique \u00e0 Nantes<\/em>, 1594, registre de la Pr\u00e9v\u00f4t\u00e9 B6113.<\/span><\/div>\n<div class=\"corpsTexte\" style=\"text-align: justify;\"><span style=\"font-size: 12pt;\"><br \/>\n &#8211; <strong>1594<\/strong>: terme juridique.<em>Le Plaidoyer de M. Pasquier pour l&#8217;Universit\u00e9 de Paris, <strong>defenderesse<\/strong>, contre les Jesuites demandeurs en requeste<\/em><br \/>\n Ouvrage d&#8217;Etienne Pasquier, Paris, L&#8217;Angelier.<\/span><\/div>\n<div class=\"corpsTexte\" style=\"text-align: justify;\"><span style=\"font-size: 12pt;\"><br \/>\n &#8211;<strong>1842<\/strong>: \u00abSur dix causes qui se pr\u00e9sentent devant le magistrat irr\u00e9prochable, (&#8230;.) il y en a toujours huit o\u00f9 les lorettes sont <strong>d\u00e9fenderesses<\/strong>.\u00bb<\/span><\/div>\n<div class=\"corpsTexte\" style=\"text-align: justify;\"><span style=\"font-size: 12pt;\">Alexandre Dumas,<em>Filles, lorettes et courtisanes<\/em>, Paris, \u00e9d. de Paris, 2009, p. 69.<\/span><\/div>\n<div class=\"corpsTexte\" style=\"text-align: justify;\"><span style=\"font-size: 12pt;\"><span style=\"font-size: 12pt;\"><br \/>\n &#8211; <strong>2006 <\/strong>: \u00abPlusieurs articles dans la presse \u00e0 l&#8217;occasion de la fin du mandat de Claire Brisset, &#8220;d\u00e9fenseure&#8221; des enfants, qui a depuis six ans install\u00e9 cette fonction dans notre paysage et fait entendre une voix bien n\u00e9cessaire. Cela dit, c&#8217;est aussi l&#8217;occasion d&#8217;affirmer bien haut: &#8220;Oui \u00e0 la f\u00e9minisation des noms de m\u00e9tiers et de fonctions, non aux barbarismes!&#8221; Le f\u00e9minin naturel de d\u00e9fenseur est&#8230; <strong>d\u00e9fenseuse<\/strong> (comme en ski on dit une descendeuse\/un descendeur), point n&#8217;est besoin d&#8217;inventer autre chose. Le (ou la) f\u00e9ministe qui est aussi d\u00e9fenseur (ou seuse) d&#8217;une langue fran\u00e7aise qui \u00e9volue sans se d\u00e9naturer applaudit l&#8217;\u00e9crivaine, mais hurle d&#8217;ffroi devant la procureure, la professeure, la d\u00e9fenseure&#8230; La procureuse existe depuis des si\u00e8cles (n&#8217;est-ce pas Porthos&#8217;), et si c&#8217;\u00e9tait \u00e0 l&#8217;origine la femme du procureur, c&#8217;\u00e9tait \u00e9galement le cas pour la g\u00e9n\u00e9rale, la pr\u00e9f\u00e8te, voire la pharmacienne. Notre langue est pleine de ressources, utilisons-les pour traduire l&#8217;\u00e9volution de la soci\u00e9t\u00e9, sans lui faire subir d&#8217;outrages inutiles\u00bb.<br \/>\n Philippe Renard, \u00abCa va mieux en le disant\u00bb, <em>T\u00e9l\u00e9rama<\/em>, n\u00b02939, 10 mai.<\/span><\/span><\/p>\n<hr \/>\n<\/div>\n<ul>\n<li><span style=\"font-size: 12pt;\">\u00a0<a name=\"Demanderesse\"><\/a><strong>Demanderesse<\/strong><\/span><\/li>\n<\/ul>\n<div class=\"corpsTexte\" style=\"text-align: justify;\"><span style=\"font-size: 12pt;\"> &#8211;<b>vers 1460 <\/b>:\u00ab<strong><span style=\"font-size: 12pt;\">D<\/span>emanderesse<\/strong> (adjectif ou substantif) : qui intente une action en justice pour r\u00e9clamer ses droits ; voir l\u2019antonyme &#8220;deffenderesse&#8221;.\u00bb<\/span><\/div>\n<div class=\"corpsTexte\" style=\"text-align: justify;\"><span style=\"font-size: 12pt;\"><span style=\"font-size: 12pt;\">Dans l\u2019arrr\u00eat III et ensuite dans de nombreux arr\u00eats de l&#8217;ouvrage de Martial d&#8217;Auvergne,<em> Les Cinquante et ung arrest damours,<\/em> Paris, ca 1500 ; le texte est \u00e9crit ca 1460 et publi\u00e9 de mani\u00e8re tr\u00e8s fr\u00e9quente tout au long du XVIe si\u00e8cle.<\/span><\/span><\/p>\n<hr \/>\n<\/div>\n<ul>\n<li>\n<div class=\"corpsTexte\" style=\"text-align: justify;\"><span style=\"font-size: 12pt;\"><strong><a name=\"Depositairesse\"><\/a>D\u00e9positairesse<\/strong><\/span><\/div>\n<\/li>\n<\/ul>\n<div class=\"corpsTexte\" style=\"text-align: justify;\"><span style=\"font-size: 12pt;\"><span style=\"font-size: 12pt;\"> &#8211;<strong> 1675-1676<\/strong> : \u00abS&#8217;il faut dire, en parlant d&#8217;une femme, po\u00ebte ou po\u00ebtesse; philosophe ou philosophesse; propri\u00e9taire, ou propri\u00e9tairesse; d\u00e9positaire, ou d\u00e9positairesse: <em>(&#8230;)<\/em> Il faut dire au f\u00e9minin, propri\u00e9taire et d\u00e9positaire, et non pas propri\u00e9tairesse et <strong>d\u00e9positairesse<\/strong>.\u00bb<br \/>\n Gilles M\u00e9nage, <em>Observations sur la langue fran\u00e7aise (1675-1676)<\/em>, Slatkine reprints, gen\u00e8ve, 1972, t.II, chap. LXXXXVI, p.419-420.<\/span><\/span><\/p>\n<hr \/>\n<\/div>\n<ul>\n<li>\n<div class=\"corpsTexte\" style=\"text-align: justify;\"><span style=\"font-size: 12pt;\"><strong><a name=\"Deputee\"><\/a>D\u00e9put\u00e9e<\/strong><\/span><\/div>\n<\/li>\n<\/ul>\n<div class=\"corpsTexte\" style=\"text-align: justify;\"><span style=\"font-size: 12pt;\"> &#8211; <strong>1722 <\/strong>:\u00abApr\u00e8s cette \u00e9lection, il faudra proc\u00e9der \u00e0 celle de la M\u00e8re<strong>D\u00e9put\u00e9e<\/strong>, en la m\u00eame forme (&#8230;) il faudra que pendant que les autres \u00e9crivent, une M\u00e8re, nomm\u00e9e par les malades, aille avec la\u00a0<strong>D\u00e9put\u00e9e\u00a0<\/strong>prendre les billets\u00bb.<br \/>\nJeanne de Lestonac,<em> R\u00e8gles et constitutions des religieuses de Nostre-Dame<\/em>, Bordeaux, chez J. de la Court.<br \/>\n<\/span><\/div>\n<div class=\"corpsTexte\" style=\"text-align: justify;\"><span style=\"font-size: 12pt;\"><br \/>\n &#8211;<strong>1794 :<\/strong>\u00ab Elle se regardait comme leur M\u00e8re, comme la <strong>D\u00e9put\u00e9e <\/strong>de la province, pour avoir soin de ses Enfans, dans le gouffre de vices et de fange, qu&#8217;on avait si bien nomm\u00e9 Lut\u00e8ce\u00bb.<\/span><\/div>\n<div class=\"corpsTexte\" style=\"text-align: justify;\"><span style=\"font-size: 12pt;\"><span style=\"font-size: 12pt;\">Restif de La Bretonne, <em>Les Provinciales ou Histoires des filles et des femmes de province de France<\/em>, Paris, J.B. Garnery.<\/span><\/span><\/p>\n<hr \/>\n<\/div>\n<ul>\n<li>\n<div class=\"corpsTexte\" style=\"text-align: justify;\"><span style=\"font-size: 12pt;\"><strong><a name=\"Devideresse\"><\/a>D\u00e9viderresse<\/strong><\/span><\/div>\n<\/li>\n<\/ul>\n<p><span style=\"font-size: 12pt;\"> &#8211; <strong>1660 <\/strong>: <em>Archives de l&#8217;H\u00f4tel-Dieu de Lyon<\/em>, F 54, registre d&#8217;entr\u00e9es des malades civils, d\u00e9cembre 1660, entr\u00e9e de Marie Ravinat, 25 ans, servante de <strong>d\u00e9viderresse<\/strong><strong>.<\/strong><\/span><\/p>\n<hr \/>\n<p>&nbsp;<\/p>\n<ul>\n<li>\n<div class=\"corpsTexte\" style=\"text-align: justify;\"><span style=\"font-size: 12pt;\"><strong><a name=\"Devineresse\"><\/a>Devineresse, Devineuse<\/strong><\/span><\/div>\n<\/li>\n<\/ul>\n<p><span style=\"font-size: 12pt;\"> &#8211;<strong> 17e si\u00e8cle <\/strong>: <\/span><\/p>\n<div class=\"corpsTexte\" style=\"text-align: justify;\"><span style=\"font-size: 12pt;\">\u00abPerdait-on un chiffon, avait-on un amant,<br \/>\n Un mari vivant trop au gr\u00e9 de son \u00e9pouse,<br \/>\n Une m\u00e8re f\u00e2cheuse, une femme jalouse,<br \/>\n Chez la <strong>devineuse <\/strong>on courait<br \/>\n Pour se faire annoncer ce que l&#8217;on d\u00e9sirait <br \/>\n La Fontaine, <em>Fables<\/em>, \u00abLa <strong>Devineresse<\/strong>\u00bb.<\/span><\/div>\n<div class=\"corpsTexte\" style=\"text-align: justify;\"><span style=\"font-size: 12pt;\"><br \/>\n &#8211; <strong>1852-56 :<\/strong> \u00abEn 1801, c&#8217;est-\u00e0-dire \u00e0 l&#8217;\u00e2ge de treize ans, Byron suivit sa m\u00e8re \u00e0 Cheltenham. <em>(&#8230;)<\/em> Dans une course que Byron faisait avec sa m\u00e8re, on parla \u00e0 celle-ci d&#8217;une sorci\u00e8re fort renomm\u00e9e parmi les gens du pays. Alors, l&#8217;envie prit \u00e0 lady Byron de la consulter ; elle fit cacher le jeune homme, et se pr\u00e9senta \u00e0 la <strong>devineresse <\/strong>comme fille, et non comme femme.\u00bb<\/span><\/div>\n<div class=\"corpsTexte\" style=\"text-align: justify;\"><span style=\"font-size: 12pt;\"><span style=\"font-size: 12pt;\">Alexandre Dumas, <em>Mes M\u00e9moires<\/em>, t. 1, Paris, \u00e9d. Claude Scopp, Robert Laffon, 1989, p. 711<strong style=\"font-size: small;\">.<\/strong><\/span><\/span><\/p>\n<hr \/>\n<\/div>\n<ul>\n<li class=\"listeNoire\"><span style=\"font-size: 12pt;\"><a name=\"distillatrice\"><\/a><strong style=\"text-align: justify;\">Distillatrice<\/strong><\/span><\/li>\n<\/ul>\n<p><span style=\"font-size: 12pt;\">&#8211;\u00a0<strong>1836<\/strong>:\u00abEnfin mademoiselle sacrifia trois bouteilles des fameuses liqueurs de madame Amphoux, la plus illustre des <strong>distillatrices <\/strong>d\u2019outre-mer, nom cher aux amateurs.<\/span><span style=\"font-size: 12pt;\">\u00bb<\/span><\/p>\n<div class=\"corpsTexte\" style=\"text-align: justify;\">Balzac, <em>La Com\u00e9die Humaine, Paris<\/em>, Gallimard, La Pleiade, t. IV, <em>La Vieille Fille<\/em>, p.897.<\/p>\n<hr \/>\n<\/div>\n<ul>\n<li>\n<div class=\"corpsTexte\" style=\"text-align: justify;\"><span style=\"font-size: 12pt;\"><strong><a name=\"Docteuse\"><\/a><a name=\"docteuse\"><\/a>Docteuse, Doctoresse, Doctrice<\/strong><\/span><\/div>\n<\/li>\n<\/ul>\n<p><span style=\"font-size: 12pt;\"> &#8211; <strong>1698<\/strong>: &#8220;Nous avons fait une grande perte en la Personne de l&#8217;Illustre Piscopia Cornaro, dont vous connoissi\u00e9s parfaitement le M\u00e9rite, la Fameuse Acad\u00e9mie des <em>Ricovrati<\/em> dont elle \u00e9toit, (&#8230;) s&#8217;assembla extraordinairement, pour c\u00e9l\u00e9brer la M\u00e9moire de cette Admirable Fille. Mon Pere, pour lors Prince de cette Docte Compagnie, fit l&#8217;Eloge Fun\u00e9bre de cette digne <b>Doctoresse<\/b>.&#8221;<br \/>\n&#8220;Lettre de Mademoiselle Patin, de l&#8217;Acad\u00e9mie des Ricovrati, \u00e0 Monsieur de Vertron&#8221;, <em>La Nouvelle Pandore ou Les Femmes illustres du siecle de Louis le Grand<\/em>, Paris, Vve C. Mazuel, 1698, t. I, p. 398.<\/p>\n<p><span style=\"font-size: 12pt;\"> &#8211; <strong>1781<\/strong>:<br \/>\n \u00abAujourd\u2019hui les femmes mari\u00e9es portent le nom de leurs maris <em>(\u2026)<\/em>. La femme suit la condition de son mari, tant pour la qualit\u00e9 que pour le rang et les honneurs et privil\u00e8ges ; c\u2019est ce que la loi 21 au code de donat. inter vir. et ux. exprime par ces mots : uxor radiis maritalibus coruscat <em>(Pandectes de Justinien, VIe s.)<\/em>. Celle qui \u00e9tant roturi\u00e8re \u00e9pouse un noble, participe au titre et aux privil\u00e8ges de noblesse <em>(\u2026)<\/em>. Les titres de dignit\u00e9 du mari se communiquent \u00e0 la femme : on appelle duchesse, marquise, comtesse, la femme d\u2019un duc, d\u2019un marquis, d\u2019un comte. Cependant, on ne saurait approuver la communication \u00e0 la femme des titres du mari qui sont attach\u00e9s \u00e0 une qualit\u00e9 acquise par le travail du mari, et qui manque enti\u00e8rement \u00e0 la femme ; ainsi, rien de plus singulier que d\u2019entendre nommer madame la chanceli\u00e8re, madame la mar\u00e9chale, madame la juge, madame la professeuse, madame la <strong>docteuse<\/strong>. Un mari peut bien faire en sorte que sa femme participe au titre de comtesse, de princesse, de reine, etc. mais il ne la fera jamais ni mar\u00e9chale, ni chanceli\u00e8re, ni juge, ni professeuse, ni <strong>docteuse<\/strong>, etc.\u00bb\u00bb<br \/>\n<\/span><em>Dictionnaire universel des sciences morales, \u00e9conomique, politique et diplomatique, ou Biblioth\u00e8que de l\u2019homme d\u2019\u00c9tat et du citoyen, mis en ordre et publi\u00e9 par M. Robinet, censeur royal,<\/em>Londres, libraires associ\u00e9s, p.22-23.<\/p>\n<p><span style=\"font-size: 12pt;\">&#8211; <strong>1815<\/strong>: \u00abC&#8217;est l\u00e0 <em>(\u00e0 l&#8217;Institut de Bologne)<\/em> que Marie Dalle Donne fut proclam\u00e9e, en 1800, <strong>doctrice <\/strong>en philosophie et en m\u00e9decine, apr\u00e8s avoir soutenu de la mani\u00e8re la plus distingu\u00e9e une th\u00e8se latine d&#8217;anatomie et de physiologie.\u00bb<br \/>\n <em>Mercure de France<\/em>, f\u00e9vrier 1815, p.277.<\/span><\/p>\n<hr \/>\n<p>&nbsp;<\/p>\n<ul>\n<li>\n<div class=\"corpsTexte\" style=\"text-align: justify;\"><span style=\"font-size: 12pt;\"><strong><a name=\"Doyenne\"><\/a>Doyenne<\/strong><\/span><\/div>\n<\/li>\n<\/ul>\n<div class=\"corpsTexte\" style=\"text-align: justify;\"><span style=\"font-size: 12pt;\"> &#8211; <strong>1724 <\/strong>: Pr\u00e9cis du procez d&#8217;entre les dames abbesse, <strong>doyenne<\/strong>, chanoinesses et chapitre de l&#8217;insigne \u00e9glise coll\u00e9giale et s\u00e9culi\u00e8re de Saint-Pierre de Remiremont&#8230; ; contre les maire habitans et communautez de de Cr\u00e9vy, Sommervill\u00e9 et Flainval, comme prenans le fait et cause en d\u00e9fense de leurs cohabitans&#8230;, monsieur F\u00e9riet, conseiller d&#8217;Etat et en la Cour, la dame marquise de Bassompierre, et le sieur Malclerc&#8230;, en qualit\u00e9 de seigneurs vo\u00fcez esdits lieux&#8230;<br \/>\n S. l., J.-B. Cusson.<\/span><\/div>\n<div class=\"corpsTexte\" style=\"text-align: justify;\"><span style=\"font-size: 12pt;\">&#8211; <strong>1725 <\/strong>: Supplique des doyens, \u00e9chevins, promoteurs, et cur\u00e9s des doyenn\u00e9s de Remiremont, Jorcey, Poursas, Ch\u00e2tenoy, Saint-Oint, Vitel et Epinal&#8230; ; contre les dames abbesse, <strong>doyenne<\/strong>, chanoinesses et chapitre de l&#8217;insigne \u00e9glise coll\u00e9giale s\u00e9culi\u00e8re de Saint-Pierre de Remiremont&#8230;<br \/>\n Nancy, P. Antoine.<br \/>\n <\/span><\/div>\n<p><span style=\"font-size: 12pt;\">\u00a0<\/span><\/p>\n","protected":false},"excerpt":{"rendered":"<p>Damoisel &#8211; 1872 : \u00abRobert le damoisel et son fr\u00e8re de lait Hubert n&#8217;avaient pas encore dix ans&#8221;. Louise Michel, &#8220;Les Serments, l\u00e9gendes f\u00e9dodales&#8221;,\u00a0Livre du Jour de l&#8217;an. &nbsp; Danseresse &#8211; 1579 : \u00ab\u00e0 l\u2019app\u00e9tit d\u2019une danseresse, il [le proph\u00e8te Jean-Baptiste] envoye le bourreau et le tue.\u00bb Lambert Daneau, Trait\u00e9 des danses auquel est amplement [&hellip;]<\/p>\n","protected":false},"author":4,"featured_media":0,"parent":2804,"menu_order":0,"comment_status":"closed","ping_status":"closed","template":"","meta":{"_acf_changed":false,"footnotes":""},"class_list":["post-2807","page","type-page","status-publish","hentry"],"translation":{"provider":"WPGlobus","version":"3.0.0","language":"gb","enabled_languages":["fr","gb"],"languages":{"fr":{"title":true,"content":true,"excerpt":false},"gb":{"title":false,"content":false,"excerpt":false}}},"acf":[],"_links":{"self":[{"href":"https:\/\/siefar.org\/gb\/wp-json\/wp\/v2\/pages\/2807","targetHints":{"allow":["GET"]}}],"collection":[{"href":"https:\/\/siefar.org\/gb\/wp-json\/wp\/v2\/pages"}],"about":[{"href":"https:\/\/siefar.org\/gb\/wp-json\/wp\/v2\/types\/page"}],"author":[{"embeddable":true,"href":"https:\/\/siefar.org\/gb\/wp-json\/wp\/v2\/users\/4"}],"replies":[{"embeddable":true,"href":"https:\/\/siefar.org\/gb\/wp-json\/wp\/v2\/comments?post=2807"}],"version-history":[{"count":0,"href":"https:\/\/siefar.org\/gb\/wp-json\/wp\/v2\/pages\/2807\/revisions"}],"up":[{"embeddable":true,"href":"https:\/\/siefar.org\/gb\/wp-json\/wp\/v2\/pages\/2804"}],"wp:attachment":[{"href":"https:\/\/siefar.org\/gb\/wp-json\/wp\/v2\/media?parent=2807"}],"curies":[{"name":"wp","href":"https:\/\/api.w.org\/{rel}","templated":true}]}}