{"id":2805,"date":"2009-05-17T17:28:31","date_gmt":"2009-05-17T17:28:31","guid":{"rendered":"http:\/\/106"},"modified":"2009-05-17T17:28:31","modified_gmt":"2009-05-17T17:28:31","slug":"les-mots-de-a-a-z-lettre-b","status":"publish","type":"page","link":"https:\/\/siefar.org\/gb\/la-guerre-des-mots-dictionnaire\/les-mots-de-a-a-z-lettre-b\/","title":{"rendered":"Les mots de A \u00e0 Z &#8211; lettre B"},"content":{"rendered":"<ul>\n<li>\n<div class=\"corpsTexte\" style=\"text-align: justify;\"><span style=\"font-size: small;\"><strong><span style=\"font-size: 12pt;\">Baillive, Baillifve<\/span><\/strong><\/span><\/div>\n<\/li>\n<\/ul>\n<div class=\"corpsTexte\" style=\"text-align: justify;\"><span style=\"font-size: 12pt;\"><span style=\"font-size: 12pt;\">&#8211; <strong>1541<\/strong> :\u00a0\u00ab <strong>baillifve<\/strong> de Caen.\u00bb<\/span><\/span><\/div>\n<div class=\"corpsTexte\" style=\"text-align: justify;\"><span style=\"font-size: 12pt;\"><span style=\"font-size: 12pt;\">Marguerite d&#8217;Angoul\u00eame, Lettre \u00e0 M. d&#8217;Izernay, de N\u00e9rac, 20 d\u00e9cembre 1541, in Lettres de Marguerite d&#8217;Angoul\u00eame par F. G\u00e9nin, Paris, \u00e9d. Jules Renouard et cie, 1842, p. 378.<\/span><\/span><\/div>\n<div class=\"corpsTexte\" style=\"text-align: justify;\"><span style=\"font-size: 12pt;\"><span style=\"font-size: 12pt;\"><strong>&#8211; 1763-1776\u00a0<\/strong>: \u00abLa <strong>baillive<\/strong> de Caen \u00e9toit Aim\u00e9e de La Fayette, qui avoit \u00e9pous\u00e9 Fran\u00e7ois de Silly, seigneur de Lonray et de Fay, gentilhomme de la chambre du roi Fran\u00e7ois I. [&#8230;] La baillive de Caen accompagna Marguerite de Valois, duchesse d&#8217;Alen\u00e7on, en Espagne. Elle y agit si utilement pour les int\u00e9r\u00eats du roi prisonnier, que ce roi lui donna la baronnie de l&#8217;Aigle.\u00bb<\/span><\/span><\/p>\n<div class=\"corpsTexte\" style=\"text-align: justify;\">Jean-Fran\u00e7ois Dreux du Radier, <em>M\u00e9moires historiques des reines et r\u00e9gentes de France<\/em> [\u00e9d. 1808], tome 4, p. 140, \u00e0 propos de la comtesse de Ch\u00e2teaubriant, note 1.<\/div>\n<\/div>\n<div class=\"corpsTexte\" style=\"text-align: justify;\">\u00a0<\/div>\n<div class=\"corpsTexte\" style=\"text-align: justify;\">\n<hr \/>\n<\/div>\n<ul>\n<li>\n<div class=\"corpsTexte\" style=\"text-align: justify;\"><span style=\"font-size: small;\"><strong><a name=\"Barbiere\"><\/a><span style=\"font-size: 12pt;\">Barbi\u00e8re<\/span><\/strong><\/span><\/div>\n<\/li>\n<\/ul>\n<div class=\"corpsTexte\" style=\"text-align: justify;\"><span style=\"font-size: 12pt;\"> &#8211; <strong>1640 <\/strong>: \u00abSont f\u00e9minins les noms d&#8217;office et de condition appartenantes aux femmes : Reyne, Comtesse, Duchesse, Abbesse, Nonne, Conseill\u00e8re,\u00a0<strong>Barbi\u00e8re<\/strong>\u00bb<\/span><\/p>\n<div class=\"corpsTexte\" style=\"text-align: justify;\"><span style=\"font-size: 12pt;\">Antoine Oudin, \u00abDu genre des noms substantifs\u00bb,<i>Grammaire fran\u00e7aise rapport\u00e9e au langage du temps,\u00a0<\/i>Paris, 1640, p.64.<\/span><\/div>\n<\/div>\n<div class=\"corpsTexte\" style=\"text-align: justify;\">\u00a0<\/div>\n<div class=\"corpsTexte\" style=\"text-align: justify;\">\n<hr \/>\n<\/div>\n<div class=\"corpsTexte\" style=\"text-align: justify;\">\n<ul>\n<li>\n<div class=\"corpsTexte\" style=\"text-align: justify;\"><span style=\"font-size: 12pt;\"><strong>Batailleresse<\/strong><\/span><\/div>\n<\/li>\n<\/ul>\n<p><span style=\"font-size: 12pt;\"> &#8211; <strong>1402-1403 <\/strong>: \u00abCy apres sensuit lystoire de Orichie et Anthiope, des femmes <strong>batailleresses <\/strong>la XXe rubr<em>(ique)<\/em>\u00bb<\/span><\/p>\n<div class=\"corpsTexte\" style=\"text-align: justify;\"><span style=\"font-size: 12pt;\">Boccace, <em>Des Cleres et nobles femmes <\/em>(trad. du <em>De claris mulieribus<\/em>), BnF Ms fr. 598.<\/span><\/div>\n<div class=\"corpsTexte\" style=\"text-align: justify;\"><span style=\"font-size: 12pt;\">\u00a0<\/span><\/div>\n<div class=\"corpsTexte\" style=\"text-align: justify;\">\n<hr \/>\n<\/div>\n<ul>\n<li>\n<div class=\"corpsTexte\" style=\"text-align: justify;\"><span style=\"font-size: 12pt;\"><strong>Broderesse<\/strong><\/span><\/div>\n<\/li>\n<\/ul>\n<div class=\"corpsTexte\" style=\"text-align: justify;\"><span style=\"font-size: 12pt;\"> &#8211; <strong>d\u00e9b. du XIVe<\/strong> : \u00abEn ville, les femmes exercent quantiti\u00e9 de m\u00e9tiers : un recensement fait au d\u00e9but du XIVe si\u00e8cle en d\u00e9nombre 125 ! <strong>Broderesses<\/strong>, chasubli\u00e8res, ferronnes, ma\u00e7onnes, charreti\u00e8res, hongresses, lavandi\u00e8res de t\u00eate\u00bb<br \/> Jean Rabaut, <em>Histoire des f\u00e9minismes fran\u00e7ais<\/em>, Paris, Stock, 1978, p.18.<br \/> &#8211; <strong>vers 1540 <\/strong>: \u00abRen\u00e9e Serpe et Jehanne Chaudi\u00e8re, <strong>broderesses <\/strong>de Paris, envoient \u00e0 la reine deux pi\u00e8ces de broderies, dont l&#8217;une repr\u00e9sentoit les Enfants dans la fournaise, l&#8217;autre le Jugement de Daniel\u00bb<br \/> <em>Registre de Jehan de Frott\u00e9<\/em>, cit\u00e9 in H. de La Ferri\u00e8re-Percy, M<em>arguerite d&#8217;Angoul\u00eame, son livre de d\u00e9penses (1540-1549), \u00e9tude sur ses derni\u00e8res ann\u00e9es<\/em>, Paris, Auguste Aubry, 1862, p.61.<br \/> <\/span><\/div>\n<\/div>\n","protected":false},"excerpt":{"rendered":"<p>Baillive, Baillifve &#8211; 1541 :\u00a0\u00ab baillifve de Caen.\u00bb Marguerite d&#8217;Angoul\u00eame, Lettre \u00e0 M. d&#8217;Izernay, de N\u00e9rac, 20 d\u00e9cembre 1541, in Lettres de Marguerite d&#8217;Angoul\u00eame par F. G\u00e9nin, Paris, \u00e9d. Jules Renouard et cie, 1842, p. 378. &#8211; 1763-1776\u00a0: \u00abLa baillive de Caen \u00e9toit Aim\u00e9e de La Fayette, qui avoit \u00e9pous\u00e9 Fran\u00e7ois de Silly, seigneur de [&hellip;]<\/p>\n","protected":false},"author":4,"featured_media":0,"parent":2804,"menu_order":0,"comment_status":"closed","ping_status":"closed","template":"","meta":{"_acf_changed":false,"footnotes":""},"class_list":["post-2805","page","type-page","status-publish","hentry"],"translation":{"provider":"WPGlobus","version":"3.0.0","language":"gb","enabled_languages":["fr","gb"],"languages":{"fr":{"title":true,"content":true,"excerpt":false},"gb":{"title":false,"content":false,"excerpt":false}}},"acf":[],"_links":{"self":[{"href":"https:\/\/siefar.org\/gb\/wp-json\/wp\/v2\/pages\/2805","targetHints":{"allow":["GET"]}}],"collection":[{"href":"https:\/\/siefar.org\/gb\/wp-json\/wp\/v2\/pages"}],"about":[{"href":"https:\/\/siefar.org\/gb\/wp-json\/wp\/v2\/types\/page"}],"author":[{"embeddable":true,"href":"https:\/\/siefar.org\/gb\/wp-json\/wp\/v2\/users\/4"}],"replies":[{"embeddable":true,"href":"https:\/\/siefar.org\/gb\/wp-json\/wp\/v2\/comments?post=2805"}],"version-history":[{"count":0,"href":"https:\/\/siefar.org\/gb\/wp-json\/wp\/v2\/pages\/2805\/revisions"}],"up":[{"embeddable":true,"href":"https:\/\/siefar.org\/gb\/wp-json\/wp\/v2\/pages\/2804"}],"wp:attachment":[{"href":"https:\/\/siefar.org\/gb\/wp-json\/wp\/v2\/media?parent=2805"}],"curies":[{"name":"wp","href":"https:\/\/api.w.org\/{rel}","templated":true}]}}