{"id":2802,"date":"2009-05-02T07:39:00","date_gmt":"2009-05-02T07:39:00","guid":{"rendered":"http:\/\/100"},"modified":"2025-11-15T22:43:54","modified_gmt":"2025-11-15T21:43:54","slug":"presentation","status":"publish","type":"page","link":"https:\/\/siefar.org\/gb\/annuaire-des-specialistes-du-domaine\/presentation\/","title":{"rendered":"Pr\u00e9sentation"},"content":{"rendered":"<div class=\"corpsTexte\" style=\"text-align: justify;\">L&#8217;Annuaire permet d&#8217;identifier les personnes qui travaillent ou ont travaill\u00e9 sur une\/des\/les femmes de l&#8217;Ancien R\u00e9gime, et de conna\u00eetre les recherches qu&#8217;elles ont r\u00e9alis\u00e9es.<\/div>\n<div class=\"corpsTexte\" style=\"text-align: justify;\"><\/div>\n<div class=\"corpsTexte\" style=\"text-align: justify;\">Il est class\u00e9 par ordre alphab\u00e9tique d&#8217;expert-e, puis par type de publications, celles-ci \u00e9tant class\u00e9es par ordre chronologique d\u00e9croissant.<\/div>\n<div class=\"corpsTexte\" style=\"text-align: justify;\"><\/div>\n<div class=\"corpsTexte\" style=\"text-align: justify;\">Les titres soulign\u00e9s signalent la pr\u00e9sence d&#8217;un lien ouvrant sur un r\u00e9sum\u00e9 d&#8217;un ouvrage r\u00e9dig\u00e9 ou dirig\u00e9 par un-e adh\u00e9rent-e de la SIEFAR.<\/div>\n<div class=\"corpsTexte\" style=\"text-align: justify;\"><\/div>\n<div class=\"corpsTexte\" style=\"text-align: justify;\">Il peut \u00eatre consult\u00e9 dans son <a href=\"http:\/\/siefar.org\/wp-content\/uploads\/2020\/08\/RepertoireSIEFAR_2020-08.pdf\" target=\"_blank\" rel=\"noopener noreferrer\">int\u00e9gralit\u00e9 <\/a>(version mise \u00e0 jour en ao\u00fbt 2020) ou par <a href=\"http:\/\/siefar.org\/annuaire-des-specialistes-du-domaine\/specialistes-du-domaine\/\" target=\"_blank\" rel=\"noopener noreferrer\">fiche d&#8217;autrice et d&#8217;auteur<\/a>.<\/div>\n<div class=\"corpsTexte\" style=\"text-align: justify;\"><\/div>\n<div class=\"corpsTexte\" style=\"text-align: justify;\"><b>L&#8217;Annuaire est propri\u00e9t\u00e9 de la SIEFAR. Il ne peut \u00eatre reproduit ni en totalit\u00e9 ni en partie.<\/b><\/div>\n","protected":false},"excerpt":{"rendered":"<p>L&#8217;Annuaire permet d&#8217;identifier les personnes qui travaillent ou ont travaill\u00e9 sur une\/des\/les femmes de l&#8217;Ancien R\u00e9gime, et de conna\u00eetre les recherches qu&#8217;elles ont r\u00e9alis\u00e9es. Il est class\u00e9 par ordre alphab\u00e9tique d&#8217;expert-e, puis par type de publications, celles-ci \u00e9tant class\u00e9es par ordre chronologique d\u00e9croissant. Les titres soulign\u00e9s signalent la pr\u00e9sence d&#8217;un lien ouvrant sur un r\u00e9sum\u00e9 [&hellip;]<\/p>\n","protected":false},"author":4,"featured_media":0,"parent":2773,"menu_order":0,"comment_status":"closed","ping_status":"closed","template":"","meta":{"_acf_changed":false,"footnotes":""},"class_list":["post-2802","page","type-page","status-publish","hentry"],"translation":{"provider":"WPGlobus","version":"3.0.0","language":"gb","enabled_languages":["fr","gb"],"languages":{"fr":{"title":true,"content":true,"excerpt":false},"gb":{"title":false,"content":false,"excerpt":false}}},"acf":[],"_links":{"self":[{"href":"https:\/\/siefar.org\/gb\/wp-json\/wp\/v2\/pages\/2802","targetHints":{"allow":["GET"]}}],"collection":[{"href":"https:\/\/siefar.org\/gb\/wp-json\/wp\/v2\/pages"}],"about":[{"href":"https:\/\/siefar.org\/gb\/wp-json\/wp\/v2\/types\/page"}],"author":[{"embeddable":true,"href":"https:\/\/siefar.org\/gb\/wp-json\/wp\/v2\/users\/4"}],"replies":[{"embeddable":true,"href":"https:\/\/siefar.org\/gb\/wp-json\/wp\/v2\/comments?post=2802"}],"version-history":[{"count":2,"href":"https:\/\/siefar.org\/gb\/wp-json\/wp\/v2\/pages\/2802\/revisions"}],"predecessor-version":[{"id":15484,"href":"https:\/\/siefar.org\/gb\/wp-json\/wp\/v2\/pages\/2802\/revisions\/15484"}],"up":[{"embeddable":true,"href":"https:\/\/siefar.org\/gb\/wp-json\/wp\/v2\/pages\/2773"}],"wp:attachment":[{"href":"https:\/\/siefar.org\/gb\/wp-json\/wp\/v2\/media?parent=2802"}],"curies":[{"name":"wp","href":"https:\/\/api.w.org\/{rel}","templated":true}]}}