{"id":2798,"date":"2009-02-17T08:14:58","date_gmt":"2009-02-17T08:14:58","guid":{"rendered":"http:\/\/67"},"modified":"2025-09-23T11:06:17","modified_gmt":"2025-09-23T09:06:17","slug":"les-mots-de-a-a-z","status":"publish","type":"page","link":"https:\/\/siefar.org\/gb\/la-guerre-des-mots\/les-mots-de-a-a-z\/","title":{"rendered":"Les mots de A \u00e0 Z"},"content":{"rendered":"<style>\n  .siefar-wrap { max-width: 1100px; margin: 0 auto; padding: 1rem; }\n  .az-nav {\n    display: grid;\n    grid-template-columns: repeat(auto-fit, minmax(36px, 1fr));\n    gap: .5rem;\n    list-style: none;\n    margin: 0 0 1rem;\n    padding: 0;\n  }\n  .az-nav a {\n    display: block;\n    text-align: center;\n    padding: .5rem .25rem;\n    border: 1px solid #ddd;\n    border-radius: 999px;\n    text-decoration: none;\n  }\n  .intro { text-align: center; max-width: 65ch; margin: 0 auto 1.25rem; }\n  .contributors { margin: 1rem 0 1.5rem; }\n  .term-list {\n    columns: 1;\n    column-gap: 2rem;\n    margin: 0;\n    padding: 0;\n    list-style: none;\n  }\n  @media (min-width: 640px){ .term-list{ columns: 2; } }\n  @media (min-width: 1024px){ .term-list{ columns: 3; } }\n  .term-list li { break-inside: avoid; margin: .25rem 0; }\n<\/style>\n<div class=\"siefar-wrap\">\n<p>  <!-- Navigation A-Z --><\/p>\n<nav class=\"recherche-content\">\n<ul class=\"az-nav\">\n<li><a title=\"A\" href=\"https:\/\/siefar.org\/la-guerre-des-mots-dictionnaire\/les-mots-de-a-a-z-lettre-a\/\">A<\/a><\/li>\n<li><a title=\"B\" href=\"https:\/\/siefar.org\/la-guerre-des-mots-dictionnaire\/les-mots-de-a-a-z-lettre-b\/\">B<\/a><\/li>\n<li><a title=\"C\" href=\"https:\/\/siefar.org\/la-guerre-des-mots-dictionnaire\/les-mots-de-a-a-z-lettre-c\/\">C<\/a><\/li>\n<li><a title=\"D\" href=\"https:\/\/siefar.org\/la-guerre-des-mots-dictionnaire\/les-mots-de-a-a-z-lettre-d\/\">D<\/a><\/li>\n<li><a title=\"E\" href=\"https:\/\/siefar.org\/la-guerre-des-mots-dictionnaire\/les-mots-de-a-a-z-lettre-e\/\">E<\/a><\/li>\n<li><a title=\"F\" href=\"https:\/\/siefar.org\/la-guerre-des-mots-dictionnaire\/les-mots-de-a-a-z-lettre-f\/\">F<\/a><\/li>\n<li><a title=\"G\" href=\"https:\/\/siefar.org\/la-guerre-des-mots-dictionnaire\/les-mots-de-a-a-z-lettre-g\/\">G<\/a><\/li>\n<li><a title=\"H\" href=\"https:\/\/siefar.org\/la-guerre-des-mots-dictionnaire\/les-mots-de-a-a-z-lettre-h\/\">H<\/a><\/li>\n<li><a title=\"I\" href=\"https:\/\/siefar.org\/la-guerre-des-mots-dictionnaire\/les-mots-de-a-a-z-lettre-i\/\">I<\/a><\/li>\n<li><a title=\"J\" href=\"https:\/\/siefar.org\/la-guerre-des-mots-dictionnaire\/les-mots-de-a-a-z-lettre-j\/\">J<\/a><\/li>\n<li><a title=\"L\" href=\"https:\/\/siefar.org\/la-guerre-des-mots-dictionnaire\/les-mots-de-a-a-z-lettre-l\/\">L<\/a><\/li>\n<li><a title=\"M\" href=\"https:\/\/siefar.org\/la-guerre-des-mots-dictionnaire\/les-mots-de-a-a-z-lettre-m\/\">M<\/a><\/li>\n<li><a title=\"N\" href=\"https:\/\/siefar.org\/la-guerre-des-mots-dictionnaire\/les-mots-de-a-a-z-lettre-n\/\">N<\/a><\/li>\n<li><a title=\"O\" href=\"https:\/\/siefar.org\/la-guerre-des-mots-dictionnaire\/les-mots-de-a-a-z-lettre-o\/\">O<\/a><\/li>\n<li><a title=\"P\" href=\"https:\/\/siefar.org\/la-guerre-des-mots-dictionnaire\/les-mots-de-a-a-z-lettre-p\/\">P<\/a><\/li>\n<li><a title=\"R\" href=\"https:\/\/siefar.org\/la-guerre-des-mots-dictionnaire\/les-mots-de-a-a-z-lettre-r\/\">R<\/a><\/li>\n<li><a title=\"S\" href=\"https:\/\/siefar.org\/la-guerre-des-mots-dictionnaire\/les-mots-de-a-a-z-lettre-s\/\">S<\/a><\/li>\n<li><a title=\"T\" href=\"https:\/\/siefar.org\/la-guerre-des-mots-dictionnaire\/les-mots-de-a-a-z-lettre-t\/\">T<\/a><\/li>\n<li><a title=\"V\" href=\"https:\/\/siefar.org\/la-guerre-des-mots-dictionnaire\/les-mots-de-a-a-z-lettre-v\/\">V<\/a><\/li>\n<\/ul>\n<\/nav>\n<p>  <!-- Intro --><\/p>\n<p class=\"intro\">\n    Cliquez sur la lettre correspondant \u00e0 l\u2019initiale du nom de m\u00e9tier ou de la fonction d\u00e9clin\u00e9 au f\u00e9minin que vous recherchez, ou bien sur l\u2019un des termes ci-dessous.\n  <\/p>\n<p>  <!-- Contributeurs --><\/p>\n<section class=\"contributors\">\n<p><strong>Contributeurs et contributrices de cette rubrique<\/strong><\/p>\n<p>\n      Laurent Angard, Jean-Fran\u00e7ois Budin, Mich\u00e8le Cl\u00e9ment, Yves Couturier, Dominique Deslandres,<br \/>\n      Nicole Dufournaud, Aurore Evain, Gilles Firmin, Dena Goodman, Marie-Elisabeth Henneau,<br \/>\n      Claude J\u00e4ckl\u00e9-Plunian, Edwige Keller-Rahb\u00e9, Sandrine Lely, Nicole Pellegrin, Brigitte Rochelandet,<br \/>\n      Pierre-Emmanuel Roy, Miriam Speyer, Sylvie Steinberg, Eliane Viennot.\n    <\/p>\n<p>Pour soumettre d\u2019autres contributions : <a href=\"mailto:contact@siefar.org\">contact@siefar.org<\/a><\/p>\n<\/section>\n<p>  <!-- Liste des termes (liens normalis\u00e9s) --><\/p>\n<ul class=\"term-list\">\n    <!-- A --><\/p>\n<li><a href=\"https:\/\/siefar.org\/la-guerre-des-mots-dictionnaire\/les-mots-de-a-a-z-lettre-a\/#Academicienne\">Acad\u00e9micienne<\/a><\/li>\n<li><a href=\"https:\/\/siefar.org\/la-guerre-des-mots-dictionnaire\/les-mots-de-a-a-z-lettre-a\/#Accomodeuse\">Accomodeuse<\/a><\/li>\n<li><a href=\"https:\/\/siefar.org\/la-guerre-des-mots-dictionnaire\/les-mots-de-a-a-z-lettre-a\/#Administraresse\">Administratesse, Administrateure<\/a><\/li>\n<li><a href=\"https:\/\/siefar.org\/la-guerre-des-mots-dictionnaire\/les-mots-de-a-a-z-lettre-a\/#Agente\">Agente<\/a><\/li>\n<li><a href=\"https:\/\/siefar.org\/la-guerre-des-mots-dictionnaire\/les-mots-de-a-a-z-lettre-a\/#Amateuse\">Amateuse, Amatrice<\/a><\/li>\n<li><a href=\"https:\/\/siefar.org\/la-guerre-des-mots-dictionnaire\/les-mots-de-a-a-z-lettre-a\/#Ambassadrice\">Ambassadrice<\/a><\/li>\n<li><a href=\"https:\/\/siefar.org\/la-guerre-des-mots-dictionnaire\/les-mots-de-a-a-z-lettre-a\/#Apotresse\">Ap\u00f4tresse<\/a><\/li>\n<li><a href=\"https:\/\/siefar.org\/la-guerre-des-mots-dictionnaire\/les-mots-de-a-a-z-lettre-a\/#Apprentisse\">Apprentisse<\/a><\/li>\n<li><a href=\"https:\/\/siefar.org\/la-guerre-des-mots-dictionnaire\/les-mots-de-a-a-z-lettre-a\/#Artificiere\">Artifici\u00e8re<\/a><\/li>\n<li><a href=\"https:\/\/siefar.org\/la-guerre-des-mots-dictionnaire\/les-mots-de-a-a-z-lettre-a\/#Assassine\">Assassine<\/a><\/li>\n<li><a href=\"https:\/\/siefar.org\/la-guerre-des-mots-dictionnaire\/les-mots-de-a-a-z-lettre-a\/#assesseuse\">Assesseuse<\/a><\/li>\n<li><a href=\"https:\/\/siefar.org\/la-guerre-des-mots-dictionnaire\/les-mots-de-a-a-z-lettre-a\/#assesseuse\">Athl\u00e9tesse<\/a><\/li>\n<li><a href=\"https:\/\/siefar.org\/la-guerre-des-mots-dictionnaire\/les-mots-de-a-a-z-lettre-a\/#Autrice\">Autrice, Auteure, Authoresse<\/a><\/li>\n<li><a href=\"https:\/\/siefar.org\/la-guerre-des-mots-dictionnaire\/les-mots-de-a-a-z-lettre-a\/#Avant-couriere\">Avant-couri\u00e8re<\/a><\/li>\n<li><a href=\"https:\/\/siefar.org\/la-guerre-des-mots-dictionnaire\/les-mots-de-a-a-z-lettre-a\/#Avocate\">Avocate<\/a><\/li>\n<p>    <!-- B --><\/p>\n<li><a href=\"https:\/\/siefar.org\/la-guerre-des-mots-dictionnaire\/les-mots-de-a-a-z-lettre-b\/\">Baillive, Baillifve<\/a><\/li>\n<li><a href=\"https:\/\/siefar.org\/la-guerre-des-mots-dictionnaire\/les-mots-de-a-a-z-lettre-b\/#Barbiere\">Barbi\u00e8re<\/a><\/li>\n<li><a href=\"https:\/\/siefar.org\/la-guerre-des-mots-dictionnaire\/les-mots-de-a-a-z-lettre-b\/#Batailleresse\">Batailleresse<\/a><\/li>\n<li><a href=\"https:\/\/siefar.org\/la-guerre-des-mots-dictionnaire\/les-mots-de-a-a-z-lettre-b\/#Broderesse\">Broderesse<\/a><\/li>\n<p>    <!-- C --><\/p>\n<li><a href=\"https:\/\/siefar.org\/la-guerre-des-mots-dictionnaire\/les-mots-de-a-a-z-lettre-c\/#Cafetiere\">Cafeti\u00e8re<\/a><\/li>\n<li><a href=\"https:\/\/siefar.org\/la-guerre-des-mots-dictionnaire\/les-mots-de-a-a-z-lettre-c\/#Capitainesse\">Capitainesse<\/a><\/li>\n<li><a href=\"https:\/\/siefar.org\/la-guerre-des-mots-dictionnaire\/les-mots-de-a-a-z-lettre-c\/#caporale\">Caporale<\/a><\/li>\n<li><a href=\"https:\/\/siefar.org\/la-guerre-des-mots-dictionnaire\/les-mots-de-a-a-z-lettre-c\/#Charpentiere\">Chambellane<\/a><\/li>\n<li><a href=\"https:\/\/siefar.org\/la-guerre-des-mots-dictionnaire\/les-mots-de-a-a-z-lettre-c\/#Charpentiere\">Charpenti\u00e8re<\/a><\/li>\n<li><a href=\"https:\/\/siefar.org\/la-guerre-des-mots-dictionnaire\/les-mots-de-a-a-z-lettre-c\/#Charretiere\">Charreti\u00e8re<\/a><\/li>\n<li><a href=\"https:\/\/siefar.org\/la-guerre-des-mots-dictionnaire\/les-mots-de-a-a-z-lettre-c\/#Chasubliere\">Chasubli\u00e8re<\/a><\/li>\n<li><a href=\"https:\/\/siefar.org\/la-guerre-des-mots-dictionnaire\/les-mots-de-a-a-z-lettre-c\/#Chercheuse\">Chercheuse<\/a><\/li>\n<li><a href=\"https:\/\/siefar.org\/la-guerre-des-mots-dictionnaire\/les-mots-de-a-a-z-lettre-c\/#Chevaliere\">Chevaleresse, Chevali\u00e8re<\/a><\/li>\n<li><a href=\"https:\/\/siefar.org\/la-guerre-des-mots-dictionnaire\/les-mots-de-a-a-z-lettre-c\/#Clergesse\">Clergesse<\/a><\/li>\n<li><a href=\"https:\/\/siefar.org\/la-guerre-des-mots-dictionnaire\/les-mots-de-a-a-z-lettre-c\/#Commissaresse\">Commissaresse<\/a><\/li>\n<li><a href=\"https:\/\/siefar.org\/la-guerre-des-mots-dictionnaire\/les-mots-de-a-a-z-lettre-c\/#Conseillere\">Conseill\u00e8re<\/a><\/li>\n<li><a href=\"https:\/\/siefar.org\/la-guerre-des-mots-dictionnaire\/les-mots-de-a-a-z-lettre-c\/#Consulesse\">Consulesse<\/a><\/li>\n<p>    <!-- D --><\/p>\n<li><a href=\"https:\/\/siefar.org\/la-guerre-des-mots-dictionnaire\/les-mots-de-a-a-z-lettre-d\/\">Damoisel<\/a><\/li>\n<li><a href=\"https:\/\/siefar.org\/la-guerre-des-mots-dictionnaire\/les-mots-de-a-a-z-lettre-d\/#Danseresse\">Danseresse<\/a><\/li>\n<li><a href=\"https:\/\/siefar.org\/la-guerre-des-mots-dictionnaire\/les-mots-de-a-a-z-lettre-d\/#Defenseuse\">D\u00e9fenderesse, D\u00e9fenseure, D\u00e9fenseuse<\/a><\/li>\n<li><a href=\"https:\/\/siefar.org\/la-guerre-des-mots-dictionnaire\/les-mots-de-a-a-z-lettre-d\/#Demanderesse\">Demanderesse<\/a><\/li>\n<li><a href=\"https:\/\/siefar.org\/la-guerre-des-mots-dictionnaire\/les-mots-de-a-a-z-lettre-d\/#Depositairesse\">D\u00e9positairesse<\/a><\/li>\n<li><a href=\"https:\/\/siefar.org\/la-guerre-des-mots-dictionnaire\/les-mots-de-a-a-z-lettre-d\/#Deputee\">D\u00e9put\u00e9e<\/a><\/li>\n<li><a href=\"https:\/\/siefar.org\/la-guerre-des-mots-dictionnaire\/les-mots-de-a-a-z-lettre-d\/#Devideresse\">D\u00e9viderresse<\/a><\/li>\n<li><a href=\"https:\/\/siefar.org\/la-guerre-des-mots-dictionnaire\/les-mots-de-a-a-z-lettre-d\/#Devineresse\">Devineresse, Devineuse<\/a><\/li>\n<li><a href=\"https:\/\/siefar.org\/la-guerre-des-mots-dictionnaire\/les-mots-de-a-a-z-lettre-d\/#distillatrice\">Distillatrice<\/a><\/li>\n<li><a href=\"https:\/\/siefar.org\/la-guerre-des-mots-dictionnaire\/les-mots-de-a-a-z-lettre-d\/#Dompteresse\">Dompteresse<\/a><\/li>\n<li><a href=\"https:\/\/siefar.org\/la-guerre-des-mots-dictionnaire\/les-mots-de-a-a-z-lettre-d\/#Docteuse\">Docteuse, Doctrice, Doctoresse<\/a><\/li>\n<li><a href=\"https:\/\/siefar.org\/la-guerre-des-mots-dictionnaire\/les-mots-de-a-a-z-lettre-d\/#Doyenne\">Doyenne<\/a><\/li>\n<p>    <!-- E --><\/p>\n<li><a href=\"https:\/\/siefar.org\/la-guerre-des-mots-dictionnaire\/les-mots-de-a-a-z-lettre-e\/#Ecrivaine\">\u00c9crivaine, Escrivaine<\/a><\/li>\n<li><a href=\"https:\/\/siefar.org\/la-guerre-des-mots-dictionnaire\/les-mots-de-a-a-z-lettre-e\/#Editrice\">\u00c9ditrice<\/a><\/li>\n<li><a href=\"https:\/\/siefar.org\/la-guerre-des-mots-dictionnaire\/les-mots-de-a-a-z-lettre-e\/#Emperiere\">Emperi\u00e8re<\/a><\/li>\n<li><a href=\"https:\/\/siefar.org\/la-guerre-des-mots-dictionnaire\/les-mots-de-a-a-z-lettre-e\/#Empeseuse\">Empeseuse<\/a><\/li>\n<p>    <!-- F --><\/p>\n<li><a href=\"https:\/\/siefar.org\/la-guerre-des-mots-dictionnaire\/les-mots-de-a-a-z-lettre-f\/#Faiseuse\">Faiseuse<\/a><\/li>\n<li><a href=\"https:\/\/siefar.org\/la-guerre-des-mots-dictionnaire\/les-mots-de-a-a-z-lettre-f\/#Farceuse\">Farceuse<\/a><\/li>\n<li><a href=\"https:\/\/siefar.org\/la-guerre-des-mots-dictionnaire\/les-mots-de-a-a-z-lettre-f\/#fautrice\">Fautrice<\/a><\/li>\n<li><a href=\"https:\/\/siefar.org\/la-guerre-des-mots-dictionnaire\/les-mots-de-a-a-z-lettre-f\/#FemmedEtat\">Femme d\u2019\u00c9tat<\/a><\/li>\n<li><a href=\"https:\/\/siefar.org\/la-guerre-des-mots-dictionnaire\/les-mots-de-a-a-z-lettre-f\/#Ferronne\">Ferronne<\/a><\/li>\n<li><a href=\"https:\/\/siefar.org\/la-guerre-des-mots-dictionnaire\/les-mots-de-a-a-z-lettre-f\/#Financiere\">Financi\u00e8re<\/a><\/li>\n<p>    <!-- G --><\/p>\n<li><a href=\"https:\/\/siefar.org\/la-guerre-des-mots-dictionnaire\/les-mots-de-a-a-z-lettre-g\/#Generale\">G\u00e9n\u00e9rale, G\u00e9n\u00e9ralle<\/a><\/li>\n<li><a href=\"https:\/\/siefar.org\/la-guerre-des-mots-dictionnaire\/les-mots-de-a-a-z-lettre-g\/#Gentilfemme\">Gentilfemme, Gentillefemme<\/a><\/li>\n<li><a href=\"https:\/\/siefar.org\/la-guerre-des-mots-dictionnaire\/les-mots-de-a-a-z-lettre-g\/#Gladiatrice\">Gladiatrice<\/a><\/li>\n<li><a href=\"https:\/\/siefar.org\/la-guerre-des-mots-dictionnaire\/les-mots-de-a-a-z-lettre-g\/#Gouverneresse\">Gouverneresse<\/a><\/li>\n<li><a href=\"https:\/\/siefar.org\/la-guerre-des-mots-dictionnaire\/les-mots-de-a-a-z-lettre-g\/#Graveuse\">Graveuse<\/a><\/li>\n<p>    <!-- H --><\/p>\n<li><a href=\"https:\/\/siefar.org\/la-guerre-des-mots-dictionnaire\/les-mots-de-a-a-z-lettre-h\/#Hommesse\">Hommesse<\/a><\/li>\n<li><a href=\"https:\/\/siefar.org\/la-guerre-des-mots-dictionnaire\/les-mots-de-a-a-z-lettre-h\/#Huissiere\">Huissi\u00e8re<\/a><\/li>\n<p>    <!-- I --><\/p>\n<li><a href=\"https:\/\/siefar.org\/la-guerre-des-mots-dictionnaire\/les-mots-de-a-a-z-lettre-i\/#Imprimeuse\">Imprimeuse<\/a><\/li>\n<li><a href=\"https:\/\/siefar.org\/la-guerre-des-mots-dictionnaire\/les-mots-de-a-a-z-lettre-i\/#Inventrice\">Inventrice, Inventeresse<\/a><\/li>\n<p>    <!-- J --><\/p>\n<li><a href=\"https:\/\/siefar.org\/la-guerre-des-mots-dictionnaire\/les-mots-de-a-a-z-lettre-j\/#Jugesse\">Jugesse<\/a><\/li>\n<li><a href=\"https:\/\/siefar.org\/la-guerre-des-mots-dictionnaire\/les-mots-de-a-a-z-lettre-j\/#Juveigneure\">Juveigneure<\/a><\/li>\n<p>    <!-- L --><\/p>\n<li><a href=\"https:\/\/siefar.org\/la-guerre-des-mots-dictionnaire\/les-mots-de-a-a-z-lettre-l\/\">Larronesse<\/a><\/li>\n<li><a href=\"https:\/\/siefar.org\/la-guerre-des-mots-dictionnaire\/les-mots-de-a-a-z-lettre-l\/#Libraresse\">Libraresse<\/a><\/li>\n<li><a href=\"https:\/\/siefar.org\/la-guerre-des-mots-dictionnaire\/les-mots-de-a-a-z-lettre-l\/#Lieutenante\">Lieutenante<\/a><\/li>\n<li><a href=\"https:\/\/siefar.org\/la-guerre-des-mots-dictionnaire\/les-mots-de-a-a-z-lettre-l\/#Litteratrice\">Litt\u00e9ratrice<\/a><\/li>\n<p>    <!-- M --><\/p>\n<li><a href=\"https:\/\/siefar.org\/la-guerre-des-mots-dictionnaire\/les-mots-de-a-a-z-lettre-m\/#Maconne\">Ma\u00e7onne<\/a><\/li>\n<li><a href=\"https:\/\/siefar.org\/la-guerre-des-mots-dictionnaire\/les-mots-de-a-a-z-lettre-m\/#Maitresse\">Ma\u00eetresse<\/a><\/li>\n<li><a href=\"https:\/\/siefar.org\/la-guerre-des-mots-dictionnaire\/les-mots-de-a-a-z-lettre-m\/#Magistrate\">Magistrate<\/a><\/li>\n<li><a href=\"https:\/\/siefar.org\/la-guerre-des-mots-dictionnaire\/les-mots-de-a-a-z-lettre-m\/#Maltotiere\">Maltoti\u00e8re<\/a><\/li>\n<li><a href=\"https:\/\/siefar.org\/la-guerre-des-mots-dictionnaire\/les-mots-de-a-a-z-lettre-m\/#Matrimoine\">Matrimoine<\/a><\/li>\n<li><a href=\"https:\/\/siefar.org\/la-guerre-des-mots-dictionnaire\/les-mots-de-a-a-z-lettre-m\/#Mecenate\">M\u00e9c\u00e9nate<\/a><\/li>\n<li><a href=\"https:\/\/siefar.org\/la-guerre-des-mots-dictionnaire\/les-mots-de-a-a-z-lettre-m\/#Medecine\">M\u00e9decienne, M\u00e9decine, Miresse<\/a><\/li>\n<li><a href=\"https:\/\/siefar.org\/la-guerre-des-mots-dictionnaire\/les-mots-de-a-a-z-lettre-m\/#Menestriere\">Menestri\u00e8re<\/a><\/li>\n<li><a href=\"https:\/\/siefar.org\/la-guerre-des-mots-dictionnaire\/les-mots-de-a-a-z-lettre-m\/#Menuisiere\">Menuisi\u00e8re<\/a><\/li>\n<p>    <!-- N --><\/p>\n<li><a href=\"https:\/\/siefar.org\/la-guerre-des-mots-dictionnaire\/les-mots-de-a-a-z-lettre-n\/#Nomspropres\">NOMS PROPRES<\/a><\/li>\n<li><a href=\"https:\/\/siefar.org\/la-guerre-des-mots-dictionnaire\/les-mots-de-a-a-z-lettre-n\/#Notaire\">Notaire, Notaresse<\/a><\/li>\n<p>    <!-- O --><\/p>\n<li><a href=\"https:\/\/siefar.org\/la-guerre-des-mots-dictionnaire\/les-mots-de-a-a-z-lettre-o\/#Officiere\">Offici\u00e8re<\/a><\/li>\n<li><a href=\"https:\/\/siefar.org\/la-guerre-des-mots-dictionnaire\/les-mots-de-a-a-z-lettre-o\/#orfevresse\">Orfevresse<\/a><\/li>\n<li><a href=\"https:\/\/siefar.org\/la-guerre-des-mots-dictionnaire\/les-mots-de-a-a-z-lettre-o\/#outsideresse\">Outsideresse<\/a><\/li>\n<p>    <!-- P --><\/p>\n<li><a href=\"https:\/\/siefar.org\/la-guerre-des-mots-dictionnaire\/les-mots-de-a-a-z-lettre-p\/#Peintresse\">Peintresse, Paintreresse<\/a><\/li>\n<li><a href=\"https:\/\/siefar.org\/la-guerre-des-mots-dictionnaire\/les-mots-de-a-a-z-lettre-p\/#Philosophe\">Philosophesse, Philosophe<\/a><\/li>\n<li><a href=\"https:\/\/siefar.org\/la-guerre-des-mots-dictionnaire\/les-mots-de-a-a-z-lettre-p\/#Poetesse\">Po\u00e9tesse, Po\u00ebtrice, Po\u00ebtride<\/a><\/li>\n<li><a href=\"https:\/\/siefar.org\/la-guerre-des-mots-dictionnaire\/les-mots-de-a-a-z-lettre-p\/#Possesseure\">Possesseure<\/a><\/li>\n<li><a href=\"https:\/\/siefar.org\/la-guerre-des-mots-dictionnaire\/les-mots-de-a-a-z-lettre-p\/#precedesseresse\">Pr\u00e9c\u00e9desseresse<\/a><\/li>\n<li><a href=\"https:\/\/siefar.org\/la-guerre-des-mots-dictionnaire\/les-mots-de-a-a-z-lettre-p\/#Precheresse\">Pr\u00e9cheresse<\/a><\/li>\n<li><a href=\"https:\/\/siefar.org\/la-guerre-des-mots-dictionnaire\/les-mots-de-a-a-z-lettre-p\/#Prefete\">Pr\u00e9f\u00e8te<\/a><\/li>\n<li><a href=\"https:\/\/siefar.org\/la-guerre-des-mots-dictionnaire\/les-mots-de-a-a-z-lettre-p\/#Procureuse\">Procureuse, Procuratrice, Procuresse<\/a><\/li>\n<li><a href=\"https:\/\/siefar.org\/la-guerre-des-mots-dictionnaire\/les-mots-de-a-a-z-lettre-p\/#Professe\">Professe<\/a><\/li>\n<li><a href=\"https:\/\/siefar.org\/la-guerre-des-mots-dictionnaire\/les-mots-de-a-a-z-lettre-p\/#Professeuse\">Professeuse, Professoresse<\/a><\/li>\n<li><a href=\"https:\/\/siefar.org\/la-guerre-des-mots-dictionnaire\/les-mots-de-a-a-z-lettre-p\/#Proprietairesse\">Propri\u00e9tairesse<\/a><\/li>\n<li><a href=\"https:\/\/siefar.org\/la-guerre-des-mots-dictionnaire\/les-mots-de-a-a-z-lettre-p\/#proviseuse\">Proviseuse<\/a><\/li>\n<p>    <!-- R --><\/p>\n<li><a href=\"https:\/\/siefar.org\/la-guerre-des-mots-dictionnaire\/les-mots-de-a-a-z-lettre-r\/#Revenderesse\">Revenderresse<\/a><\/li>\n<li><a href=\"https:\/\/siefar.org\/la-guerre-des-mots-dictionnaire\/les-mots-de-a-a-z-lettre-r\/#Rhetoricienne\">Rh\u00e9toricienne<\/a><\/li>\n<li><a href=\"https:\/\/siefar.org\/la-guerre-des-mots-dictionnaire\/les-mots-de-a-a-z-lettre-r\/#Rimeuse\">Rimeuse<\/a><\/li>\n<li><a href=\"https:\/\/siefar.org\/la-guerre-des-mots-dictionnaire\/les-mots-de-a-a-z-lettre-r\/#Romanciere\">Romanci\u00e8re<\/a><\/li>\n<p>    <!-- S --><\/p>\n<li><a href=\"https:\/\/siefar.org\/la-guerre-des-mots-dictionnaire\/les-mots-de-a-a-z-lettre-s\/#Sculpteuse\">Sculpteuse<\/a><\/li>\n<li><a href=\"https:\/\/siefar.org\/la-guerre-des-mots-dictionnaire\/les-mots-de-a-a-z-lettre-s\/#Seigneure\">Seigneure, Seigneuresse<\/a><\/li>\n<li><a href=\"https:\/\/siefar.org\/la-guerre-des-mots-dictionnaire\/les-mots-de-a-a-z-lettre-s\/#Serviteure\">Serviteure<\/a><\/li>\n<li><a href=\"https:\/\/siefar.org\/la-guerre-des-mots-dictionnaire\/les-mots-de-a-a-z-lettre-s\/#Souffleuse\">Souffleuse<\/a><\/li>\n<li><a href=\"https:\/\/siefar.org\/la-guerre-des-mots-dictionnaire\/les-mots-de-a-a-z-lettre-s\/#successeresse\">Successeresse<\/a><\/li>\n<p>    <!-- T --><\/p>\n<li><a href=\"https:\/\/siefar.org\/la-guerre-des-mots-dictionnaire\/les-mots-de-a-a-z-lettre-t\/#Tailleuse\">Tailleuse<\/a><\/li>\n<li><a href=\"https:\/\/siefar.org\/la-guerre-des-mots-dictionnaire\/les-mots-de-a-a-z-lettre-t\/#Tireuse\">Tireuse d\u2019or<\/a><\/li>\n<li><a href=\"https:\/\/siefar.org\/la-guerre-des-mots-dictionnaire\/les-mots-de-a-a-z-lettre-t\/#traductrice\">Traductrice<\/a><\/li>\n<li><a href=\"https:\/\/siefar.org\/la-guerre-des-mots-dictionnaire\/les-mots-de-a-a-z-lettre-t\/#Tresoriere\">Tr\u00e9sori\u00e8re, Thr\u00e9sori\u00e8re<\/a><\/li>\n<li><a href=\"https:\/\/siefar.org\/la-guerre-des-mots-dictionnaire\/les-mots-de-a-a-z-lettre-t\/#Tyranne\">Tyranne<\/a><\/li>\n<p>    <!-- V --><\/p>\n<li><a href=\"https:\/\/siefar.org\/la-guerre-des-mots-dictionnaire\/les-mots-de-a-a-z-lettre-v\/#Vainqueure\">Vainqueure, Vainqueresse, Victrice<\/a><\/li>\n<li><a href=\"https:\/\/siefar.org\/la-guerre-des-mots-dictionnaire\/les-mots-de-a-a-z-lettre-v\/#Veterante\">V\u00e9t\u00e9rante<\/a><\/li>\n<\/ul>\n<\/div>\n","protected":false},"excerpt":{"rendered":"<p>A B C D E F G H I J L M N O P R S T V Cliquez sur la lettre correspondant \u00e0 l\u2019initiale du nom de m\u00e9tier ou de la fonction d\u00e9clin\u00e9 au f\u00e9minin que vous recherchez, ou bien sur l\u2019un des termes ci-dessous. Contributeurs et contributrices de cette rubrique Laurent Angard, [&hellip;]<\/p>\n","protected":false},"author":4,"featured_media":0,"parent":2754,"menu_order":0,"comment_status":"closed","ping_status":"closed","template":"","meta":{"_acf_changed":false,"footnotes":""},"class_list":["post-2798","page","type-page","status-publish","hentry"],"translation":{"provider":"WPGlobus","version":"3.0.0","language":"gb","enabled_languages":["fr","gb"],"languages":{"fr":{"title":true,"content":true,"excerpt":false},"gb":{"title":false,"content":false,"excerpt":false}}},"acf":[],"_links":{"self":[{"href":"https:\/\/siefar.org\/gb\/wp-json\/wp\/v2\/pages\/2798","targetHints":{"allow":["GET"]}}],"collection":[{"href":"https:\/\/siefar.org\/gb\/wp-json\/wp\/v2\/pages"}],"about":[{"href":"https:\/\/siefar.org\/gb\/wp-json\/wp\/v2\/types\/page"}],"author":[{"embeddable":true,"href":"https:\/\/siefar.org\/gb\/wp-json\/wp\/v2\/users\/4"}],"replies":[{"embeddable":true,"href":"https:\/\/siefar.org\/gb\/wp-json\/wp\/v2\/comments?post=2798"}],"version-history":[{"count":2,"href":"https:\/\/siefar.org\/gb\/wp-json\/wp\/v2\/pages\/2798\/revisions"}],"predecessor-version":[{"id":15405,"href":"https:\/\/siefar.org\/gb\/wp-json\/wp\/v2\/pages\/2798\/revisions\/15405"}],"up":[{"embeddable":true,"href":"https:\/\/siefar.org\/gb\/wp-json\/wp\/v2\/pages\/2754"}],"wp:attachment":[{"href":"https:\/\/siefar.org\/gb\/wp-json\/wp\/v2\/media?parent=2798"}],"curies":[{"name":"wp","href":"https:\/\/api.w.org\/{rel}","templated":true}]}}