{"id":2796,"date":"2009-01-17T18:38:19","date_gmt":"2009-01-17T18:38:19","guid":{"rendered":"http:\/\/62"},"modified":"2009-01-17T18:38:19","modified_gmt":"2009-01-17T18:38:19","slug":"avantages-membres","status":"publish","type":"page","link":"https:\/\/siefar.org\/gb\/vous-la-siefar\/avantages-membres\/","title":{"rendered":"Les Avantages adh\u00e9rent-e-s"},"content":{"rendered":"<div style=\"text-align: justify;\"><strong>Les plus de l\u2019adh\u00e9sion<\/strong><\/div>\n<div style=\"text-align: justify;\"><\/div>\n<div style=\"text-align: justify;\"><\/div>\n<ul style=\"text-align: justify;\">\n<li>\n<div>Bulletins d\u2019actualit\u00e9s\u00a0mensuels \u00e9lectroniques annon\u00e7ant les colloques, appels \u00e0 contributions, parutions, manifestations culturelles, postes, etc. concernant le domaine &#8220;femmes, genre, rapports de sexe et masculinit\u00e9s sous l&#8217;Ancien R\u00e9gime&#8221;<\/div>\n<\/li>\n<\/ul>\n<div style=\"text-align: justify;\"><\/div>\n<ul style=\"text-align: justify;\">\n<li>\n<div>Possibilit\u00e9 de pr\u00e9senter ses parutions r\u00e9centes (ou sa th\u00e8se) ayant un lien avec le domaine &#8220;femmes Ancien R\u00e9gime&#8221; (ou partiellement) sur le site et dans le r\u00e9seau des adh\u00e9rent-es. Ces r\u00e9sum\u00e9s sont rattach\u00e9s au R\u00e9pertoire.<\/div>\n<\/li>\n<\/ul>\n<div style=\"text-align: justify;\"><\/div>\n<ul style=\"text-align: justify;\">\n<li>\n<div>Avantage Bienfaiteur \/ Bienfaitrice : les parutions r\u00e9centes de nos bienfaiteurs et bienfaitrices sont pr\u00e9sent\u00e9es \u00e0 la Une du site de la SIEFAR, sur la page d\u2019accueil, pendant une dur\u00e9e de 1 mois.<\/div>\n<\/li>\n<\/ul>\n<div style=\"text-align: justify;\"><\/div>\n<ul style=\"text-align: justify;\">\n<li>\n<div>Les \u00e9diteurs partenaires de la SIEFAR ont, comme tout membre de la SIEFAR, la possibilit\u00e9 de pr\u00e9senter leurs ouvrages en lien avec notre domaine de recherche, et de proposer des tarifs pr\u00e9f\u00e9rentiels aux membres de l\u2019association. Les parutions sont pr\u00e9sent\u00e9es \u00e0 la Une du site de la SIEFAR, pendant une dur\u00e9e de 1 mois.<\/div>\n<\/li>\n<\/ul>\n<div style=\"text-align: justify;\"><\/div>\n<div style=\"text-align: justify;\"><\/div>\n<div class=\"corpsTexte\" style=\"text-align: justify;\"><a href=\"http:\/\/siefar.org\/adhesion\/\">Pour adh\u00e9rer \u00e0 la SIEFAR<\/a><span style=\"font-size: small;\"><br \/>\n<\/span><\/div>\n","protected":false},"excerpt":{"rendered":"<p>Les plus de l\u2019adh\u00e9sion Bulletins d\u2019actualit\u00e9s\u00a0mensuels \u00e9lectroniques annon\u00e7ant les colloques, appels \u00e0 contributions, parutions, manifestations culturelles, postes, etc. concernant le domaine &#8220;femmes, genre, rapports de sexe et masculinit\u00e9s sous l&#8217;Ancien R\u00e9gime&#8221; Possibilit\u00e9 de pr\u00e9senter ses parutions r\u00e9centes (ou sa th\u00e8se) ayant un lien avec le domaine &#8220;femmes Ancien R\u00e9gime&#8221; (ou partiellement) sur le site et [&hellip;]<\/p>\n","protected":false},"author":4,"featured_media":0,"parent":2795,"menu_order":0,"comment_status":"closed","ping_status":"closed","template":"","meta":{"_acf_changed":false,"footnotes":""},"class_list":["post-2796","page","type-page","status-publish","hentry"],"translation":{"provider":"WPGlobus","version":"3.0.0","language":"gb","enabled_languages":["fr","gb"],"languages":{"fr":{"title":true,"content":true,"excerpt":false},"gb":{"title":false,"content":false,"excerpt":false}}},"acf":[],"_links":{"self":[{"href":"https:\/\/siefar.org\/gb\/wp-json\/wp\/v2\/pages\/2796","targetHints":{"allow":["GET"]}}],"collection":[{"href":"https:\/\/siefar.org\/gb\/wp-json\/wp\/v2\/pages"}],"about":[{"href":"https:\/\/siefar.org\/gb\/wp-json\/wp\/v2\/types\/page"}],"author":[{"embeddable":true,"href":"https:\/\/siefar.org\/gb\/wp-json\/wp\/v2\/users\/4"}],"replies":[{"embeddable":true,"href":"https:\/\/siefar.org\/gb\/wp-json\/wp\/v2\/comments?post=2796"}],"version-history":[{"count":0,"href":"https:\/\/siefar.org\/gb\/wp-json\/wp\/v2\/pages\/2796\/revisions"}],"up":[{"embeddable":true,"href":"https:\/\/siefar.org\/gb\/wp-json\/wp\/v2\/pages\/2795"}],"wp:attachment":[{"href":"https:\/\/siefar.org\/gb\/wp-json\/wp\/v2\/media?parent=2796"}],"curies":[{"name":"wp","href":"https:\/\/api.w.org\/{rel}","templated":true}]}}