{"id":2790,"date":"2009-01-12T17:19:55","date_gmt":"2009-01-12T17:19:55","guid":{"rendered":"http:\/\/42"},"modified":"2009-01-12T17:19:55","modified_gmt":"2009-01-12T17:19:55","slug":"mentions-legales","status":"publish","type":"page","link":"https:\/\/siefar.org\/gb\/racine-siefar\/mentions-legales\/","title":{"rendered":"Mentions l\u00e9gales"},"content":{"rendered":"<div class=\"corpsTexte\" style=\"text-align: justify;\"><span style=\"font-size: larger;\">Ce site est \u00e9dit\u00e9 par la SIEFAR dont le si\u00e8ge social est fix\u00e9 \u00e0 :<\/span><\/div>\n<div class=\"corpsTexte\" style=\"text-align: justify;\">\u00a0<\/div>\n<div class=\"corpsTexte\" style=\"text-align: justify;\"><span style=\"font-size: small;\">Universit\u00e9 de Columbia<br \/><\/span><\/div>\n<div class=\"corpsTexte\" style=\"text-align: justify;\"><span style=\"font-size: small;\">4 rue de Chevreuse<br \/><\/span><\/div>\n<div class=\"corpsTexte\" style=\"text-align: justify;\"><span style=\"font-size: small;\">75006 Paris<\/span><\/div>\n<div class=\"corpsTexte\" style=\"text-align: justify;\">\u00a0<\/div>\n<div class=\"corpsTexte\" style=\"text-align: justify;\"><span style=\"font-size: small;\">L&#8217;association est d\u00e9clar\u00e9e \u00e0 la Pr\u00e9fecture de police de Paris sous le num\u00e9ro 00187279P<\/span><\/div>\n<div class=\"corpsTexte\" style=\"text-align: justify;\">\u00a0<\/div>\n<div class=\"corpsTexte\" style=\"text-align: justify;\"><strong><span style=\"font-size: small;\">Ce site a \u00e9t\u00e9 financ\u00e9 par l&#8217;Institut universitaire de France (membre : Eliane Viennot, Universit\u00e9 Jean Monnet, Saint-Etienne).<\/span><\/strong><\/div>\n<div class=\"corpsTexte\" style=\"text-align: justify;\">\u00a0<\/div>\n<div class=\"corpsTexte\" style=\"text-align: justify;\">\n<div class=\"corpsTexte\" style=\"font-family: arial, helvetica, sans-serif; line-height: 12px; font-size: 1.1em; text-align: justify; padding: 0px; margin: 0px;\"><span style=\"font-family: arial, helvetica, sans-serif; line-height: 14px; font-size: small; padding: 0px; margin: 0px;\">Ce site est encore en construction. Il s\u2019enrichira au cours des mois \u00e0 venir&#8230; Un long et fastidieux travail r\u00e9alis\u00e9 par les membres du Conseil d\u2019administration de l\u2019association et du comit\u00e9 de pilotage du Dictionnaire des femmes de l\u2019ancienne France. Nous remercions tout particuli\u00e8rement pour l\u2019aide \u00e0 la saisie<\/span><span style=\"font-family: arial, helvetica, sans-serif; line-height: 14px; font-size: small; padding: 0px; margin: 0px;\">Nicole Dufournaud, Aurore Evain, Adrien Fekete, Jean-Daniel Fekete (INRIA), Marie-Elisabeth Henneau, Dani\u00e8le James-Raoul, Eliane Viennot et Kathleen Wilson-Chevalier, ainsi que Sandrine Lely, Nicole Pellegrin et Caroline Zum Kolk pour leur contribution \u00e0 la conception du site.<br style=\"font-family: arial, helvetica, sans-serif; line-height: 14px; padding: 0px; margin: 0px;\" \/><br \/> <\/span><\/div>\n<div class=\"corpsTexte\" style=\"font-family: arial, helvetica, sans-serif; line-height: 12px; font-size: 1.1em; text-align: justify; padding: 0px; margin: 0px;\">\u00a0<\/div>\n<div class=\"corpsTexte\" style=\"font-family: arial, helvetica, sans-serif; line-height: 12px; font-size: 1.1em; text-align: justify; padding: 0px; margin: 0px;\"><span style=\"font-family: arial, helvetica, sans-serif; line-height: 14px; font-size: small; padding: 0px; margin: 0px;\">Ce site reste encore \u00e0 compl\u00e9ter et \u00e0 mettre en forme, notamment dans le cas des notices du dictionnaire. Nous vous demanderons encore un peu de patience&#8230; et vous prions de bien vouloir nous excuser pour la g\u00eane occasionn\u00e9e. Si vous souhaitez acc\u00e9der \u00e0 une ressource encore non disponible, n\u2019h\u00e9sitez pas \u00e0 nous \u00e9crire:<a style=\"font-family: arial, helvetica, sans-serif; line-height: 14px; text-decoration: underline; color: #cc1217; padding: 0px; margin: 0px;\" href=\"mailto:contact@siefar.org\">contact@siefar.org<\/a><br style=\"font-family: arial, helvetica, sans-serif; line-height: 14px; padding: 0px; margin: 0px;\" \/><br \/> <\/span><\/div>\n<div class=\"corpsTexte\" style=\"font-family: arial, helvetica, sans-serif; line-height: 12px; font-size: 1.1em; text-align: justify; padding: 0px; margin: 0px;\">\u00a0<\/div>\n<div class=\"corpsTexte\" style=\"font-family: arial, helvetica, sans-serif; line-height: 12px; font-size: 1.1em; text-align: justify; padding: 0px; margin: 0px;\"><span style=\"font-family: arial, helvetica, sans-serif; line-height: 14px; font-size: small; padding: 0px; margin: 0px;\">Acc\u00e8s au site en anglais: ce sera la derni\u00e8re phase, et sans doute la plus longue.\u00c0 ce jour, nous vous d\u00e9conseillons la navigation en version anglaise, la traduction et le remplissage n\u2019ayant pas encore \u00e9t\u00e9 r\u00e9alis\u00e9s.Merci de votre compr\u00e9hension.<br style=\"font-family: arial, helvetica, sans-serif; line-height: 14px; padding: 0px; margin: 0px;\" \/><br \/> <\/span><\/div>\n<div class=\"corpsTexte\" style=\"font-family: arial, helvetica, sans-serif; line-height: 12px; font-size: 1.1em; text-align: justify; padding: 0px; margin: 0px;\">\u00a0<\/div>\n<div class=\"corpsTexte\" style=\"font-family: arial, helvetica, sans-serif; line-height: 12px; font-size: 1.1em; text-align: justify; padding: 0px; margin: 0px;\"><span style=\"font-family: arial, helvetica, sans-serif; line-height: 14px; font-size: small; padding: 0px; margin: 0px;\">N\u2019h\u00e9sitez pas \u00e0 nous signaler tout dysfonctionnement technique, graphique ou r\u00e9dactionnel&#8230; et \u00e0 nous faire part de vos impressions! Vos contributions sont les bienvenues et nous permettront d\u2019am\u00e9liorer ce nouveau site.<\/span><\/div>\n<\/div>\n<div class=\"titreJaune\">Liens hypertextes<\/div>\n<div>\u00a0<\/div>\n<div><span style=\"font-size: small;\">La Siefar ne peut en aucun cas \u00eatre tenue pour responsable des sites ayant un lien hypertexte avec le pr\u00e9sent site et d\u00e9cline toute responsabilit\u00e9 quant \u00e0 leur contenu et \u00e0 leur utilisation.<\/span><\/div>\n<div class=\"titreJaune\">Propriete intellectuelle<\/div>\n<div class=\"corpsTexte\">\u00a0<\/div>\n<p><a href=\"http:\/\/creativecommons.org\/licenses\/by-nc-nd\/2.0\/fr\/\" rel=\"license\"><img decoding=\"async\" style=\"border-width: 0;\" src=\"http:\/\/i.creativecommons.org\/l\/by-nc-nd\/2.0\/fr\/88x31.png\" alt=\"Creative Commons License\" \/><\/a><br \/> Site de la Siefar by <a href=\"http:\/\/www.siefar.org\/\" rel=\"cc:attributionURL\">SIEFAR<\/a> est mis \u00e0 disposition selon les termes de la <a href=\"http:\/\/creativecommons.org\/licenses\/by-nc-nd\/2.0\/fr\/\" rel=\"license\">licence Creative Commons Paternit\u00e9-Pas d&#8217;Utilisation Commerciale-Pas de Modification 2.0 France<\/a>.<\/p>\n","protected":false},"excerpt":{"rendered":"<p>Ce site est \u00e9dit\u00e9 par la SIEFAR dont le si\u00e8ge social est fix\u00e9 \u00e0 : \u00a0 Universit\u00e9 de Columbia 4 rue de Chevreuse 75006 Paris \u00a0 L&#8217;association est d\u00e9clar\u00e9e \u00e0 la Pr\u00e9fecture de police de Paris sous le num\u00e9ro 00187279P \u00a0 Ce site a \u00e9t\u00e9 financ\u00e9 par l&#8217;Institut universitaire de France (membre : Eliane Viennot, [&hellip;]<\/p>\n","protected":false},"author":4,"featured_media":0,"parent":2789,"menu_order":0,"comment_status":"closed","ping_status":"closed","template":"","meta":{"_acf_changed":false,"footnotes":""},"class_list":["post-2790","page","type-page","status-publish","hentry"],"translation":{"provider":"WPGlobus","version":"3.0.0","language":"gb","enabled_languages":["fr","gb"],"languages":{"fr":{"title":true,"content":true,"excerpt":false},"gb":{"title":false,"content":false,"excerpt":false}}},"acf":[],"_links":{"self":[{"href":"https:\/\/siefar.org\/gb\/wp-json\/wp\/v2\/pages\/2790","targetHints":{"allow":["GET"]}}],"collection":[{"href":"https:\/\/siefar.org\/gb\/wp-json\/wp\/v2\/pages"}],"about":[{"href":"https:\/\/siefar.org\/gb\/wp-json\/wp\/v2\/types\/page"}],"author":[{"embeddable":true,"href":"https:\/\/siefar.org\/gb\/wp-json\/wp\/v2\/users\/4"}],"replies":[{"embeddable":true,"href":"https:\/\/siefar.org\/gb\/wp-json\/wp\/v2\/comments?post=2790"}],"version-history":[{"count":1,"href":"https:\/\/siefar.org\/gb\/wp-json\/wp\/v2\/pages\/2790\/revisions"}],"predecessor-version":[{"id":13742,"href":"https:\/\/siefar.org\/gb\/wp-json\/wp\/v2\/pages\/2790\/revisions\/13742"}],"up":[{"embeddable":true,"href":"https:\/\/siefar.org\/gb\/wp-json\/wp\/v2\/pages\/2789"}],"wp:attachment":[{"href":"https:\/\/siefar.org\/gb\/wp-json\/wp\/v2\/media?parent=2790"}],"curies":[{"name":"wp","href":"https:\/\/api.w.org\/{rel}","templated":true}]}}