{"id":2788,"date":"2009-01-11T18:40:19","date_gmt":"2009-01-11T18:40:19","guid":{"rendered":"http:\/\/41"},"modified":"2009-01-11T18:40:19","modified_gmt":"2009-01-11T18:40:19","slug":"oeuvres-de-femmes-publiees-depuis-1990","status":"publish","type":"page","link":"https:\/\/siefar.org\/gb\/oeuvres-de-femmes-publiees-depuis-1990\/","title":{"rendered":"Oeuvres de femmes publi\u00e9es depuis 1990"},"content":{"rendered":"<div class=\"titreJaune\" style=\"text-align: justify;\"><span style=\"font-size: small;\"><strong>Bibliographie des \u00e9crits de femmes du Moyen \u00c5ge et de l&#8217;Ancien R\u00e9gime \u00e9dit\u00e9s depuis 1990<\/strong><br \/> <\/span><\/div>\n<div class=\"corpsTexte\" style=\"text-align: justify;\">\u00a0<\/div>\n<div class=\"corpsTexte\" style=\"text-align: justify;\">\u00a0<\/div>\n<div class=\"corpsTexte\" style=\"text-align: justify;\"><span style=\"font-size: small;\">Pour nous signaler une r\u00e9f\u00e9rence, \u00e9crivez-nous \u00e0 <\/span><span style=\"font-size: small;\"><a href=\"mailto:contact@siefar.org?subject=Editions%20de%20textes%20de%20femmes%20de%20l'Ancien%20R%C3%A9gime%20depuis%201990\"><span style=\"font-size: small;\">contact@siefar.org<\/span><\/a><\/span><\/div>\n<div class=\"corpsTexte\" style=\"text-align: justify;\"><span style=\"font-size: small;\"><br \/> <\/span><\/div>\n<ul>\n<li><span style=\"font-size: small;\"><a href=\"1\/\">Anthologies<\/a><br \/> <\/span><span style=\"font-size: small;\"><br \/> <\/span><\/li>\n<li><span style=\"font-size: small;\"><a href=\"1\/\">Amboise, Catherine d&#8217;<\/a> (1482-1550)<br \/> <\/span><\/li>\n<li><span style=\"font-size: small;\"><a href=\"1\/\">Anne de France<\/a> (1461-1522)<br \/> <\/span><\/li>\n<li><span style=\"font-size: small;\"><a href=\"1\/\">Aulnoy, Marie-Catherine d&#8217; <\/a>(1650-1705)<br \/> <\/span><\/li>\n<li><span style=\"font-size: small;\"><a href=\"1\/\">Auneuil, Madame d&#8217;<\/a> (16**-)<br \/> <\/span><span style=\"font-size: small;\"><br \/> <\/span><\/li>\n<li><span style=\"font-size: small;\"><a href=\"1\/\">Barbier, Marie-Anne <\/a>(1670-1745?)<br \/> <\/span><\/li>\n<li><span style=\"font-size: small;\"><a href=\"1\/\">Beaufort d&#8217;Hautpoul, Anne-Marie<\/a> (1763-18**)<br \/> <\/span><\/li>\n<li><span style=\"font-size: small;\"><a href=\"1\/\">Benoist, Fran\u00e7oise Puzin de la Martini\u00e8re<\/a> (1724-1809)<br \/> <\/span><\/li>\n<li><span style=\"font-size: small;\"><a href=\"1\/\">Bernard, Catherine<\/a> (1662-1712)<br \/> <\/span><\/li>\n<li><span style=\"font-size: small;\"><a href=\"1\/\">Boigne, \u00c9l\u00e9onore Ad\u00e8le d&#8217;Osmond, comtesse de <\/a>(1781-1866)<br \/> <\/span><\/li>\n<li><span style=\"font-size: small;\"><a href=\"1\/\">Booser, Mme <\/a>(17**-18**)<br \/> <\/span><\/li>\n<li><span style=\"font-size: small;\"><a href=\"1\/\">Bourbon, Gabrielle de <\/a>(14**-1516)<br \/> <\/span><\/li>\n<li><span style=\"font-size: small;\"><a href=\"1\/\">Bourbon-Parme, Isabelle de <\/a>(1741-1763)<br \/> <\/span><\/li>\n<li><span style=\"font-size: small;\"><a href=\"1\/\">Bourgeois, Louise, \u00e9pouse Boursier<\/a> (1563?-1636)<br \/> <\/span><\/li>\n<li><span style=\"font-size: small;\"><a href=\"1\/\">Brancas, Mme de<\/a> (1676?-1763)<br \/> <\/span><\/li>\n<li><span style=\"font-size: small;\"><a href=\"1\/\">Br\u00e9gy, Mme de <\/a>(1619-1693)<br \/> <\/span><\/li>\n<li><span style=\"font-size: small;\"><a href=\"1\/\">Brossin de M\u00e9r\u00e9, \u00c9lisabeth <\/a>(1751-18**)<br \/> <\/span><\/li>\n<li><span style=\"font-size: small;\"><a href=\"1\/\">Burlamacchi, Ren\u00e9e<\/a> (1568-1641)<br \/> <\/span><span style=\"font-size: small;\"><br \/> <\/span><\/li>\n<li><span style=\"font-size: small;\"><a href=\"1\/\">Cambis, Marguerite de <em>(baronne d&#8217;Aigremont)<\/em> <\/a>(15**-)<br \/> <\/span><\/li>\n<li><span style=\"font-size: small;\"><a href=\"1\/\">Campan Mme <\/a>(1752-1822)<br \/> <\/span><\/li>\n<li><span style=\"font-size: small;\"><a href=\"1\/\">Catherine II <\/a>(1729-1796)<br \/> <\/span><\/li>\n<li><span style=\"font-size: small;\"><a href=\"1\/\">Catherine Parr<\/a> (1512-1548)<br \/> <\/span><\/li>\n<li><span style=\"font-size: small;\"><a href=\"1\/\">Charri\u00e8re, Isabelle de <\/a>(1740-1805)<br \/> <\/span><\/li>\n<li><span style=\"font-size: small;\"><a href=\"1\/\">Christine de Su\u00e8de<\/a> (1626-1689)<br \/> <\/span><\/li>\n<li><span style=\"font-size: small;\"><a href=\"1\/\">Clairon, Mlle <\/a>(1723-1803)<br \/> <\/span><\/li>\n<li><span style=\"font-size: small;\"><a href=\"1\/\">Clermont, Catherine de, mar\u00e9chale de Retz<\/a> (1543-1603)<br \/> <\/span><\/li>\n<li><span style=\"font-size: small;\"><a href=\"1\/\">Coignard, Gabrielle de<\/a> (1594-)<\/span><\/li>\n<li>\n<div class=\"corpsTexte\"><span style=\"font-size: small;\"><a href=\"1\/\">Corancez Cavaignac, Marie-Julie<\/a> (1780-1849)<\/span><\/div>\n<\/li>\n<li><span style=\"font-size: small;\"><a href=\"1\/\">Cottin, Marie-Sophie<\/a> (1770-1807)<br \/> <\/span><\/li>\n<li><span style=\"font-size: small;\"><a href=\"1\/\">Crenne, H\u00e9lisenne de <\/a>(1510?-apr\u00e8s 1552)<br \/> <\/span><span style=\"font-size: small;\"><br \/> <\/span><\/li>\n<li><span style=\"font-size: small;\"><a href=\"1\/\">Dachkova, Ekaterina Romanovna, princesse <\/a>(17**-)<br \/> <\/span><\/li>\n<li><span style=\"font-size: small;\"><a href=\"1\/\">D&#8217;Enneti\u00e8res <em>(Denti\u00e8res)<\/em>, Marie d&#8217; <\/a>(1495-1561)<br \/> <\/span><\/li>\n<li><span style=\"font-size: small;\"><a href=\"1\/\">Deshouli\u00e8res, Antoinette du Ligier de La Garde <\/a>(1637-1694)<br \/> <\/span><\/li>\n<li><span style=\"font-size: small;\"><a href=\"1\/\">Deshouli\u00e8res, Antoinette-Th\u00e9r\u00e8se de la Fon-de-bois-Gu\u00e9rin<\/a> (1662-1718)<br \/> <\/span><\/li>\n<li><span style=\"font-size: small;\"><a href=\"1\/\">Des Roches, Madeleine <\/a>(1520?-1587) et <a href=\"1\/\">Des Roches Catherine <\/a>(1542-1587)<br \/> <\/span><\/li>\n<li><span style=\"font-size: small;\"><a href=\"1\/\">Dreuillet, Elisabeth de Montlaur de<\/a> (1656-1730)<br \/> <\/span><\/li>\n<li><span style=\"font-size: small;\"><a href=\"http:\/\/www.siefar.org\/editions-de-textes-de-femmes-de-l-ancien-regime\/lettre-d.ht\nml\">Du Boccage, Anne-Marie<\/a> (1710-1802)<br \/> <\/span><\/li>\n<li><span style=\"font-size: small;\"><a href=\"1\/\">Du Ch\u00e2telet, Gabrielle-Emilie <\/a>(1706-1749)<br \/> <\/span><\/li>\n<li><span style=\"font-size: small;\"><a href=\"1\/\">Du Deffand, Mme<\/a> (1697-1780)<br \/> <\/span><\/li>\n<li><span style=\"font-size: small;\"><a href=\"1\/\">Du Guillet, Pernette<\/a> (1520-1545)<br \/> <\/span><\/li>\n<li><span style=\"font-size: small;\"><a href=\"1\/\">Du Laurens, Jeanne <\/a>(XVIIe s.)<br \/> <\/span><\/li>\n<li><span style=\"font-size: small;\"><a href=\"1\/\">Du Noyer, Anne-Marie<\/a> (1663-1719)<br \/> <\/span><\/li>\n<li><span style=\"font-size: small;\"><a href=\"1\/\">Duplessis-Mornay, Charlotte <\/a>(1550-1606)<br \/> <\/span><\/li>\n<li><span style=\"font-size: small;\"><a href=\"1\/\">Durand, Catherine <em>(Bedacier)<\/em> <\/a>(16**-1736)<br \/> <\/span><\/li>\n<li><span style=\"font-size: small;\"><a href=\"1\/\">Duras, Claire de (<\/a>1777-1828)<br \/> <\/span><\/li>\n<li><span style=\"font-size: small;\"><a href=\"1\/\">Du Verger, Mme<\/a> (15**-15**) et <a href=\"1\/\">Du Verger, Philippe<\/a> (15**-16**)<br \/> <\/span><span style=\"font-size: small;\"><br \/> <\/span><\/li>\n<li><span style=\"font-size: small;\"><a href=\"1\/\">Epinay, Louise d&#8217; <\/a>(1726-1783)<br \/> <\/span><span style=\"font-size: small;\"><br \/> <\/span><\/li>\n<li><span style=\"font-size: small;\"><a href=\"1\/\">Fagnan, Marie-Antoinette de<\/a> (17**-)<br \/> <\/span><\/li>\n<li><span style=\"font-size: small;\"><a href=\"1\/\">Fauque <em>(Fauques, Falques)<\/em>, Marianne-Agn\u00e8s Pillement de<\/a> (1721-1773)<br \/> <\/span><\/li>\n<li><span style=\"font-size: small;\"><a href=\"1\/\">Ferri\u00e8res-Marsay, Henriette de, Marquise de <\/a>(17**-)<br \/> <\/span><\/li>\n<li><span style=\"font-size: small;\"><a href=\"1\/\">Flore, Jeanne <\/a>(16e s.)<br \/> <\/span><\/li>\n<li><span style=\"font-size: 10pt;\"><a href=\"1\/\">Fontaines,\u00a0Marie-Louise-Charlotte de Pelard de Givry de<\/a> (1660-1730)<\/span><\/li>\n<li><span style=\"font-size: small;\"><a href=\"1\/\">Fusil, Louise <\/a>(1771?-1848)<br \/> <\/span><span style=\"font-size: small;\"><br \/> <\/span><\/li>\n<li><span style=\"font-size: small;\"><a href=\"1\/\">Genlis, Mme de<\/a> (1746-1830)<br \/> <\/span><\/li>\n<li><span style=\"font-size: small;\"><a href=\"1\/\">Giroust de Morency, Suzanne <\/a>(1771?-18**)<br \/> <\/span><\/li>\n<li><span style=\"font-size: small;\"><a href=\"1\/\">Gomez, Madeleine-Ang\u00e9lique de<\/a> (1684-1770)<br \/> <\/span><\/li>\n<li><span style=\"font-size: small;\"><a href=\"1\/\">Gouges, Olympe de <\/a>(1748-1793)<br \/> <\/span><\/li>\n<li><span style=\"font-size: small;\"><a href=\"1\/\">Gournay, Marie de <\/a>(1566-1645)<br \/> <\/span><\/li>\n<li><span style=\"font-size: small;\"><a href=\"1\/\">Graffigny, Fran\u00e7oise de <\/a>(1695-1758)<br \/> <\/span><\/li>\n<li><span style=\"font-size: small;\"><a href=\"1\/\">Grouchy, Sopie de, marquise de Condorcet <\/a>(1763-1822)<\/span><\/li>\n<li><span style=\"font-size: small;\"><a href=\"1\/\">Guyon, Jeanne Marie de<\/a> (1648-1717)<br \/> <\/span><a href=\"1\/\"><span style=\"font-size: small;\"><br \/> <\/span><\/a><\/li>\n<li><span style=\"font-size: small;\"><a href=\"1\/\">Harcourt, Agn\u00e8s d&#8217;<\/a> (12**-1291?)<br \/> <\/span><span style=\"font-size: small;\"><br \/> <\/span><\/li>\n<li><span style=\"font-size: small;\"><a href=\"1\/\">K\u00e9ralio, Marie-Fran\u00e7oise de <\/a>(1755?-1790)<br \/> <\/span><\/li>\n<li><span style=\"font-size: small;\"><a href=\"1\/\">Kr\u00fcdener, Mme de <\/a>(1764-1824)<br \/> <\/span><span style=\"font-size: small;\"><br \/> <\/span><\/li>\n<li><span style=\"font-size: small;\"><a href=\"1\/\">Lab\u00e9, Louise <\/a>(1520?-1566)<br \/> <\/span><\/li>\n<li><span style=\"font-size: small;\"><a href=\"1\/\">La Chapelle, soeur<\/a> (2e moiti\u00e9 du XVIIe)<br \/> <\/span><\/li>\n<li><span style=\"font-size: small;\"><a href=\"1\/\">Lafayette, Mme de <\/a>(1634-1692)<br \/> <\/span><\/li>\n<li><span style=\"font-size: small;\"><a href=\"1\/\">La Force, Mlle de<\/a> (1654-1724)<br \/> <\/span><\/li>\n<li><span style=\"font-size: small;\"><a href=\"1\/\">Lambert, Anne-Th\u00e9r\u00e8se de <\/a>(1647-1733)<br \/> <\/span><\/li>\n<li><span style=\"font-size: small;\"><a href=\"1\/\">La Moussaye, Mme de<\/a> (16**)<br \/> <\/span><\/li>\n<li><span style=\"font-size: small;\"><a href=\"1\/\">La Roche-Guilhen, Anne de <\/a>(1644-1707)<br \/> <\/span><\/li>\n<li><span style=\"font-size: small;\"><a href=\"1\/\">Lassay, Mme de (<\/a>16**-17**)<br \/> <\/span><\/li>\n<li><span style=\"font-size: 10pt;\"><a href=\"http:\/\/siefar.org\/bibliographies\/oeuvres-de-femmes-publiees-depuis-1990-lettre-l\/\">La Tour du Pin, Lucy de<\/a> (1718-1815)<\/span><\/li>\n<li><span style=\"font-size: small;\"><a href=\"1\/\">L&#8217;Aubespine, Madeleine de <\/a>(1546-1596)<br \/> <\/span><\/li>\n<li><span style=\"font-size: small;\"><a href=\"1\/\">Le Gendre, Marie <\/a>(15**-16**)<br \/> <\/span><\/li>\n<li><span style=\"font-size: small;\"><a href=\"1\/\">Le Marchand, Fran\u00e7oise Duch\u00e9<\/a> (17**-1754)<br \/> <\/span><\/li>\n<li><span style=\"font-size: small;\"><a href=\"http:\/\/www.siefar.\norg\/bibliographies\/oeuvres-de-femmes-publiees-depuis-1990-lettre-l.html\">Leprince de Beaumont, Jeanne-Marie <\/a>(1711-1780)<br \/> <\/span><\/li>\n<li><span style=\"font-size: small;\"><a href=\"1\/\">Lespinasse, Julie de <\/a>(1732-1776)<br \/> <\/span><\/li>\n<li><span style=\"font-size: small;\"><a href=\"1\/\">Levesque, Louise <\/a>(1703-1745)<br \/> <\/span><\/li>\n<li><span style=\"font-size: small;\"><a href=\"1\/\">L&#8217;H\u00e9ritier, Marie-Jeanne<\/a> (1664-1734)<br \/> <\/span><\/li>\n<li><span style=\"font-size: small;\"><a href=\"1\/\">Lintot, Catherine Caillot de<\/a> (17**-)<br \/> <\/span><\/li>\n<li>\n<div class=\"corpsTexte\" style=\"text-align: justify;\"><span style=\"font-size: small;\"><a href=\"1\/\">Lubert, Mlle<\/a> (1710?-1779)<\/span><\/div>\n<\/li>\n<li>\n<div class=\"corpsTexte\" style=\"text-align: justify;\"><a href=\"1\/\"><span style=\"font-size: small;\">Lussan, Marguerite de <\/span><\/a><span style=\"font-size: small;\">(1682-1758)<\/span><\/div>\n<\/li>\n<\/ul>\n<div class=\"corpsTexte\" style=\"text-align: justify;\">\u00a0<\/div>\n<ul>\n<li>\n<div class=\"corpsTexte\" style=\"text-align: justify;\"><a href=\"1\/\"><span style=\"font-size: small;\">Maintenon, Fran\u00e7oise d&#8217;Aubign\u00e9, marquise de <\/span><\/a><span style=\"font-size: small;\">(1635-1719)<\/span><\/div>\n<\/li>\n<li>\n<div class=\"corpsTexte\" style=\"text-align: justify;\"><a href=\"1\/\"><span style=\"font-size: small;\">Mancini, Hortense, duchesse de Mazari<\/span><\/a><span style=\"font-size: small;\"><a href=\"1\/\">n<\/a><\/span><span style=\"font-size: small;\"><span style=\"font-size: small;\"> (1646-1699)<\/span><br \/> <\/span><\/div>\n<\/li>\n<li><span style=\"font-size: small;\"><a href=\"1\/\">Mancini, Marie<\/a> (1639-1715)<br \/> <\/span><\/li>\n<li><span style=\"font-size: small;\"><a href=\"1\/\">Marguerite de Navarre <\/a>(1492-1549)<br \/> <\/span><\/li>\n<li><span style=\"font-size: small;\"><a href=\"1\/\">Marguerite de Valois <\/a>(1553-1615)<br \/> <\/span><\/li>\n<li><span style=\"font-size: small;\"><a href=\"1\/\">Marguerite du Saint-Sacrement <\/a>(1590-1660)<br \/> <\/span><\/li>\n<li><span style=\"font-size: small;\"><a href=\"1\/\">Marguerite du Saint-Sacrement <\/a>(1619-1648)<br \/> <\/span><\/li>\n<li><span style=\"font-size: small;\"><a href=\"1\/\">Marie de France<\/a> (1170av-1190ap)<br \/> <\/span><\/li>\n<li><span style=\"font-size: small;\"><a href=\"1\/\">Marie-Antoinette<\/a> (1755-1793)<br \/> <\/span><\/li>\n<li><span style=\"font-size: small;\"><a href=\"1\/\">Marquets, Anne de<\/a> (1533?-1588)<br \/> <\/span><\/li>\n<li><span style=\"font-size: small;\"><a href=\"1\/\">Mercier, Marguerite de<\/a> (mil. XVIIe s.)<br \/> <\/span><\/li>\n<li><span style=\"font-size: small;\"><a href=\"1\/\">M\u00e9rard de Saint-Just, Anne <\/a>(1765-1830)<br \/> <\/span><\/li>\n<li><span style=\"font-size: small;\"><a href=\"1\/\">Mornay, Charlotte Duplessis-Mornay, Mme de<\/a> (1550-1606)<\/span><\/li>\n<li><span style=\"font-size: small;\"><a href=\"1\/\">Mortemart, Victuriennne Delphine Nathalie de<\/a> (1759-1828)<br \/> <\/span><\/li>\n<li><span style=\"font-size: small;\"><a href=\"1\/\">Motteville, Francoise Bertaut de <\/a>(1615-1689)<br \/> <\/span><\/li>\n<li><span style=\"font-size: small;\"><a href=\"1\/\">Murat, Henriette-Julie de Castelnau, comtesse de<\/a> (1668?-1716)<br \/> <\/span><span style=\"font-size: small;\"><br \/> <\/span><\/li>\n<li><span style=\"font-size: small;\"><a href=\"1\/\">Orl\u00e9ans, Anne Marie-Louise d&#8217;, duchesse de Montpensier <em>(Melle de)<\/em> <\/a>(1627-1693)<br \/> <\/span><\/li>\n<li><span style=\"font-size: small;\"><a href=\"1\/\">Orl\u00e9ans, Marie de, duchesse de Nemours<\/a> (1625-1707)<br \/> <\/span><span style=\"font-size: small;\"><br \/> <\/span><\/li>\n<li><span style=\"font-size: small;\"><a href=\"1\/\">Pascal, Fran\u00e7oise<\/a> (1632-)<br \/> <\/span><\/li>\n<li><span style=\"font-size: small;\"><a href=\"1\/\">Porete, Marguerite<\/a> (12**-1310)<br \/> <\/span><\/li>\n<li><span style=\"font-size: small;\"><a href=\"1\/\">Pizan, Christine de <\/a>(1365?-1430)<br \/> <\/span><\/li>\n<li><span style=\"font-size: small;\"><a href=\"1\/\">Pringy, Mme de<\/a> (1660+-1709)<br \/> <\/span><span style=\"font-size: small;\"><br \/> <\/span><\/li>\n<li><span style=\"font-size: small;\"><a href=\"1\/\">Riccoboni, Marie-Jeanne <\/a>(1713-1792)<br \/> <\/span><\/li>\n<li><span style=\"font-size: small;\"><a href=\"1\/\">Roland, Marie-Jeanne de La Plati\u00e8re<\/a> (1754-1793)<br \/> <\/span><\/li>\n<li><span style=\"font-size: small;\"><a href=\"1\/\">Romieu, Marie de <\/a>(15**-)<br \/> <\/span><span style=\"font-size: small;\"><br \/> <\/span><\/li>\n<li><span style=\"font-size: small;\"><a href=\"1\/\">Sabran, Comtesse de<\/a> (17**)<br \/> <\/span><\/li>\n<li><span style=\"font-size: small;\"><a href=\"1\/\">Saint-Balmont, Mme de<\/a> (1606-1660)<\/span><\/li>\n<li><span style=\"font-size: small;\"><a href=\"1\/\">Salm, Constance de<\/a> (1767-1845)<br \/> <\/span><\/li>\n<li><span style=\"font-size: small;\"><a href=\"1\/\">Salvan de Sali\u00e8s, Antoinette <\/a>(1638-1730)<br \/> <\/span><\/li>\n<li><span style=\"font-size: small;\"><a href=\"1\/\">Sartre, Dauphine de, marquise de Robiac<\/a> (1634-1685)<br \/> <\/span><\/li>\n<li>\n<div class=\"corpsTexte\"><a href=\"1\/\"><span style=\"font-si\nze: small;\">Sc\u00e8ve, Claudine (fin XVIe s.)<\/span><\/a><\/div>\n<\/li>\n<li><span style=\"font-size: small;\"><a href=\"1\/\">Schomberg, Jeanne de <\/a>(1600-1674)<br \/> <\/span><\/li>\n<li><span style=\"font-size: small;\"><a href=\"1\/\">Schurman, Anne-Marie de <\/a>(1607-1678)<br \/> <\/span><\/li>\n<li><span style=\"font-size: small;\"><a href=\"1\/\">Scud\u00e9ry, Madeleine de<\/a> (1627-1711)<br \/> <\/span><\/li>\n<li><span style=\"font-size: small;\"><a href=\"1\/\">S\u00e9vign\u00e9, Mme de<\/a> (1626-1696)<br \/> <\/span><\/li>\n<li><span style=\"font-size: small;\"><a href=\"1\/\">Souza, Ad\u00e9la\u00efde de<\/a> (1761-1836)<br \/> <\/span><\/li>\n<li><span style=\"font-size: small;\"><a href=\"1\/\">Staal-Delaunay, Mme de<\/a> (1684-1750)<br \/> <\/span><\/li>\n<li><span style=\"font-size: small;\"><a href=\"1\/\">Sta\u00ebl, Germaine de<\/a> (1766-1817)<br \/> <\/span><\/li>\n<li><span style=\"font-size: small;\"><a href=\"1\/\">Suchon, Gabrielle <\/a>(1631-1703)<br \/> <\/span><span style=\"font-size: small;\"><br \/> <\/span><\/li>\n<li><span style=\"font-size: small;\"><a href=\"1\/\">Tencin, Claudine de <\/a>(1681-1749)<br \/> <\/span><span style=\"font-size: small;\"><br \/> <\/span><\/li>\n<li><span style=\"font-size: small;\"><a href=\"1\/\">Vig\u00e9e Le Brun, Elisabeth <\/a>(1755-1842)<br \/> <\/span><\/li>\n<li><span style=\"font-size: small;\"><a href=\"1\/\">Villedieu, Mme de [Marie-Catherine Desjardins, dite] <\/a>(1640?-1683)<br \/> <\/span><\/li>\n<li><span style=\"font-size: small;\"><a href=\"1\/\">Villeneuve, Mme de [Gabrielle-Suzanne Barbot, dame de]<\/a> (1695-1755)<br \/> <\/span><\/li>\n<\/ul>\n<div class=\"corpsTexte\" style=\"text-align: justify;\"><span style=\"font-size: small;\"><br \/> <\/span><\/div>\n<div class=\"corpsTexte\" style=\"text-align: justify;\"><span style=\"font-size: small;\"><br \/> <\/span><\/div>\n","protected":false},"excerpt":{"rendered":"<p>Bibliographie des \u00e9crits de femmes du Moyen \u00c5ge et de l&#8217;Ancien R\u00e9gime \u00e9dit\u00e9s depuis 1990 \u00a0 \u00a0 Pour nous signaler une r\u00e9f\u00e9rence, \u00e9crivez-nous \u00e0 contact@siefar.org Anthologies Amboise, Catherine d&#8217; (1482-1550) Anne de France (1461-1522) Aulnoy, Marie-Catherine d&#8217; (1650-1705) Auneuil, Madame d&#8217; (16**-) Barbier, Marie-Anne (1670-1745?) Beaufort d&#8217;Hautpoul, Anne-Marie (1763-18**) Benoist, Fran\u00e7oise Puzin de la Martini\u00e8re [&hellip;]<\/p>\n","protected":false},"author":4,"featured_media":0,"parent":0,"menu_order":10,"comment_status":"closed","ping_status":"closed","template":"","meta":{"_acf_changed":false,"footnotes":""},"class_list":["post-2788","page","type-page","status-publish","hentry"],"translation":{"provider":"WPGlobus","version":"3.0.0","language":"gb","enabled_languages":["fr","gb"],"languages":{"fr":{"title":true,"content":true,"excerpt":false},"gb":{"title":false,"content":false,"excerpt":false}}},"acf":[],"_links":{"self":[{"href":"https:\/\/siefar.org\/gb\/wp-json\/wp\/v2\/pages\/2788","targetHints":{"allow":["GET"]}}],"collection":[{"href":"https:\/\/siefar.org\/gb\/wp-json\/wp\/v2\/pages"}],"about":[{"href":"https:\/\/siefar.org\/gb\/wp-json\/wp\/v2\/types\/page"}],"author":[{"embeddable":true,"href":"https:\/\/siefar.org\/gb\/wp-json\/wp\/v2\/users\/4"}],"replies":[{"embeddable":true,"href":"https:\/\/siefar.org\/gb\/wp-json\/wp\/v2\/comments?post=2788"}],"version-history":[{"count":0,"href":"https:\/\/siefar.org\/gb\/wp-json\/wp\/v2\/pages\/2788\/revisions"}],"wp:attachment":[{"href":"https:\/\/siefar.org\/gb\/wp-json\/wp\/v2\/media?parent=2788"}],"curies":[{"name":"wp","href":"https:\/\/api.w.org\/{rel}","templated":true}]}}