{"id":2787,"date":"2009-01-11T18:37:50","date_gmt":"2009-01-11T18:37:50","guid":{"rendered":"http:\/\/38"},"modified":"2009-01-11T18:37:50","modified_gmt":"2009-01-11T18:37:50","slug":"collaborations-editoriales","status":"publish","type":"page","link":"https:\/\/siefar.org\/gb\/collaborations-editoriales\/","title":{"rendered":"Collaborations \u00e9ditoriales"},"content":{"rendered":"<div class=\"titreJaune\" style=\"text-align: justify;\"><span style=\"font-size: small;\">En collaboration avec les Publications de l&#8217;Universit\u00e9 de Saint-\u00c9tienne<\/span><\/div>\n<div class=\"corpsTexte\" style=\"text-align: justify;\"><span style=\"font-size: small;\">Deux collections cr\u00e9es qui s&#8217;inscrivent dans le d\u00e9veloppement actuel des \u00e9tudes f\u00e9ministes\/\u00e9tudes de genre, plus particuli\u00e8rement dans le domaine de l&#8217;histoire des femmes de l&#8217;Ancien R\u00e9gime, toutes disciplines confondues. Elles ont pour objectif de combler deux lacunes que ce d\u00e9veloppement fait aujourd&#8217;hui appara\u00eetre: alors que des centaines d&#8217;autrices ont \u00e9t\u00e9 red\u00e9couvertes depuis une trentaine d&#8217;ann\u00e9es, le grand public &#8212; et m\u00eame le public universitaire &#8212; continue de ne conna\u00eetre qu&#8217;une poign\u00e9e d&#8217;entre elles; alors que des centaines de monographies ou d&#8217;ouvrages collectifs ont paru au cours de la m\u00eame p\u00e9riode, les connaissances qui continuent de s&#8217;enseigner \u00e0 l&#8217;\u00e9cole et \u00e0 l&#8217;universit\u00e9 sont le plus souvent celles des ann\u00e9es 1960 &#8212; d&#8217;o\u00f9 les femmes \u00e9taient quasi absentes.<\/span><\/div>\n<div class=\"corpsTexte\" style=\"text-align: justify;\">\u00a0<\/div>\n<div class=\"corpsTexte\" style=\"text-align: justify;\">\u00a0<\/div>\n<p style=\"text-align: justify;\">\u00a0<\/p>\n<p>&nbsp;<\/p>\n<ul>\n<li><a href=\"1\/\"><strong>Collection \u00abLa cit\u00e9 des dames\u00bb<\/strong><\/a><\/li>\n<\/ul>\n<p style=\"text-align: justify;\">\u00a0<\/p>\n<p>&nbsp;<\/p>\n<ul>\n<li><a href=\"1\/\"><strong>Collection \u00abL&#8217;\u00e9cole du genre\u00bb<\/strong><\/a><\/li>\n<\/ul>\n<div class=\"corpsTexte\" style=\"text-align: justify;\">\u00a0<\/div>\n<div class=\"corpsTexte\" style=\"text-align: justify;\">\u00a0<\/div>\n<div class=\"corpsTexte\" style=\"text-align: justify;\"><span style=\"font-size: small;\">Les deux collections sont dirig\u00e9es par \u00c9liane Viennot, professeure de litt\u00e9rature de la Renaissance \u00e0 l&#8217;Universit\u00e9, membre de l&#8217;Institut universitaire de France, pr\u00e9sidente de la SIEFAR.<\/span><\/div>\n<div class=\"corpsTexte\" style=\"text-align: justify;\"><span style=\"font-size: small;\">Avec le soutien de l&#8217;Institut Claude Longeon, Renaissance &amp; \u00c2ge classique (Saint-\u00c9tienne) &amp; de l&#8217;Institut universitaire de France.<\/span><\/div>\n<div class=\"corpsTexte\" style=\"text-align: justify;\">\u00a0<\/div>\n<div class=\"corpsTexte\" style=\"text-align: justify;\">\u00a0<\/div>\n<div class=\"titreJaune\" style=\"text-align: justify;\"><span style=\"font-size: small;\">En collaboration avec les \u00c9ditions Honor\u00e9 Champion (Paris)<\/span><\/div>\n<div class=\"corpsTexte\" style=\"text-align: justify;\">\u00a0<\/div>\n<div class=\"corpsTexte\" style=\"text-align: justify;\">\u00a0<\/div>\n<ul>\n<li style=\"text-align: justify;\"><span style=\"font-size: small;\">paru 2004 : <a href=\"1\/\"><em>Actualit\u00e9 de Jeanne Flore<\/em><\/a>. Dix-sept \u00e9tudes r\u00e9unies par Diane Desrosiers-Bonin et \u00c9liane Viennot, avec la collaboration de R\u00e9gine Reynolds-Cornell.<\/span><\/li>\n<\/ul>\n<ul>\n<li>\n<div class=\"corpsTexte\" style=\"text-align: justify;\"><span style=\"font-size: small;\">paru 2005 : Bibliographie additionnelle, pour la r\u00e9\u00e9dition de l&#8217;ouvrage de Linda Timmermans, <em>L&#8217;Acc\u00e8s des femmes \u00e0 la culture (1598-1715), Un d\u00e9bat d&#8217;id\u00e9es de saint Fran\u00e7ois de Sale \u00e0 la marquise de Lambert<\/em> (Paris, Honor\u00e9 Champion, 1993), par \u00c9liane Viennot (environ 500 nouveaux titres).<\/span><\/div>\n<\/li>\n<\/ul>\n<p style=\"text-align: justify;\">\u00a0<\/p>\n<ul>\n<li>\n<div class=\"corpsTexte\" style=\"text-align: justify;\"><span style=\"font-size: small;\">paru 2010 : <a href=\"1\/\"><em>M\u00e9moires de Mme de Mornay,<\/em><\/a> \u00e9dition critique de Nadine Kuperty.<\/span><\/div>\n<\/li>\n<\/ul>\n<p style=\"text-align: justify;\">\u00a0<\/p>\n<ul>\n<li>\n<div class=\"corpsTexte\" style=\"text-align: justify;\"><span style=\"font-size: small;\">\u00e0 para\u00eetre : <em>Ample D\u00e9claration de Jeanne d&#8217;Albret<\/em>, \u00e9dition critique d&#8217;Eug\u00e9nie Pascal.<\/span><\/div>\n<\/li>\n<\/ul>\n<div class=\"corpsTexte\" style=\"text-align: justify;\"><span style=\"font-size: small;\"><br \/> <\/span><\/div>\n","protected":false},"excerpt":{"rendered":"<p>En collaboration avec les Publications de l&#8217;Universit\u00e9 de Saint-\u00c9tienne Deux collections cr\u00e9es qui s&#8217;inscrivent dans le d\u00e9veloppement actuel des \u00e9tudes f\u00e9ministes\/\u00e9tudes de genre, plus particuli\u00e8rement dans le domaine de l&#8217;histoire des femmes de l&#8217;Ancien R\u00e9gime, toutes disciplines confondues. Elles ont pour objectif de combler deux lacunes que ce d\u00e9veloppement fait aujourd&#8217;hui appara\u00eetre: alors que des [&hellip;]<\/p>\n","protected":false},"author":4,"featured_media":0,"parent":0,"menu_order":3,"comment_status":"closed","ping_status":"closed","template":"","meta":{"_acf_changed":false,"footnotes":""},"class_list":["post-2787","page","type-page","status-publish","hentry"],"translation":{"provider":"WPGlobus","version":"3.0.0","language":"gb","enabled_languages":["fr","gb"],"languages":{"fr":{"title":true,"content":true,"excerpt":false},"gb":{"title":false,"content":false,"excerpt":false}}},"acf":[],"_links":{"self":[{"href":"https:\/\/siefar.org\/gb\/wp-json\/wp\/v2\/pages\/2787","targetHints":{"allow":["GET"]}}],"collection":[{"href":"https:\/\/siefar.org\/gb\/wp-json\/wp\/v2\/pages"}],"about":[{"href":"https:\/\/siefar.org\/gb\/wp-json\/wp\/v2\/types\/page"}],"author":[{"embeddable":true,"href":"https:\/\/siefar.org\/gb\/wp-json\/wp\/v2\/users\/4"}],"replies":[{"embeddable":true,"href":"https:\/\/siefar.org\/gb\/wp-json\/wp\/v2\/comments?post=2787"}],"version-history":[{"count":0,"href":"https:\/\/siefar.org\/gb\/wp-json\/wp\/v2\/pages\/2787\/revisions"}],"wp:attachment":[{"href":"https:\/\/siefar.org\/gb\/wp-json\/wp\/v2\/media?parent=2787"}],"curies":[{"name":"wp","href":"https:\/\/api.w.org\/{rel}","templated":true}]}}