{"id":2784,"date":"2009-01-11T18:36:30","date_gmt":"2009-01-11T18:36:30","guid":{"rendered":"http:\/\/36"},"modified":"2025-07-21T09:21:17","modified_gmt":"2025-07-21T07:21:17","slug":"bibliographies","status":"publish","type":"page","link":"https:\/\/siefar.org\/gb\/bibliographies\/","title":{"rendered":"Bibliographies"},"content":{"rendered":"<ul>\n<li><a href=\"1\/\"><span style=\"font-size: small;\">\u00c9tudes sur Louise Lab\u00e9 et son \u0153uvre<\/span><\/a><span style=\"font-size: small;\"><br \/>\n<\/span><\/li>\n<li><span style=\"font-size: small;\">\u00c9tudes sur Marguerite de Navarre et son \u0153uvre (prochainement)<br \/>\n<\/span><\/li>\n<\/ul>\n<div class=\"corpsTexte\" style=\"text-align: justify;\"><em><span style=\"font-size: small;\">Cette rubrique est en construction. Elle s&#8217;enrichira au cours des mois \u00e0 venir d&#8217;autres bibliographies pr\u00e9sentant les \u00e9tudes consacr\u00e9es : <\/span><span style=\"font-size: small;\"><br \/>\n&#8211; \u00e0 des autrices en particulier<\/span><span style=\"font-size: small;\"><br \/>\n&#8211; \u00e0 des th\u00e9matiques li\u00e9es au domaine &#8220;femmes, genre, rapports de sexe, et masculinit\u00e9s sous l&#8217;Ancien R\u00e9gime&#8221;.<br \/>\n<\/span><\/em><\/div>\n<div class=\"corpsTexte\" style=\"text-align: justify;\"><\/div>\n<div class=\"corpsTexte\" style=\"text-align: right;\"><em><span style=\"font-size: small;\">\u00c0 suivre<\/span> !<\/em><\/div>\n","protected":false},"excerpt":{"rendered":"<p>\u00c9tudes sur Louise Lab\u00e9 et son \u0153uvre \u00c9tudes sur Marguerite de Navarre et son \u0153uvre (prochainement) Cette rubrique est en construction. Elle s&#8217;enrichira au cours des mois \u00e0 venir d&#8217;autres bibliographies pr\u00e9sentant les \u00e9tudes consacr\u00e9es : &#8211; \u00e0 des autrices en particulier &#8211; \u00e0 des th\u00e9matiques li\u00e9es au domaine &#8220;femmes, genre, rapports de sexe, et [&hellip;]<\/p>\n","protected":false},"author":4,"featured_media":0,"parent":0,"menu_order":0,"comment_status":"closed","ping_status":"closed","template":"","meta":{"_acf_changed":false,"footnotes":""},"class_list":["post-2784","page","type-page","status-publish","hentry"],"translation":{"provider":"WPGlobus","version":"3.0.0","language":"gb","enabled_languages":["fr","gb"],"languages":{"fr":{"title":true,"content":true,"excerpt":false},"gb":{"title":false,"content":false,"excerpt":false}}},"acf":[],"_links":{"self":[{"href":"https:\/\/siefar.org\/gb\/wp-json\/wp\/v2\/pages\/2784","targetHints":{"allow":["GET"]}}],"collection":[{"href":"https:\/\/siefar.org\/gb\/wp-json\/wp\/v2\/pages"}],"about":[{"href":"https:\/\/siefar.org\/gb\/wp-json\/wp\/v2\/types\/page"}],"author":[{"embeddable":true,"href":"https:\/\/siefar.org\/gb\/wp-json\/wp\/v2\/users\/4"}],"replies":[{"embeddable":true,"href":"https:\/\/siefar.org\/gb\/wp-json\/wp\/v2\/comments?post=2784"}],"version-history":[{"count":6,"href":"https:\/\/siefar.org\/gb\/wp-json\/wp\/v2\/pages\/2784\/revisions"}],"predecessor-version":[{"id":15231,"href":"https:\/\/siefar.org\/gb\/wp-json\/wp\/v2\/pages\/2784\/revisions\/15231"}],"wp:attachment":[{"href":"https:\/\/siefar.org\/gb\/wp-json\/wp\/v2\/media?parent=2784"}],"curies":[{"name":"wp","href":"https:\/\/api.w.org\/{rel}","templated":true}]}}