{"id":2775,"date":"2009-01-11T18:25:21","date_gmt":"2009-01-11T18:25:21","guid":{"rendered":"http:\/\/24"},"modified":"2025-11-15T22:39:45","modified_gmt":"2025-11-15T21:39:45","slug":"inscription-sur-le-repertoire-de-la-siefar","status":"publish","type":"page","link":"https:\/\/siefar.org\/gb\/annuaire-des-specialistes-du-domaine\/inscription-sur-le-repertoire-de-la-siefar\/","title":{"rendered":"Inscription sur l&#8217;annuaire de la SIEFAR"},"content":{"rendered":"<p style=\"text-align: center;\"><span style=\"font-size: 12pt;\"><br \/>\n<strong><a href=\"http:\/\/siefar.org\/wp-content\/uploads\/2020\/06\/Fiche-r\u00e9pertoire-2020.docx\">Fiche d&#8217;inscription<\/a> <\/strong><\/span><\/p>\n<p style=\"text-align: center;\"><span style=\"font-size: 12pt;\">(\u00e0 remplir et renvoyer \u00e0 <a href=\"mailto:contact@siefar.org\">contact@siefar.org<\/a>)<\/span><\/p>\n<ul>\n<li style=\"text-align: justify;\"><strong>Il est n\u00e9cessaire de s\u2019inscrire<\/strong> aupr\u00e8s de l\u2019association pour figurer sur l&#8217;annuaire en remplissant la fiche d\u2019inscription*<\/li>\n<li style=\"text-align: justify;\"><strong>Il n\u2019est pas n\u00e9cessaire d\u2019\u00eatre adh\u00e9rent-e de la SIEFAR<\/strong> pour figurer dans l&#8217;annuaire. Les non-membres peuvent s\u2019y inscrire gratuitement.<\/li>\n<li style=\"text-align: justify;\"><strong>Il n\u2019est pas n\u00e9cessaire d\u2019\u00eatre sp\u00e9cialiste du domaine<\/strong> pour figurer dans l&#8217;annuaire. Nous invitons toutes les personnes ayant publi\u00e9 ou ayant effectu\u00e9 au moins une recherche dans ce domaine (\u00e0 partir du Master 2) \u00e0 s\u2019y inscrire : leur savoir peut \u00eatre utile \u00e0 quelqu\u2019un-e !<\/li>\n<li style=\"text-align: justify;\"><strong>Il est n\u00e9cessaire de tenir le r\u00e9pertoire \u00e0 jour<\/strong>, en signalant r\u00e9guli\u00e8rement les modifications \u00e0 l\u2019association (<a href=\"mailto:contact@siefar.org\">contact@siefar.org<\/a>).<\/li>\n<li style=\"text-align: justify;\"><span style=\"font-size: 12pt;\"><strong>Avantages adh\u00e9rent-es :<\/strong> Les pr\u00e9sentations d\u00e9taill\u00e9es des ouvrages publi\u00e9s par nos adh\u00e9rent-e-s sont \u00e9galement int\u00e9gr\u00e9es \u00e0 l&#8217;annuaire. <\/span><\/li>\n<\/ul>\n<p style=\"text-align: justify;\">Les informations publi\u00e9es sur l&#8217;annuaire sont sous l\u2019enti\u00e8re responsabilit\u00e9 des sp\u00e9cialistes, sur base des donn\u00e9es qu\u2019elles et ils ont fournies \u00e0 la SIEFAR. L\u2019association d\u00e9cline toute responsabilit\u00e9 sur le contenu des fiches qui lui sont transmises. En revanche, la SIEFAR est libre de proc\u00e9der \u00e0 la mise en page de son choix et de conformer les r\u00e9f\u00e9rences bibliographiques aux principes \u00e9ditoriaux du dictionnaire des Femmes de l\u2019Ancienne France.<\/p>\n<p style=\"text-align: justify;\"><span style=\"font-size: 10pt;\"><strong>*<\/strong> En remplissant la fiche d\u2019inscription \u00e0 l&#8217;annuaire de la SIEFAR, vous consentez \u00e0 ce que les donn\u00e9es qu\u2019elle contient soient enregistr\u00e9es dans un fichier informatis\u00e9 sous la responsabilit\u00e9 du Conseil d\u2019Administration de la Soci\u00e9t\u00e9 Internationale pour l\u2019Etude des Femmes d\u2019Ancien R\u00e9gime (SIEFAR), et qu\u2019elles soient publi\u00e9es sur le site internet de la SIEFAR afin de permettre aux utilisateurs et utilisatrices du site d\u2019identifier les personnes qui travaillent ou ont travaill\u00e9 sur une\/des\/les femmes de l\u2019Ancien R\u00e9gime, et de conna\u00eetre les recherches qu\u2019elles ont r\u00e9alis\u00e9es. Ces donn\u00e9es seront trait\u00e9es sur la base du pr\u00e9sent consentement. Les informations \u00e0 caract\u00e8re personnel renseign\u00e9es sur la fiche d\u2019inscription (adresse mail, rattachement institutionnel, liste des publications) seront publi\u00e9es telles quelles sur le r\u00e9pertoire, sauf opposition de votre part. Ces informations seront conserv\u00e9es par la SIEFAR et sur son site jusqu\u2019\u00e0 instruction contraire de votre part.<\/span><\/p>\n<p style=\"text-align: justify;\"><span style=\"font-size: 10pt;\">Conform\u00e9ment aux dispositions du R\u00e8glement G\u00e9n\u00e9ral sur la Protection des Donn\u00e9es (UE 2016\/679) et de la loi du 30 juillet 2018 relative \u00e0 la protection des personnes physiques \u00e0 l&#8217;\u00e9gard des traitements de donn\u00e9es \u00e0 caract\u00e8re personnel, vous pouvez exercer vos droits relatifs \u00e0 ces donn\u00e9es \u00e0 caract\u00e8re personnel (droit d\u2019acc\u00e8s, de rectification, d\u2019effacement, \u00e0 la limitation, d\u2019opposition, \u00e0 la portabilit\u00e9 et de retrait du consentement) en contactant la personne en charge du r\u00e9pertoire (<a href=\"mailto:contact@siefar.org\">contact@siefar.org<\/a>). Vous disposez \u00e9galement du droit d\u2019introduire une r\u00e9clamation aupr\u00e8s de la Commission Nationale de l&#8217;Informatique et des Libert\u00e9s (<a href=\"https:\/\/www.cnil.fr\/fr\/plaintes\/internet\">https:\/\/www.cnil.fr\/fr\/plaintes\/internet<\/a>).<\/span><\/p>\n<div class=\"corpsTexte\" style=\"text-align: justify;\"><span style=\"font-size: 12pt;\">\u00a0<\/span><\/div>\n<div id=\"ritekit-alerts\"><\/div>\n","protected":false},"excerpt":{"rendered":"<p>Fiche d&#8217;inscription (\u00e0 remplir et renvoyer \u00e0 contact@siefar.org) Il est n\u00e9cessaire de s\u2019inscrire aupr\u00e8s de l\u2019association pour figurer sur l&#8217;annuaire en remplissant la fiche d\u2019inscription* Il n\u2019est pas n\u00e9cessaire d\u2019\u00eatre adh\u00e9rent-e de la SIEFAR pour figurer dans l&#8217;annuaire. Les non-membres peuvent s\u2019y inscrire gratuitement. Il n\u2019est pas n\u00e9cessaire d\u2019\u00eatre sp\u00e9cialiste du domaine pour figurer dans [&hellip;]<\/p>\n","protected":false},"author":4,"featured_media":0,"parent":2773,"menu_order":0,"comment_status":"closed","ping_status":"closed","template":"","meta":{"_acf_changed":false,"footnotes":""},"class_list":["post-2775","page","type-page","status-publish","hentry"],"translation":{"provider":"WPGlobus","version":"3.0.0","language":"gb","enabled_languages":["fr","gb"],"languages":{"fr":{"title":true,"content":true,"excerpt":false},"gb":{"title":false,"content":false,"excerpt":false}}},"acf":[],"_links":{"self":[{"href":"https:\/\/siefar.org\/gb\/wp-json\/wp\/v2\/pages\/2775","targetHints":{"allow":["GET"]}}],"collection":[{"href":"https:\/\/siefar.org\/gb\/wp-json\/wp\/v2\/pages"}],"about":[{"href":"https:\/\/siefar.org\/gb\/wp-json\/wp\/v2\/types\/page"}],"author":[{"embeddable":true,"href":"https:\/\/siefar.org\/gb\/wp-json\/wp\/v2\/users\/4"}],"replies":[{"embeddable":true,"href":"https:\/\/siefar.org\/gb\/wp-json\/wp\/v2\/comments?post=2775"}],"version-history":[{"count":3,"href":"https:\/\/siefar.org\/gb\/wp-json\/wp\/v2\/pages\/2775\/revisions"}],"predecessor-version":[{"id":15479,"href":"https:\/\/siefar.org\/gb\/wp-json\/wp\/v2\/pages\/2775\/revisions\/15479"}],"up":[{"embeddable":true,"href":"https:\/\/siefar.org\/gb\/wp-json\/wp\/v2\/pages\/2773"}],"wp:attachment":[{"href":"https:\/\/siefar.org\/gb\/wp-json\/wp\/v2\/media?parent=2775"}],"curies":[{"name":"wp","href":"https:\/\/api.w.org\/{rel}","templated":true}]}}