{"id":2770,"date":"2009-01-11T18:21:25","date_gmt":"2009-01-11T18:21:25","guid":{"rendered":"http:\/\/20"},"modified":"2009-01-11T18:21:25","modified_gmt":"2009-01-11T18:21:25","slug":"le-corpus","status":"publish","type":"page","link":"https:\/\/siefar.org\/gb\/revisiter-la-querelle-des-femmes\/le-corpus\/","title":{"rendered":"Le corpus"},"content":{"rendered":"<h3 style=\"text-align: center;\">Les textes de la Querelle des femmes<\/h3>\n<h3 style=\"text-align: center;\">(rubrique dirig\u00e9e par \u00c9liane Viennot)<\/h3>\n<p>&nbsp;<\/p>\n<div style=\"text-align: justify;\">\n<p>Cette rubrique est destin\u00e9e \u00e0 pr\u00e9senter <strong>la liste des ouvrages qui ont v\u00e9hicul\u00e9 la Querelle des femmes<\/strong>. Peu \u00e0 peu \u00e9labor\u00e9e en marge de la recherche sur <a href=\"http:\/\/www.elianeviennot.fr\/FFP.html\">La France, les femmes et le pouvoir <\/a>d&#8217;Eliane Viennotet dans le cadre du <a href=\"http:\/\/www.siefar.org\/revisiter-la-querelle-des-femmes\/presentation\/?lang=fr&amp;li=art19\">programme de recherche initi\u00e9 par la SIEFAR<\/a>, cette liste est loin d&#8217;\u00eatre exhaustive et les r\u00e9f\u00e9rences ne sont pas toujours compl\u00e8tes. Elle entend cependant faire entrevoir la masse des discours mis ou remis en circulation, la diversit\u00e9 des auteurs et autrices qui se sont exprim\u00e9s sur la question, la vari\u00e9t\u00e9 des tons qu&#8217;elles et ils ont emprunt\u00e9s pour ce faire. Elle veut \u00eatre un outil pour la recherche. Elle est r\u00e9guli\u00e8rement augment\u00e9e et mise \u00e0 jour par Eliane Viennot depuis son site, auquel elle renvoie.<\/p>\n<\/div>\n<div style=\"text-align: justify;\">\n<p>Tous les livres \u00e9tant susceptibles de se faire l&#8217;\u00e9cho de d\u00e9bats ou de d\u00e9saccords sur la place probl\u00e9matique des femmes dans la soci\u00e9t\u00e9, des <strong>crit\u00e8res de s\u00e9lection <\/strong>ont \u00e9t\u00e9 \u00e9tablis.<\/p>\n<p><strong>Ont \u00e9t\u00e9 retenus<\/strong> en priorit\u00e9 les ouvrages dont les titres parlaient d&#8217;eux-m\u00eames. Lorsque n&#8217;est pas le cas, une explicitation du rapport avec la Querelle est donn\u00e9e entre crochets.<\/p>\n<p><strong>Ont \u00e9t\u00e9 retenus a priori<\/strong> tous les ouvrages traitant des femmes comme cat\u00e9gorie sociale ou biologique (que leurs auteurs veuillent la d\u00e9finir, la d\u00e9crire, la d\u00e9fendre, la d\u00e9nigrer, en faire l&#8217;histoire, etc.) ou traitant des rapports conflictuels entre les hommes et les femmes. Les recueils de femmes savantes, dictionnaires de femmes c\u00e9l\u00e8bres, anthologies d&#8217;\u00e9crivaines\u2026 y figurent de facto, comme tous les ouvrages consacr\u00e9s au f\u00e9minisme. Beaucoup d&#8217;ouvrages de m\u00e9decine ou de droit y figurent \u00e9galement (ou devraient y figurer) lorsqu&#8217;ils comportent des discours normatifs ou politiques.<\/p>\n<p><strong>N&#8217;ont pas \u00e9t\u00e9 retenues<\/strong> les \u00e9tudes ou les fictions consacr\u00e9es \u00e0 une seule femme (Jeanne d&#8217;Arc, Marie-Antoinette\u2026), bien qu&#8217;elles s&#8217;inscrivent presque toujours dans la Querelle.<\/p>\n<p><strong>Des traductions<\/strong> \u00e9trang\u00e8res des ouvrages fran\u00e7ais ont \u00e9t\u00e9 ins\u00e9r\u00e9es, ainsi que des ouvrages \u00e9trangers relevant de la Querelle. Ces donn\u00e9es sont indicatives.<\/p>\n<p><strong>La fourchette temporelle<\/strong> consid\u00e9r\u00e9e est la p\u00e9riode allant du XIIIe si\u00e8cle aux ann\u00e9es 1930. Les raisons en sont explicit\u00e9es dans l&#8217;article <a href=\"http:\/\/www.elianeviennot.fr\/Articles\/Viennot-Querelle1-intro.pdf\u200e\">\u00abRevisiter la \u201cquerelle des femmes\u201d: mais de quoi parle-t-on&#8217;\u00bb<\/a><\/p>\n<p>Cette liste a vocation \u00e0 s\u2019enrichir des remarques, suggestions et nouvelles r\u00e9f\u00e9rences des chercheuses et chercheurs, adh\u00e9rent-es ou non de la SIEFAR (<a href=\"mailto:contact@siefar.org\">contact@siefar.org<\/a>). Merci de votre collaboration !<\/p>\n<\/div>\n<p style=\"text-align: justify;\"><strong>Mode d\u2019emploi :<\/strong><\/p>\n<p style=\"text-align: justify;\">&#8211; les r\u00e9f\u00e9rences pr\u00e9c\u00e9d\u00e9es du signe * notent l\u2019\u0153uvre d\u2019une autrice ou du moins attribuable \u00e0 une femme<br \/>\n&#8211; les r\u00e9f\u00e9rences pr\u00e9c\u00e9d\u00e9es d\u2019un signe + notent une r\u00e9\u00e9dition ; la date entre crochet renvoie \u00e0 la premi\u00e8re \u00e9dition<br \/>\n&#8211; la mention (TH) signale une pi\u00e8ce de th\u00e9\u00e2tre lorsqu\u2019aucune autre indication plus pr\u00e9cise n\u2019appara\u00eet dans le titre<\/p>\n<h3 style=\"text-align: center;\"><strong>Listes par si\u00e8cle :<\/strong><\/h3>\n<ul>\n<li>XIIIe si\u00e8cle (\u00e0 venir)<\/li>\n<li>XIVe si\u00e8cle (\u00e0 venir)<\/li>\n<li><a href=\"http:\/\/www.elianeviennot.fr\/Querelle\/Querelle-corpus15.html\">XVe si\u00e8cle<\/a><\/li>\n<li><a href=\"http:\/\/www.elianeviennot.fr\/Querelle\/Querelle-corpus16.html\">XVIe si\u00e8cle<\/a><\/li>\n<li><a href=\"http:\/\/www.elianeviennot.fr\/Querelle\/Querelle-corpus17.html\">XVIIe si\u00e8cle<\/a><\/li>\n<li><a href=\"http:\/\/www.elianeviennot.fr\/Querelle\/Querelle-corpus18.html\">XVIIIe si\u00e8cle<\/a><\/li>\n<li>XIXe si\u00e8cle (\u00e0 venir)<\/li>\n<\/ul>\n\n<div uk-grid class=\"uk-child-width-1-3\">\n\n    \n<\/div>\n\n","protected":false},"excerpt":{"rendered":"<p>Les textes de la Querelle des femmes (rubrique dirig\u00e9e par \u00c9liane Viennot) &nbsp; Cette rubrique est destin\u00e9e \u00e0 pr\u00e9senter la liste des ouvrages qui ont v\u00e9hicul\u00e9 la Querelle des femmes. Peu \u00e0 peu \u00e9labor\u00e9e en marge de la recherche sur La France, les femmes et le pouvoir d&#8217;Eliane Viennotet dans le cadre du programme de [&hellip;]<\/p>\n","protected":false},"author":4,"featured_media":1916,"parent":2768,"menu_order":0,"comment_status":"closed","ping_status":"closed","template":"","meta":{"_acf_changed":false,"footnotes":""},"class_list":["post-2770","page","type-page","status-publish","has-post-thumbnail","hentry"],"translation":{"provider":"WPGlobus","version":"3.0.0","language":"gb","enabled_languages":["fr","gb"],"languages":{"fr":{"title":true,"content":true,"excerpt":false},"gb":{"title":false,"content":false,"excerpt":false}}},"acf":[],"_links":{"self":[{"href":"https:\/\/siefar.org\/gb\/wp-json\/wp\/v2\/pages\/2770","targetHints":{"allow":["GET"]}}],"collection":[{"href":"https:\/\/siefar.org\/gb\/wp-json\/wp\/v2\/pages"}],"about":[{"href":"https:\/\/siefar.org\/gb\/wp-json\/wp\/v2\/types\/page"}],"author":[{"embeddable":true,"href":"https:\/\/siefar.org\/gb\/wp-json\/wp\/v2\/users\/4"}],"replies":[{"embeddable":true,"href":"https:\/\/siefar.org\/gb\/wp-json\/wp\/v2\/comments?post=2770"}],"version-history":[{"count":1,"href":"https:\/\/siefar.org\/gb\/wp-json\/wp\/v2\/pages\/2770\/revisions"}],"predecessor-version":[{"id":15401,"href":"https:\/\/siefar.org\/gb\/wp-json\/wp\/v2\/pages\/2770\/revisions\/15401"}],"up":[{"embeddable":true,"href":"https:\/\/siefar.org\/gb\/wp-json\/wp\/v2\/pages\/2768"}],"wp:featuredmedia":[{"embeddable":true,"href":"https:\/\/siefar.org\/gb\/wp-json\/"}],"wp:attachment":[{"href":"https:\/\/siefar.org\/gb\/wp-json\/wp\/v2\/media?parent=2770"}],"curies":[{"name":"wp","href":"https:\/\/api.w.org\/{rel}","templated":true}]}}