{"id":2769,"date":"2009-01-11T18:20:52","date_gmt":"2009-01-11T18:20:52","guid":{"rendered":"http:\/\/19"},"modified":"2009-01-11T18:20:52","modified_gmt":"2009-01-11T18:20:52","slug":"presentation","status":"publish","type":"page","link":"https:\/\/siefar.org\/gb\/revisiter-la-querelle-des-femmes\/presentation\/","title":{"rendered":"Pr\u00e9sentation"},"content":{"rendered":"<div class=\"titreJaune\" style=\"text-align: center;\"><span style=\"font-size: 12pt;\">Discours sur l\u2019\u00e9galit\u00e9\/in\u00e9galit\u00e9 des femmes et des hommes, <\/span><\/div>\n<div class=\"titreJaune\" style=\"text-align: center;\"><span style=\"font-size: 12pt;\">de la Renaissance aux lendemains de la R\u00e9volution fran\u00e7aise: <\/span><\/div>\n<div class=\"titreJaune\" style=\"text-align: center;\"><span style=\"font-size: 12pt;\">revisiter la \u00abquerelle des femmes\u00bb<br \/> <\/span><\/div>\n<div class=\"corpsTexte\" style=\"text-align: justify;\">\u00a0<\/div>\n<div class=\"corpsTexte\" style=\"text-align: justify;\"><span style=\"font-size: 12pt;\">\u00a0<\/span><\/div>\n<div class=\"corpsTexte\" style=\"text-align: justify;\"><span style=\"font-size: 12pt;\">Des centaines d\u2019hommes et de femmes en Europe se sont prononc\u00e9-es, tout au long de cette p\u00e9riode, sur la double question de l\u2019\u00e9galit\u00e9\/in\u00e9galit\u00e9 et de la diff\u00e9rence\/similitude des sexes, \u00e0 travers des trait\u00e9s, des dialogues, des pamphlets, des manifestes, des pr\u00e9faces, des articles, sans parler d\u2019\u0153uvres de fiction \u00e0 caract\u00e8re d\u00e9monstratif. <\/span><\/div>\n<div class=\"corpsTexte\" style=\"text-align: justify;\"><span style=\"font-size: 12pt;\">\u00a0<\/span><\/div>\n<div class=\"corpsTexte\" style=\"text-align: justify;\"><span style=\"font-size: 12pt;\">Ces opinions demeurent mal connues et mal appr\u00e9ci\u00e9es. Elles ne sont gu\u00e8re mentionn\u00e9es que dans les Histoires du f\u00e9minisme, sous le nom de \u00abQuerelle des femmes\u00bb, et n\u2019ont le plus souvent \u00e9t\u00e9 \u00e9tudi\u00e9es que d\u2019un point de vue litt\u00e9raire ou philosophique. Elles constituent donc un chantier de recherche mal cern\u00e9, sujet \u00e0 interpr\u00e9tations divergentes.<br \/> &#8211; Il s\u2019agit de reprendre, \u00e0 la lumi\u00e8re des \u00e9tudes qui se sont multipli\u00e9es ces derni\u00e8res d\u00e9cennies, l\u2019examen de ce d\u00e9bat, afin de mieux comprendre comment le stock d\u2019arguments (pour ou contre l\u2019\u00e9galit\u00e9) forg\u00e9 durant cette longue p\u00e9riode a form\u00e9 d\u2019une mani\u00e8re d\u00e9cisive la pens\u00e9e occidentale des relations entre les sexes.<br \/> &#8211; Il s\u2019agit de comprendre comment cette pol\u00e9mique s\u2019est renouvel\u00e9e tout au long de l\u2019Ancien R\u00e9gime, avant de rev\u00eatir des formes g\u00e9n\u00e9ralement diff\u00e9rentes dans les r\u00e9gimes post\u00e9rieurs \u00e0 la R\u00e9volution fran\u00e7aise, dont certaines sont toujours rep\u00e9rables dans la soci\u00e9t\u00e9 contemporaine. <br \/> &#8211; Il s\u2019agit aussi de mettre en lumi\u00e8re la mani\u00e8re dont ce d\u00e9bat, parfois identifi\u00e9 comme \u00abstrictement litt\u00e9raire\u00bb, a accompagn\u00e9, justifi\u00e9, pr\u00e9par\u00e9 les transformations politiques et id\u00e9ologiques qui \u00e9taient en cours, faisant \u00e9cho aux efforts concrets des acteurs et actrices pour emp\u00eacher, ou au contraire permettre, l\u2019acc\u00e8s des femmes et des hommes aux m\u00eames activit\u00e9s, aux m\u00eames droits, aux m\u00eames pouvoirs, \u00e0 la m\u00eame reconnaissance. <br \/> &#8211; Il s\u2019agit encore de mieux cerner le poids des d\u00e9terminismes (le groupe social, le sexe, la profession, la situation familiale\u2026) sur les individus qui se sont engag\u00e9s dans la production de ces discours. <br \/> &#8211; Enfin, il s\u2019agit de faire conna\u00eetre l\u2019anciennet\u00e9 des d\u00e9bats sur l\u2019\u00e9galit\u00e9 des sexes en France (et plus g\u00e9n\u00e9ralement en Europe), comme l\u2019anciennet\u00e9 et la vari\u00e9t\u00e9 des r\u00e9sistances \u00e0 cette id\u00e9e.<\/span><\/p>\n<p><span style=\"font-size: 12pt;\">\u00a0<\/span><\/p>\n<\/div>\n<div class=\"corpsTexte\" style=\"text-align: justify;\"><span style=\"font-size: 12pt;\">\u00a0<\/span><\/div>\n<div class=\"corpsTexte\" style=\"text-align: justify;\"><span style=\"font-size: 12pt;\"><strong>La SIEFAR souhaite proposer des relectures in\u00e9dites en promouvant six types d\u2019actions:<\/strong><\/span><\/div>\n<div class=\"corpsTexte\" style=\"text-align: justify;\"><span style=\"font-size: 12pt;\">\u00a0<\/span><\/div>\n<div class=\"listeNoire\"><span style=\"font-size: 12pt;\">l\u2019organisation de journ\u00e9es d\u2019\u00e9tude et colloques,<\/span><\/div>\n<div class=\"listeNoire\"><span style=\"font-size: 12pt;\">la publication des communications pr\u00e9sent\u00e9es \u00e0 ces occasions (<a href=\"1\/\">vol. 1<\/a>; <a href=\"1\/\">vol. 2<\/a>; <a href=\"1\/\">vol. 3<\/a>;<a href=\"http:\/\/siefar.org\/querelle-4\/\"> vol. 4<\/a>),<\/span><\/div>\n<div class=\"listeNoire\"><span style=\"font-size: 12pt;\">la mise en ligne de la liste des documents anciens constituant le <a href=\"http:\/\/www.siefar.org\/revisiter-la-querelle-des-femmes\/le-corpus\/?lang=fr&amp;li=art20\">corpus <\/a>de la querelle,<\/span><\/div>\n<div class=\"listeNoire\"><span style=\"font-size: 12pt;\">la mise en ligne de certains de ces <a href=\"http:\/\/www.siefar.org\/revisiter-la-querelle-des-femmes\/documents\/?lang=fr&amp;li=art21\">documents<\/a>,<\/span><\/div>\n<div class=\"listeNoire\"><span style=\"font-size: 12pt;\">la mise en ligne d\u2019\u00e9tudes et articles,<\/span><\/div>\n<div class=\"listeNoire\"><span style=\"font-size: 12pt;\">la mise en ligne d\u2019une <a href=\"http:\/\/www.siefar.org\/revisiter-la-querelle-des-femmes\/bibliographie\/?lang=fr&amp;li=art22\">bibliographie<\/a>.<\/span><\/div>\n<div class=\"corpsTexte\" style=\"text-align: justify;\"><span style=\"font-size: 12pt;\">\u00a0<\/span><\/div>\n<div class=\"corpsTexte\" style=\"text-align: justify;\"><span style=\"font-size: 12pt;\">\u00a0<\/span><\/div>\n<div class=\"corpsTexte\" style=\"text-align: justify;\"><span style=\"font-size: 12pt;\"><strong>D\u00e9roulement du projet<\/strong><\/span><\/div>\n<div class=\"corpsTexte\" style=\"text-align: justify;\"><span style=\"font-size: 12pt;\">\u00a0<\/span><\/div>\n<div class=\"corpsTexte\" style=\"text-align: justify;\"><span style=\"font-size: 12pt;\">L\u2019ensemble du projet est pr\u00e9vu pour se d\u00e9rouler sur quatre ans, autour de quatre colloques : <\/span><\/div>\n<div class=\"listeNoire\"><span style=\"font-size: 12pt;\">trois r\u00e9pondant \u00e0 une logique p\u00e9riodique (<a href=\"http:\/\/www.siefar.org\/docsiefar\/file\/Discours-in-egalite-prog_8nov.pdf\">1750-1810<\/a> ;<a href=\"http:\/\/www.siefar.org\/docsiefar\/file\/Querelle2-programme.pdf\">1600-1750<\/a> ; <a href=\"http:\/\/www.siefar.org\/docsiefar\/file\/Programme-Querelle3.pdf\">1400-1600<\/a>),<\/span><\/div>\n<div class=\"listeNoire\"><span style=\"font-size: 12pt;\">le dernier \u00e0 une logique comparatiste (<a href=\"http:\/\/www.siefar.org\/docsiefar\/file\/Programme-Querelle4-web.pdf\">r\u00e9percussions europ\u00e9ennes<\/a>).<\/span><\/div>\n<div class=\"corpsTexte\"><span style=\"font-size: 12pt;\">\u00a0<\/span><\/div>\n<div class=\"corpsTexte\"><span style=\"font-size: 12pt;\">Chaque tranche du programme donnera lieu \u00e0 des publications papier et \u00e9lectroniques, notamment :<\/span><\/div>\n<div class=\"listeNoire\"><span style=\"font-size: 12pt;\">des meilleures contributions pr\u00e9sent\u00e9es aux colloques,<\/span><\/div>\n<div class=\"listeNoire\"><span style=\"font-size: 12pt;\">d\u2019une liste des textes de la \u00ab Querelle \u00bb,<\/span><\/div>\n<div class=\"listeNoire\"><span style=\"font-size: 12pt;\">de notices sur leurs auteurs et autrices dans le Dictionnaire de l\u2019ancienne France de la SIEFAR,<\/span><\/div>\n<div class=\"listeNoire\"><span style=\"font-size: 12pt;\">de la mise en ligne de textes de la Querelle. <br \/> <strong><br \/> <\/strong><\/span><\/div>\n<div class=\"corpsTexte\" style=\"text-align: justify;\"><span style=\"font-size: 12pt;\">\u00a0<\/span><\/div>\n<div class=\"corpsTexte\" style=\"text-align: justify;\"><span style=\"font-size: 12pt;\"><strong>Comit\u00e9 scientifique 1400-1800, Europe<\/strong><br \/> <\/span><\/div>\n<div class=\"listeNoire\"><span style=\"font-size: 12pt;\">Armel Dubois-Nayt, langue anglaise 16e s., Universit\u00e9 Versailles-Saint-Quentin<\/span><\/div>\n<div class=\"listeNoire\"><span style=\"font-size: 12pt;\">Nicole Dufournaud, histoire 16e s., Universit\u00e9 de Tours<\/span><\/div>\n<div class=\"listeNoire\"><span style=\"font-size: 12pt;\">S\u00e9verine Genieys-Kirk, litt\u00e9rature 17e s., Universit\u00e9 d&#8217;Edimbourg<\/span><\/div>\n<div class=\"listeNoire\"><span style=\"font-size: 12pt;\">Danielle Haase-Dubosc, litt\u00e9rature 17e s, Universit\u00e9 de Columbia<\/span><\/div>\n<div class=\"listeNoire\"><span style=\"font-size: 12pt;\">Marie-Elisabeth Henneau, histoire moderne, Universit\u00e9 de Li\u00e8ge<br \/> <\/span><\/div>\n<div class=\"listeNoire\"><span style=\"font-size: 12pt;\">Edwige Keller-Rahbe, litt\u00e9rature 17e s, Universit\u00e9 Lumi\u00e8re Lyon 2<\/span><\/div>\n<p><d\niv class=\"listeNoire\"><span style=\"font-size: 12pt;\">Huguette Krief, litt\u00e9rature 18e s, Universit\u00e9 de Provence<\/span><\/div>\n<div class=\"listeNoire\"><span style=\"font-size: 12pt;\">Catherine Pascal, litt\u00e9rature 17e s. Universit\u00e9 de Montpellier<\/span><\/div>\n<div class=\"listeNoire\"><span style=\"font-size: 12pt;\">Anne Paupert, litt\u00e9rature Moyen-Age, Universit\u00e9 Paris 7-Denis Diderot<\/span><\/div>\n<div class=\"listeNoire\"><span style=\"font-size: 12pt;\">Nicole Pellegrin, histoire moderne CNRS-IHMC<br \/> <\/span><\/div>\n<div class=\"listeNoire\"><span style=\"font-size: 12pt;\">H\u00e9l\u00e8ne Swift, litt\u00e9rature fran\u00e7aise 14e-15e s, Oxford, St Hilda College<\/span><\/div>\n<div class=\"listeNoire\"><span style=\"font-size: 12pt;\">\u00c9liane Viennot, litt\u00e9rature 15e-16e, Universit\u00e9 de Saint-Etienne<\/span><\/div>\n<div class=\"listeNoire\"><span style=\"font-size: 12pt;\">Rotraud Von Kulessa, litt\u00e9rature 18e, Universit\u00e9 de Freiburg<br \/> <\/span><\/div>\n<div class=\"corpsTexte\" style=\"text-align: justify;\"><span style=\"font-size: 12pt;\"><br \/> <\/span><\/div>\n<div class=\"corpsTexte\" style=\"text-align: justify;\"><span style=\"font-size: 12pt;\">\u00a0<\/span><\/div>\n<div class=\"corpsTexte\" style=\"text-align: justify;\"><span style=\"font-size: 12pt;\"><strong>Comit\u00e9 d&#8217;organisation<\/strong> <strong>1400-1800, Europe<\/strong> : les membres du Conseil d&#8217;Administration de la SIEFAR<\/span><\/div>\n<div class=\"corpsTexte\" style=\"text-align: justify;\"><span style=\"font-size: 12pt;\"><br \/> <\/span><\/div>\n<div class=\"corpsTexte\" style=\"text-align: justify;\"><span style=\"font-size: 12pt;\">\u00a0<\/span><\/div>\n<div class=\"corpsTexte\" style=\"text-align: justify;\"><span style=\"font-size: 12pt;\"><strong>Comit\u00e9 scientifique 1400-1600<\/strong><br \/> <\/span><\/div>\n<div class=\"listeNoire\"><span style=\"font-size: 12pt;\">Genevi\u00e8ve Fraisse, philosophie, CNRS<br \/> <\/span><\/div>\n<div class=\"listeNoire\"><span style=\"font-size: 12pt;\">Dominique Godineau, histoire moderne, Universit\u00e9 de Rennes<\/span><\/div>\n<div class=\"listeNoire\"><span style=\"font-size: 12pt;\">Danielle Haase-Dubosc, litt\u00e9rature 17e s, Universit\u00e9 de Columbia<br \/> <\/span><\/div>\n<div class=\"listeNoire\"><span style=\"font-size: 12pt;\">Catherine Pascal, litt\u00e9rature 17e s. Universit\u00e9 de Montpellier<br \/> <\/span><\/div>\n<div class=\"listeNoire\"><span style=\"font-size: 12pt;\">Nicole Pellegrin, histoire moderne CNRS-IHMC<\/span><\/div>\n<div class=\"listeNoire\"><span style=\"font-size: 12pt;\">Martine Reid, litt\u00e9rature 18e-19e s. Universit\u00e9 de Lille III<br \/> <\/span><\/div>\n<div class=\"listeNoire\"><span style=\"font-size: 12pt;\">Martine Sonnet, histoire moderne, CNRS-IHMC<\/span><\/div>\n<div class=\"listeNoire\"><span style=\"font-size: 12pt;\">H\u00e9l\u00e8ne Swift, litt\u00e9rature fran\u00e7aise 14e-15e s, Oxford, St Hilda College<\/span><\/div>\n<div class=\"listeNoire\"><span style=\"font-size: 12pt;\">\u00c9liane Viennot, litt\u00e9rature 15e-16e, Universit\u00e9 de Saint-Etienne, IUF<br \/> <\/span><\/div>\n<div class=\"corpsTexte\" style=\"text-align: justify;\"><span style=\"font-size: 12pt;\">\u00a0<\/span><\/div>\n<div class=\"corpsTexte\" style=\"text-align: justify;\"><span style=\"font-size: 12pt;\"><br \/> <\/span><\/div>\n<div class=\"corpsTexte\" style=\"text-align: justify;\"><span style=\"font-size: 12pt;\"><strong>Comit\u00e9 d&#8217;organisation<\/strong> <strong>1400-1600<\/strong> : les membres du Conseil d&#8217;Administration de la SIEFAR<br \/> <\/span><\/div>\n<div class=\"corpsTexte\" style=\"text-align: justify;\"><span style=\"font-size: 12pt;\"><br \/> <\/span><\/div>\n<div class=\"corpsTexte\" style=\"text-align: justify;\"><span style=\"font-size: 12pt;\"><br \/> <\/span><\/div>\n<div class=\"corpsTexte\" style=\"text-align: justify;\">\n<div class=\"corpsTexte\" style=\"text-align: justify;\"><span style=\"font-size: 12pt;\"><strong>Comit\u00e9 scientifique 1600-1750, Europe<\/strong><br \/> <\/span><\/div>\n<div class=\"listeNoire\"><span style=\"font-size: 12pt;\">Evelyne Berriot, litt\u00e9rature 16^e s. Universit\u00e9 de Montpellier<\/span><\/div>\n<div class=\"listeNoire\"><span style=\"font-size: 12pt;\">Genevi\u00e8ve Fraisse, philosophie, CNRS<\/span><\/div>\n<div class=\"listeNoire\"><span style=\"font-size: 12pt;\">Dominique Godineau, histoire moderne, Universit\u00e9 de Rennes<\/span><\/div>\n<div class=\"listeNoire\"><span style=\"font-size: 12pt;\">Nicole Pellegrin, histoire moderne CNRS-IHMC<\/span><\/div>\n<div class=\"listeNoire\"><span style=\"font-size: 12pt;\">Catherine Pascal, litt\u00e9rature 17e s. Universit\u00e9 de Montpellier<\/span><\/div>\n<div class=\"listeNoire\"><span style=\"font-size: 12pt;\">Martine Reid, litt\u00e9rature 18e-19e s. Universit\u00e9 de Saint-Quentin-en-Yvelines<\/span><\/div>\n<div class=\"listeNoire\"><span style=\"font-size: 12pt;\">Martine Sonnet, histoire moderne, CNRS-IHMC<\/span><\/div>\n<div class=\"listeNoire\"><span style=\"font-size: 12pt;\">H\u00e9l\u00e8ne Swift, litt\u00e9rature fran\u00e7aise 14e-15e s, Oxford, St Hilda College<\/span><\/div>\n<div class=\"listeNoire\"><span style=\"font-size: 12pt;\">\u00c9liane Viennot, litt\u00e9rature 15e-16e, Universit\u00e9 de Saint-Etienne<\/span><\/div>\n<\/div>\n<div class=\"corpsTexte\" style=\"text-align: justify;\"><span style=\"font-size: 12pt;\"><br \/> <\/span><\/div>\n<div class=\"corpsTexte\" style=\"text-align: justify;\"><span style=\"font-size: 12pt;\">\u00a0<\/span><\/div>\n<div class=\"corpsTexte\" style=\"text-align: justify;\"><span style=\"font-size: 12pt;\"><strong>Comit\u00e9 d&#8217;organisation<\/strong> <strong>1600-1750<\/strong> : Aurore Evain, Sandrine Lely, Nicole Pellegrin, Martine Sonnet, Eliane Viennot <br \/> <\/span><\/div>\n<div class=\"corpsTexte\" style=\"text-align: justify;\"><span style=\"font-size: 12pt;\"><br \/> <\/span><\/div>\n<div class=\"corpsTexte\" style=\"text-align: justify;\"><span style=\"font-size: 12pt;\">\u00a0<\/span><\/div>\n<div class=\"corpsTexte\" style=\"text-align: justify;\">\n<div class=\"corpsTexte\" style=\"text-align: justify;\"><span style=\"font-size: 12pt;\"><strong>Comit\u00e9 scientifique 1750-1810<\/strong><br \/> <\/span><\/div>\n<div class=\"listeNoire\"><span style=\"font-size: 12pt;\">Evelyne Berriot-Salvadore, litt\u00e9rature 16e, Universit\u00e9 de Montpellier<br \/> <\/span><\/div>\n<div class=\"listeNoire\"><span style=\"font-size: 12pt;\">Genevi\u00e8ve Fraisse, philosophie, CNRS<\/span><\/div>\n<div class=\"listeNoire\"><span style=\"font-size: 12pt;\">Dominique Godineau, histoire moderne, Universit\u00e9 de Rennes<\/span><\/div>\n<div class=\"listeNoire\"><span style=\"font-size: 12pt;\">Catherine Pascal, litt\u00e9rature 17e s. Universit\u00e9 de Montpellier<\/span><\/div>\n<div class=\"listeNoire\"><span style=\"font-size: 12pt;\">Nicole Pellegrin, histoire moderne CNRS-IHMC<\/span><\/div>\n<div class=\"listeNoire\"><span style=\"font-size: 12pt;\">Martine Reid, litt\u00e9rature 18e-19e s. Universit\u00e9 de Saint-Quentin-en-Yvelines<\/span><\/div>\n<div class=\"listeNoire\"><span style=\"font-size: 12pt;\">Martine Sonnet, histoire moderne, CNRS-IHMC<\/span><\/div>\n<\/div>\n<div class=\"corpsTexte\" style=\"text-align: justify;\"><span style=\"font-size: 12pt;\">\u00a0<\/span><\/div>\n<div class=\"corpsTexte\" style=\"text-align: justify;\"><span style=\"font-size: 12pt;\">\u00a0<\/span><\/div>\n<div class=\"corpsTexte\" style=\"text-align: justify;\"><span style=\"font-size: 12pt;\"><strong>Comit\u00e9 d&#8217;organisation<\/strong> <strong>1750-1810<\/strong> : Aurore Evain, Sandrine Lely, Nicole Pellegrin, Martine Reid, Eliane Viennot<\/span><\/p>\n<p><span style=\"font-size: 12pt;\">\u00a0<\/span><\/p>\n<\/div>\n\n<div uk-grid class=\"uk-child-width-1-3\">\n\n    \n<\/div>\n\n","protected":false},"excerpt":{"rendered":"<p>Discours sur l\u2019\u00e9galit\u00e9\/in\u00e9galit\u00e9 des femmes et des hommes, de la Renaissance aux lendemains de la R\u00e9volution fran\u00e7aise: revisiter la \u00abquerelle des femmes\u00bb \u00a0 \u00a0 Des centaines d\u2019hommes et de femmes en Europe se sont prononc\u00e9-es, tout au long de cette p\u00e9riode, sur la double question de l\u2019\u00e9galit\u00e9\/in\u00e9galit\u00e9 et de la diff\u00e9rence\/similitude des sexes, \u00e0 travers [&hellip;]<\/p>\n","protected":false},"author":4,"featured_media":7,"parent":2768,"menu_order":0,"comment_status":"closed","ping_status":"closed","template":"","meta":{"_acf_changed":false,"footnotes":""},"class_list":["post-2769","page","type-page","status-publish","has-post-thumbnail","hentry"],"translation":{"provider":"WPGlobus","version":"3.0.0","language":"gb","enabled_languages":["fr","gb"],"languages":{"fr":{"title":true,"content":true,"excerpt":false},"gb":{"title":false,"content":false,"excerpt":false}}},"acf":[],"_links":{"self":[{"href":"https:\/\/siefar.org\/gb\/wp-json\/wp\/v2\/pages\/2769","targetHints":{"allow":["GET"]}}],"collection":[{"href":"https:\/\/siefar.org\/gb\/wp-json\/wp\/v2\/pages"}],"about":[{"href":"https:\/\/siefar.org\/gb\/wp-json\/wp\/v2\/types\/page"}],"author":[{"embeddable":true,"href":"https:\/\/siefar.org\/gb\/wp-json\/wp\/v2\/users\/4"}],"replies":[{"embeddable":true,"href":"https:\/\/siefar.org\/gb\/wp-json\/wp\/v2\/comments?post=2769"}],"version-history":[{"count":2,"href":"https:\/\/siefar.org\/gb\/wp-json\/wp\/v2\/pages\/2769\/revisions"}],"predecessor-version":[{"id":15757,"href":"https:\/\/siefar.org\/gb\/wp-json\/wp\/v2\/pages\/2769\/revisions\/15757"}],"up":[{"embeddable":true,"href":"https:\/\/siefar.org\/gb\/wp-json\/wp\/v2\/pages\/2768"}],"wp:featuredmedia":[{"embeddable":true,"href":"https:\/\/siefar.org\/gb\/wp-json\/wp\/v2\/media\/7"}],"wp:attachment":[{"href":"https:\/\/siefar.org\/gb\/wp-json\/wp\/v2\/media?parent=2769"}],"curies":[{"name":"wp","href":"https:\/\/api.w.org\/{rel}","templated":true}]}}