{"id":2763,"date":"2009-01-09T19:10:59","date_gmt":"2009-01-09T19:10:59","guid":{"rendered":"http:\/\/14"},"modified":"2009-01-09T19:10:59","modified_gmt":"2009-01-09T19:10:59","slug":"honneur-a-nos-membres","status":"publish","type":"page","link":"https:\/\/siefar.org\/gb\/la-siefar\/honneur-a-nos-membres\/","title":{"rendered":"Honneur \u00e0 nos membres"},"content":{"rendered":"<div class=\"corpsTexte\" style=\"text-align: justify;\">\n<ul>\n<li><strong>2014<\/strong><\/li>\n<\/ul>\n<p>&#8211; L&#8217;ouvrage d&#8217;Eliane VIENNOT intitul\u00e9 <em><a href=\"1\/\">Non, le masculin ne l&#8217;emporte pas sur le f\u00e9minin<\/a><\/em> a figur\u00e9 dans la s\u00e9lection des essais retenus par le jury du Prix M\u00e9dicis.<\/span><\/p>\n<div class=\"corpsTexte\"><\/div>\n<ul>\n<li><strong>2013<\/strong><\/li>\n<\/ul>\n<p>&#8211; Nathalie ZEMON DAVIS a re\u00e7u des mains du pr\u00e9sident Obama la <a href=\"http:\/\/www.neh.gov\/news\/press-release\/2013-07-08\">M\u00e9daille nationale des Lettres<\/a><\/p>\n<div><\/div>\n<ul>\n<li>\n<div class=\"corpsTexte\"><strong>2010<\/strong><\/div>\n<\/li>\n<\/ul>\n<p>&#8211; Amelia del ROSARIO SANZ-CABRERIZO et son coll\u00e8gue Jos\u00e9 Luis SIERRA-RODR\u00cdGUEZ ont re\u00e7u l&#8217;un des douze prix des Google\u2019s Digital Humanities Research Awards, pour leur projet de recherche <em>Collaborative Annotation of Digitalized Literary Texts.<\/em><\/p>\n<div class=\"corpsTexte\"><\/div>\n<ul>\n<li>\n<div class=\"corpsTexte\"><strong>2009<\/strong><\/div>\n<\/li>\n<\/ul>\n<p>&#8211; R\u00e9gine REYNOLDS-CORNELL a \u00e9t\u00e9 promue Offici\u00e8re dans l&#8217;ordre des Palmes acad\u00e9miques.<br \/>\n&#8211; S\u00e9verine GENIEYS-KIRK a re\u00e7u une bourse de recherche, report\u00e9e au mois de novembre 2010 (AHRC Arts and Humanities Research Council) pour son livre sur la production romanesque en Europe&nbsp;: <em>Women\u2019s spaces, bodies and voices : a cross-cultural study of female-authored fiction in early modern Europe (1500-1700)<\/em>.<br \/>\n&#8211; \u00c9liane VIENNOT a re\u00e7u la l\u00e9gion d&#8217;honneur (1<sup>er<\/sup> grade: chevali\u00e8re, promotion 14 juillet 2008) le mercredi 21 octobre \u00e0 l&#8217;Universit\u00e9 Jean Monnet (Saint-\u00c9tienne). Elle lui a \u00e9t\u00e9 remise par Christine Charretton, Ma\u00eetresse de conf\u00e9rence en math\u00e9matiques \u00e0 l&#8217;Universit\u00e9 Lyon 1, ancienne charg\u00e9e de mission \u00e0 l&#8217;\u00e9galit\u00e9 des chances dans son universit\u00e9, membre de l&#8217;association Femmes et Sciences.<\/p>\n<div class=\"corpsTexte\" style=\"text-align: justify;\"><\/div>\n<ul>\n<li>\n<div class=\"corpsTexte\" style=\"text-align: justify;\"><strong>2008<\/strong><\/div>\n<\/li>\n<\/ul>\n<p>&#8211; \u00c9liane VIENNOT a \u00e9t\u00e9 reconduite pour 5 ans dans sa d\u00e9l\u00e9gation \u00e0 l&#8217;Institut universitaire de France.<\/p>\n<div class=\"corpsTexte\" style=\"text-align: justify;\"><\/div>\n<ul>\n<li>\n<div class=\"corpsTexte\" style=\"text-align: justify;\"><strong>2007<\/strong><\/div>\n<\/li>\n<\/ul>\n<p>&#8211; la bourse de la SI\u00c9FAR a \u00e9t\u00e9 d\u00e9cern\u00e9e \u00e0 Valentine DENZEL, doctorante travaillant sur une th\u00e8se intitul\u00e9e \u00ab&nbsp;Marphise et Bradamante&nbsp;: deux guerri\u00e8res qui ont fa\u00e7onn\u00e9 l\u2019imaginaire de l\u2019Europe moderne&nbsp;\u00bb.<\/p>\n<div class=\"corpsTexte\" style=\"text-align: justify;\"><\/div>\n<ul>\n<li>\n<div class=\"corpsTexte\" style=\"text-align: justify;\"><strong>2006<\/strong><\/div>\n<\/li>\n<\/ul>\n<p>&#8211; la bourse de la SI\u00c9FAR a \u00e9t\u00e9 d\u00e9cern\u00e9e \u00e0 Claire LE NINAN, post-doctorante de l&#8217;universit\u00e9 de Paris III, pour son projet d&#8217;\u00e9tudes iconographiques des textes politiques de Christine de Pizan.<\/p>\n<div class=\"corpsTexte\" style=\"text-align: justify;\"><\/div>\n<ul>\n<li>\n<div class=\"corpsTexte\" style=\"text-align: justify;\"><strong>2005<\/strong><\/div>\n<\/li>\n<\/ul>\n<p>&#8211; le prix IRCHSS (&#8220;Irish Research Council for the Humanities and Social Sciences&#8221;) Post-Doctoral Fellowship a \u00e9t\u00e9 d\u00e9cern\u00e9 \u00e0 S\u00e9verine GENIEYS-KIRK, membre du Conseil d&#8217;administration de la SI\u00c9FAR, pour son projet \u00ab&nbsp;The gender of knowledge: Madeleine-Ang\u00e9lique de Gomez (1684-1770) and the transmission of women&#8217;s writing in France, Britain and Ireland&nbsp;\u00bb.<br \/>\n&#8211; le prix Edwin Surrency (\u00ab&nbsp;American Society for Legal History for the best article in the Law and History Review in 2003&nbsp;\u00bb) a \u00e9t\u00e9 d\u00e9cern\u00e9 \u00e0 Sarah HANLEY, collaboratrice et donatrice de la SI\u00c9FAR pour son essai \u00ab&nbsp;The Jurisprudence of the Arrets: Marital Union, Civil Society and State Formation in France, 1550-1650&nbsp;\u00bb.<br \/>\n&#8211; la bourse de la SI\u00c9FAR a \u00e9t\u00e9 d\u00e9cern\u00e9e \u00e0 Sabine ARNAUD, doctorante travaillant sur une th\u00e8se intitul\u00e9e \u00ab&nbsp;Hyst\u00e9rie: Fictions et Politiques du Vrai au XVIII<sup>e<\/sup> si\u00e8cle&nbsp;\u00bb (EHESS\/Cuny, New-York).<br \/>\n&#8211; la bourse Marcelle Blum, d\u00e9cern\u00e9e par l&#8217;Acad\u00e9mie des Sciences morales et politiques pour permettre \u00e0 une agr\u00e9g\u00e9e de l&#8217;Universit\u00e9 de faire des \u00e9tudes de psychologie f\u00e9minine, a \u00e9t\u00e9 attribu\u00e9e \u00e0 Charlotte SIMONIN, doctorante adh\u00e9rente de la SI\u00c9FAR, pour la poursuite de sa th\u00e8se intitul\u00e9e \u00ab&nbsp;Un nouveau regard sur le th\u00e9\u00e2tre du XVIII<sup>e<\/sup> si\u00e8cle&nbsp;: Madame de Graffigny lectrice, spectatrice, critique et dramaturge.\u00bb<\/p>\n<div class=\"corpsTexte\" style=\"text-align: justify;\"><\/div>\n<ul>\n<li>\n<div class=\"corpsTexte\" style=\"text-align: justify;\"><strong>2004<\/strong><\/div>\n<\/li>\n<\/ul>\n<p>&#8211; la bourse de la SI\u00c9FAR a \u00e9t\u00e9 d\u00e9cern\u00e9e \u00e0 Eug\u00e9nie PASCAL pour ses recherches doctorales consacr\u00e9es au sujet \u00abLiens de famille, pratiques de pouvoir, conscience de soi. Princesses \u00e9pistoli\u00e8res au tournant du XVII<sup>e<\/sup> si\u00e8cle\u00bb.<br \/>\n&#8211; le Prix Ir\u00e8ne Joliot-Curie a \u00e9t\u00e9 d\u00e9cern\u00e9 \u00e0 la pr\u00e9sidente de la SI\u00c9FAR, \u00c9liane VIENNOT, en soutien aux activit\u00e9s de l&#8217;association pour le d\u00e9veloppement des recherches sur les femmes.<\/p>\n<\/div>\n","protected":false},"excerpt":{"rendered":"<p>2014 &#8211; L&#8217;ouvrage d&#8217;Eliane VIENNOT intitul\u00e9 Non, le masculin ne l&#8217;emporte pas sur le f\u00e9minin a figur\u00e9 dans la s\u00e9lection des essais retenus par le jury du Prix M\u00e9dicis. 2013 &#8211; Nathalie ZEMON DAVIS a re\u00e7u des mains du pr\u00e9sident Obama la M\u00e9daille nationale des Lettres 2010 &#8211; Amelia del ROSARIO SANZ-CABRERIZO et son coll\u00e8gue [&hellip;]<\/p>\n","protected":false},"author":4,"featured_media":0,"parent":2760,"menu_order":0,"comment_status":"closed","ping_status":"closed","template":"","meta":{"_acf_changed":false,"footnotes":""},"class_list":["post-2763","page","type-page","status-publish","hentry"],"translation":{"provider":"WPGlobus","version":"3.0.0","language":"gb","enabled_languages":["fr","gb"],"languages":{"fr":{"title":true,"content":true,"excerpt":false},"gb":{"title":false,"content":false,"excerpt":false}}},"acf":[],"_links":{"self":[{"href":"https:\/\/siefar.org\/gb\/wp-json\/wp\/v2\/pages\/2763","targetHints":{"allow":["GET"]}}],"collection":[{"href":"https:\/\/siefar.org\/gb\/wp-json\/wp\/v2\/pages"}],"about":[{"href":"https:\/\/siefar.org\/gb\/wp-json\/wp\/v2\/types\/page"}],"author":[{"embeddable":true,"href":"https:\/\/siefar.org\/gb\/wp-json\/wp\/v2\/users\/4"}],"replies":[{"embeddable":true,"href":"https:\/\/siefar.org\/gb\/wp-json\/wp\/v2\/comments?post=2763"}],"version-history":[{"count":0,"href":"https:\/\/siefar.org\/gb\/wp-json\/wp\/v2\/pages\/2763\/revisions"}],"up":[{"embeddable":true,"href":"https:\/\/siefar.org\/gb\/wp-json\/wp\/v2\/pages\/2760"}],"wp:attachment":[{"href":"https:\/\/siefar.org\/gb\/wp-json\/wp\/v2\/media?parent=2763"}],"curies":[{"name":"wp","href":"https:\/\/api.w.org\/{rel}","templated":true}]}}