{"id":2762,"date":"2009-01-09T19:07:48","date_gmt":"2009-01-09T19:07:48","guid":{"rendered":"http:\/\/10"},"modified":"2009-01-09T19:07:48","modified_gmt":"2009-01-09T19:07:48","slug":"partenaires","status":"publish","type":"page","link":"https:\/\/siefar.org\/gb\/la-siefar\/partenaires\/","title":{"rendered":"Partenaires"},"content":{"rendered":"<ul>\n<li><span style=\"font-size: small;\">2015 :Reid Hall (Columbia University)<\/span><\/li>\n<\/ul>\n<p style=\"text-align: center;\"><span style=\"font-size: small;\"><img loading=\"lazy\" decoding=\"async\" src=\"\/wp-content\/uploads\/2015\/09\/Reid-Hall-logo.jpg\" width=\"80\" height=\"60\" alt=\"\" \/><img loading=\"lazy\" decoding=\"async\" width=\"130\" height=\"58\" src=\"docsiefar\/image\/Columbia.jpg\" alt=\"\" \/><\/span><\/p>\n<p style=\"text-align: center;\">\n<ul>\n<li><span style=\"font-size: small;\">2013-2014 :FER ULg (Universit\u00e9 de Li\u00e8ge), L&#8217;AMo EA 4276 (Universit\u00e9 de Nantes), Encyclop\u00e9die b\u00e9n\u00e9dictine (Belgique), Reid Hall (Columbia University), Ville de Paris, Classiques Garnier.<\/span><\/li>\n<\/ul>\n<ul>\n<li><span style=\"font-size: small; \">2011 &#8211; 2012 :<\/span> <span style=\"font-size: small;\">IUF (Institut Universitaire de France) ; <\/span><span style=\"font-size: small;\"><font color=\"#000000\">Institut Emilie Du Ch\u00e2telet (R\u00e9gion \u00cele de France) ; <\/font><\/span><span style=\"font-size: small;\"><font color=\"#000000\">Universit\u00e9 de Columbia, Centre Reid Hall <\/font><\/span><span style=\"font-size: small;\">;  Universit\u00e9 Jean Monnet, Saint-Etienne ; GRAC &#8211; Groupe Renaissance et  \u00c2ge classique (UMR 5037 &#8211; Univ. Lumi\u00e8re Lyon 2) ; Mairie de Paris ; Universit\u00e9 d&#8217;Augsburg ; Mairie de Paris<br \/>\n    <\/span>                <\/li>\n<\/ul>\n<p style=\"text-align: center;\">\n<ul>\n<li><span style=\"font-size: small;\">2010 &#8211; 2011 : IUF (Institut Universitaire de France) ; <\/span><span style=\"font-size: small;\"><font color=\"#000000\">Institut Emilie Du Ch\u00e2telet (R\u00e9gion \u00cele de France) ; <\/font><\/span><span style=\"font-size: small;\"><font color=\"#000000\">Universit\u00e9 de Columbia, Centre Reid Hall <\/font><\/span><span style=\"font-size: small;\">; Universit\u00e9 Jean Monnet, Saint-Etienne ; GRAC &#8211; Groupe Renaissance et \u00c2ge classique (UMR 5037 &#8211; Univ. Lumi\u00e8re Lyon 2) ; Mairie de Paris.<br \/>\n    <\/span><\/li>\n<\/ul>\n<ul>\n<li><span style=\"font-size: small;\">2009-2010 :<font color=\"#000000\"> <\/font><\/span><span style=\"font-size: small;\">IUF (Institut Universitaire de France) ; <\/span><span style=\"font-size: small;\"><font color=\"#000000\">Institut Emilie Du Ch\u00e2telet (R\u00e9gion \u00cele de France) ; <\/font><\/span><span style=\"font-size: small;\"><font color=\"#000000\">Universit\u00e9 de Columbia, Centre Reid Hall <\/font><\/span><span style=\"font-size: small;\">; <\/span><span style=\"font-size: small;\">Universit\u00e9 Jean Monnet, Saint-Etienne <\/span><span style=\"font-size: small;\"><font color=\"#000000\">; IHMC (Institut d&#8217;Histoire Moderne et Contemporaine) \/ CNRS &#8211; ENS (Groupe Femmes et Histoire, dir. N. Pellegrin).<\/font><\/span><span style=\"font-size: small;\"><font color=\"#000000\"><br \/>\n    <\/font><\/span><\/li>\n<\/ul>\n<ul>\n<li><span style=\"font-size: small;\">2008-2009 : <span><font color=\"#000000\"> Institut Emilie  Du Ch\u00e2telet       (R\u00e9gion \u00cele de France) ; New York University in Paris ;  IHMC (Institut       d&#8217;Histoire Moderne et Contemporaine) \/ CNRS &#8211; ENS  (Groupe Femmes et       Histoire, dir. N. Pellegrin) ; <\/font><\/span><span>Universit\u00e9 Jean Monnet, Saint-Etienne.<\/span><\/span><\/li>\n<\/ul>\n<p style=\"text-align: justify;\">\n<ul>\n<li style=\"text-align: justify;\"><span style=\"font-size: small;\">2007-2008 :<font color=\"#000000\"> Institut Emilie Du Ch\u00e2telet       (R\u00e9gion \u00cele de France) ; New York University in Paris ; IHMC (Institut       d&#8217;Histoire Moderne et Contemporaine) \/ CNRS &#8211; ENS (Groupe Femmes et       Histoire, dir. N. Pellegrin) ;<\/font><\/span><\/li>\n<\/ul>\n<p style=\"text-align: justify;\">\n<ul>\n<li style=\"text-align: justify;\"><span style=\"font-size: small;\"><font color=\"#000000\">2002-2008 : Universit\u00e9 Am\u00e9ricaine de Paris (AUP), avec le soutien de la Fondation       Mellon ;<\/font><\/span><\/li>\n<\/ul>\n<p style=\"text-align: justify;\">\n<ul>\n<li style=\"text-align: justify;\"><span style=\"font-size: small;\"><font color=\"#000000\">2004, 2006, 2007 : le Service des Droits des Femmes ;<\/font><\/span><\/li>\n<\/ul>\n<p style=\"text-align: justify;\">\n<ul>\n<li style=\"text-align: justify;\"><span style=\"font-size: small;\"><font color=\"#000000\">2003, 2006 : la Fondation Florence Gould (USA) ;<\/font><\/span><\/li>\n<\/ul>\n<p style=\"text-align: justify;\">\n<ul>\n<li style=\"text-align: justify;\"><span style=\"font-size: small;\"><font color=\"#000000\">2004 : le Cr\u00e9dit Industriel et Commercial (CIC) ;<\/font><\/span><\/li>\n<\/ul>\n<p style=\"text-align: justify;\">\n<ul>\n<li style=\"text-align: justify;\"><span style=\"font-size: small;\"><font color=\"#000000\">2004 : Fondation d&#8217;entreprise EADS (<\/font><\/span><a href=\"http:\/\/www.siefar.org\/docsiefar\/file\/Prix%20Ir%C3%A8ne%20Joliot-Curie%202004.pdf\"><font color=\"#000000\"><span style=\"font-size: small;\">Prix Ir\u00e8ne Jolliot-Curie<\/span><\/font><\/a><span style=\"font-size: small;\"><font color=\"#000000\">) ;<\/font><\/span><\/li>\n<\/ul>\n<p style=\"text-align: justify;\">\n<ul>\n<li style=\"text-align: justify;\"><span style=\"font-size: small;\"><font color=\"#000000\">2002, 2004 : la Mission pour la       Parit\u00e9 dans la recherche et l&#8217;enseignement sup\u00e9rieur       (Minist\u00e8re d\u00e9l\u00e9gu\u00e9 \u00e0 la Recherche       et aux Nouvelles Technologies ;<\/font><\/span><\/li>\n<\/ul>\n<p style=\"text-align: justify;\">\n<ul>\n<li style=\"text-align: justify;\"><span style=\"font-size: small;\"><font color=\"#000000\">2002 : le Fonds Social Europ\u00e9en (FSE).<\/font><\/span><\/li>\n<\/ul>\n<p style=\"text-align: justify;\">\n","protected":false},"excerpt":{"rendered":"<p>2015 :Reid Hall (Columbia University) 2013-2014 :FER ULg (Universit\u00e9 de Li\u00e8ge), L&#8217;AMo EA 4276 (Universit\u00e9 de Nantes), Encyclop\u00e9die b\u00e9n\u00e9dictine (Belgique), Reid Hall (Columbia University), Ville de Paris, Classiques Garnier. 2011 &#8211; 2012 : IUF (Institut Universitaire de France) ; Institut Emilie Du Ch\u00e2telet (R\u00e9gion \u00cele de France) ; Universit\u00e9 de Columbia, Centre Reid Hall ; [&hellip;]<\/p>\n","protected":false},"author":4,"featured_media":1920,"parent":2760,"menu_order":0,"comment_status":"closed","ping_status":"closed","template":"","meta":{"_acf_changed":false,"footnotes":""},"class_list":["post-2762","page","type-page","status-publish","has-post-thumbnail","hentry"],"translation":{"provider":"WPGlobus","version":"3.0.0","language":"gb","enabled_languages":["fr","gb"],"languages":{"fr":{"title":true,"content":true,"excerpt":false},"gb":{"title":false,"content":false,"excerpt":false}}},"acf":[],"_links":{"self":[{"href":"https:\/\/siefar.org\/gb\/wp-json\/wp\/v2\/pages\/2762","targetHints":{"allow":["GET"]}}],"collection":[{"href":"https:\/\/siefar.org\/gb\/wp-json\/wp\/v2\/pages"}],"about":[{"href":"https:\/\/siefar.org\/gb\/wp-json\/wp\/v2\/types\/page"}],"author":[{"embeddable":true,"href":"https:\/\/siefar.org\/gb\/wp-json\/wp\/v2\/users\/4"}],"replies":[{"embeddable":true,"href":"https:\/\/siefar.org\/gb\/wp-json\/wp\/v2\/comments?post=2762"}],"version-history":[{"count":0,"href":"https:\/\/siefar.org\/gb\/wp-json\/wp\/v2\/pages\/2762\/revisions"}],"up":[{"embeddable":true,"href":"https:\/\/siefar.org\/gb\/wp-json\/wp\/v2\/pages\/2760"}],"wp:featuredmedia":[{"embeddable":true,"href":"https:\/\/siefar.org\/gb\/wp-json\/wp\/v2\/media\/1920"}],"wp:attachment":[{"href":"https:\/\/siefar.org\/gb\/wp-json\/wp\/v2\/media?parent=2762"}],"curies":[{"name":"wp","href":"https:\/\/api.w.org\/{rel}","templated":true}]}}