{"id":2761,"date":"2009-01-09T19:07:16","date_gmt":"2009-01-09T19:07:16","guid":{"rendered":"http:\/\/9"},"modified":"2026-01-07T18:31:40","modified_gmt":"2026-01-07T17:31:40","slug":"l-association","status":"publish","type":"page","link":"https:\/\/siefar.org\/gb\/la-siefar\/l-association\/","title":{"rendered":"L&#8217;association"},"content":{"rendered":"<div class=\"corpsTexte\" style=\"text-align: justify;\"><strong><span style=\"font-size: small;\">La Soci\u00e9t\u00e9 Internationale pour l&#8217;Etude des Femmes de l&#8217;Ancien R\u00e9gime est une Association Loi 1901 \u00e0 but non lucratif.<\/span><\/strong><\/div>\n<div class=\"corpsTexte\" style=\"text-align: justify;\"><\/div>\n<div class=\"corpsTexte\" style=\"text-align: justify;\"><span style=\"font-size: small;\">Elle a \u00e9t\u00e9 cr\u00e9\u00e9e \u00e0 Paris le 10 octobre 2000 (<a href=\"http:\/\/siefar.org\/wp-content\/uploads\/2009\/01\/Statuts-r\u00e9vis\u00e9s-sign\u00e9s-0316.pdf\">statuts<\/a>).<\/span><\/div>\n<div class=\"corpsTexte\" style=\"text-align: justify;\"><\/div>\n<div class=\"corpsTexte\" style=\"text-align: justify;\"><span style=\"font-size: small;\">L&#8217;\u00e9tude des conditions de vie, des actions, des \u0153uvres et de la pens\u00e9e des femmes des p\u00e9riodes pr\u00e9c\u00e9dant la R\u00e9volution fran\u00e7aise a connu ces derni\u00e8res d\u00e9cennies un essor consid\u00e9rable. Les travaux des chercheurs et chercheuses qui s\u2019y consacrent sont toutefois souvent difficilement accessibles, voire inconnus des personnes qui auraient le plus besoin de les conna\u00eetre (sp\u00e9cialistes, enseignant-e-s, \u00e9tudiant-e-s), car dispers\u00e9s dans de tr\u00e8s nombreux ouvrages et revues, et non r\u00e9pertori\u00e9s dans une banque de donn\u00e9es centralis\u00e9e. Par ailleurs, les r\u00e9sultats de leurs recherches demeurent souvent confidentiels, par manque d&#8217;outils appropri\u00e9s (traductions, \u00e9ditions, livres \u00e0 prix accessibles) permettant leur mise \u00e0 la disposition du public int\u00e9ress\u00e9.<\/span><\/div>\n<div class=\"corpsTexte\" style=\"text-align: justify;\"><\/div>\n<div class=\"corpsTexte\" style=\"text-align: justify;\">\n<p><span style=\"font-size: small;\">La SIEFAR regroupe des chercheurs et chercheuses d\u2019une vingtaine de nationalit\u00e9s, r\u00e9partis sur plusieurs continents. Elle a pour vocation de rassembler toutes les personnes qui se reconnaissent dans ses objectifs, quels que soient leur statut professionnel, leur nationalit\u00e9, leur sexe, leur degr\u00e9 d&#8217;implication dans le travail de recherche.<\/span><\/p>\n<\/div>\n<div class=\"titreJaune\" style=\"text-align: justify;\"><span style=\"font-size: medium;\"><strong>Les objectifs de la SIEFAR<\/strong><\/span><\/div>\n<div class=\"corpsTexte\" style=\"text-align: justify;\"><\/div>\n<ul style=\"text-align: justify;\">\n<li><span style=\"font-size: small;\">La SIEFAR se propose de faire conna\u00eetre, ou mieux conna\u00eetre, ou d\u00e9couvrir les conditions d&#8217;existence, la pens\u00e9e, l&#8217;action, les oeuvres des femmes reli\u00e9es d&#8217;une quelconque mani\u00e8re \u00e0 la France (celles qui y vivaient, celles qui y s\u00e9journaient, celles qui s&#8217;expatriaient, celles qui \u00e9crivaient, correspondaient, traduisaient, \u00e9taient traduites\u2026), dans la longue p\u00e9riode qui s&#8217;\u00e9tend du Moyen Age \u00e0 la R\u00e9volution.<\/span><\/li>\n<\/ul>\n<div class=\"corpsTexte\" style=\"text-align: justify;\"><\/div>\n<ul style=\"text-align: justify;\">\n<li><span style=\"font-size: small;\">La SIEFAR entend montrer l\u2019anciennet\u00e9 de la pr\u00e9sence des femmes dans la vie \u00e9conomique, politique, intellectuelle, scientifique et artistique, ainsi que la vari\u00e9t\u00e9 de leurs r\u00e9alisations. Il s\u2019agit de rendre visibles des pans entiers de l\u2019histoire et de la culture aujourd\u2019hui pass\u00e9s sous silence, notamment dans les manuels scolaires et les livres d\u2019histoire.<\/span><\/li>\n<\/ul>\n<div class=\"corpsTexte\" style=\"text-align: justify;\"><\/div>\n<ul style=\"text-align: justify;\">\n<li><span style=\"font-size: small;\">La SIEFAR travaille \u00e0 la fois \u00e0 la conservation des savoirs menac\u00e9s d&#8217;oubli, \u00e0 la production de savoirs nouveaux et \u00e0 la diffusion des recherches effectu\u00e9es, quels que soient leur langue d&#8217;expression, leur approche m\u00e9thodologique et leur champ disciplinaire (anthropologie, art, bibliophilie, droit, histoire, linguistique, litt\u00e9rature, musicologie, philosophie, sciences, sociologie). Elle contribue \u00e0 l&#8217;approfondissement de la r\u00e9flexion et des connaissances sur le genre et sa construction.<\/span><\/li>\n<\/ul>\n<div class=\"corpsTexte\" style=\"text-align: justify;\"><\/div>\n<ul style=\"text-align: justify;\">\n<li><span style=\"font-size: small;\">La SIEFAR souhaite \u00e9galement favoriser la reconnaissance des chercheuses et chercheurs impliqu\u00e9-es dans son domaine d\u2019\u00e9tude, notamment les jeunes femmes, en rendant visible leur travail, en les associant \u00e0 des manifestations scientifiques de qualit\u00e9, en les encourageant \u00e0 produire de nouvelles connaissances, en multipliant les coop\u00e9rations internationales.<\/span><\/li>\n<\/ul>\n<div class=\"corpsTexte\" style=\"text-align: justify;\"><\/div>\n<div class=\"titreJaune\" style=\"text-align: justify;\"><span style=\"font-size: medium;\"><strong>Les moyens d&#8217;action<\/strong><\/span><\/div>\n<div class=\"corpsTexte\" style=\"text-align: justify;\"><\/div>\n<div class=\"listeNoire\" style=\"text-align: justify;\"><span style=\"font-size: small;\">Site Internet consacr\u00e9 au domaine d\u2019\u00e9tude, en libre acc\u00e8s<\/span><\/div>\n<div class=\"listeNoire\" style=\"text-align: justify;\"><span style=\"font-size: small;\">Actualit\u00e9s en ligne (colloques, s\u00e9minaires, parutions, expositions, spectacles, annonces diverses).<\/span><\/div>\n<div class=\"listeNoire\" style=\"text-align: justify;\"><span style=\"font-size: small;\">R\u00e9pertoire des chercheuses et chercheurs du domaine en ligne.<\/span><\/div>\n<div class=\"listeNoire\" style=\"text-align: justify;\"><span style=\"font-size: small;\">Dictionnaire des femmes de l&#8217;Ancien R\u00e9gime en ligne.<\/span><\/div>\n<div class=\"listeNoire\" style=\"text-align: justify;\"><span style=\"font-size: small;\">Ressources en ligne (textes, \u00e9tudes, listes, donn\u00e9es, sites d\u00e9di\u00e9s \u00e0 des femmes particuli\u00e8res ou \u00e0 des domaines d\u2019\u00e9tudes particuliers\u2026)<\/span><\/div>\n<div class=\"listeNoire\" style=\"text-align: justify;\"><span style=\"font-size: small;\">Soutien moral, mat\u00e9riel et logistique \u00e0 des manifestations scientifiques et\/ou culturelles relevant du domaine.<\/span><\/div>\n<div class=\"listeNoire\" style=\"text-align: justify;\"><span style=\"font-size: small;\">Organisation de journ\u00e9es d&#8217;\u00e9tudes.<\/span><\/div>\n<div class=\"listeNoire\" style=\"text-align: justify;\"><span style=\"font-size: small;\">Publications (textes, \u00e9tudes), en collaboration avec des \u00e9diteurs sp\u00e9cialis\u00e9s.<\/span><\/div>\n<div class=\"corpsTexte\" style=\"text-align: justify;\"><\/div>\n<p style=\"text-align: justify;\"><strong><span style=\"font-size: small;\">Les plus de l\u2019adh\u00e9sion<\/span><\/strong><\/p>\n<div class=\"listeNoire\" style=\"text-align: justify;\"><span style=\"font-size: small;\">Deux bulletins de liaison annuels r\u00e9percutant la vie de l&#8217;association.<\/span><\/div>\n<div class=\"listeNoire\" style=\"text-align: justify;\"><span style=\"font-size: small;\">Bulletins d\u2019informations bi-annuels.<\/span><\/div>\n<div class=\"listeNoire\" style=\"text-align: justify;\">\n<p><span style=\"font-size: small;\">Possibilit\u00e9 de pr\u00e9senter ses parutions r\u00e9centes (ou sa th\u00e8se) sur le site et dans le r\u00e9seau des adh\u00e9rent-es. Ces r\u00e9sum\u00e9s demeurent un an dans la rubrique Actualit\u00e9s du site, puis sont rattach\u00e9s au R\u00e9pertoire.<\/span><\/p>\n<\/div>\n<div class=\"corpsTexte\" style=\"text-align: justify;\"><\/div>\n<div class=\"corpsTexte\" style=\"text-align: justify;\"><\/div>\n<div class=\"corpsTexte\" style=\"text-align: justify;\"><\/div>\n<div class=\"titreJaune\" style=\"text-align: justify;\"><strong><span style=\"font-size: medium;\">Le Conseil d&#8217;Administration<\/span><\/strong><\/div>\n<ul style=\"text-align: justify;\">\n<li><strong><span style=\"font-size: small;\">Le Conseil d&#8217;Administration actuel est compos\u00e9 de <\/span><\/strong><\/li>\n<\/ul>\n<div class=\"listeNoire\" style=\"text-align: justify;\"><span style=\"font-size: small;\">C\u00e9cile BEGHIN, ICT\/ECHELLES, Insp\u00e9 de Versailles, Histoire m\u00e9di\u00e9vale (bas Moyen \u00c2ge)<\/span><\/div>\n<div class=\"listeNoire\" style=\"text-align: justify;\"><span style=\"font-size: small;\">Marianne CLOSSON, secr\u00e9taire, Universit\u00e9 d&#8217;Artois (France), litt\u00e9rature fran\u00e7aise, XVI<sup>e<\/sup> si\u00e8cle<\/span><\/div>\n<div class=\"listeNoire\" style=\"text-align: justify;\"><span style=\"font-size: small;\">Yohann DEGUIN, Universit\u00e9 de Rouen (France), Litt\u00e9rature, XVII<sup>e<\/sup> si\u00e8cle<\/span><\/div>\n<div class=\"listeNoire\" style=\"text-align: justify;\"><span style=\"font-size: small;\">Myriam DUFOUR-MA\u00ceTRE, tr\u00e9sori\u00e8re adjointe, Universit\u00e9 de Rouen (France), Litt\u00e9rature, XVII<sup>e<\/sup> si\u00e8cle<\/span><\/div>\n<div class=\"listeNoire\" style=\"text-align: justify;\"><span style=\"font-size: small;\">Nathalie FREIDEL, Wilfrid Laurier University (Canada), Litt\u00e9rature, XVII<sup>e<\/sup> si\u00e8cle<\/span><\/div>\n<div class=\"listeNoire\" style=\"text-align: justify;\"><span style=\"font-size: small;\">Sacha GRANGEAN, \u00c9cole normale sup\u00e9rieure de Lyon, Litt\u00e9rature, XVII<sup>e<\/sup> si\u00e8cle<\/span><\/div>\n<div class=\"listeNoire\" style=\"text-align: justify;\"><span style=\"font-size: small;\">Aude LORIAUD, tr\u00e9sori\u00e8re, CEMMC (France), Histoire, XVII<sup>e<\/sup> -XVIII<sup>e<\/sup> si\u00e8cles<\/span><\/div>\n<div class=\"listeNoire\" style=\"text-align: justify;\"><span style=\"font-size: small;\">Claudine N\u00c9DELEC, vice-pr\u00e9sidente, Universit\u00e9 d&#8217;Artois (France), Litt\u00e9rature, XVII<sup>e<\/sup> si\u00e8cle<\/span><\/div>\n<div class=\"listeNoire\" style=\"text-align: justify;\"><span style=\"font-size: small;\">Marie-Christine PAYNE, CERAM, Litt\u00e9rature m\u00e9di\u00e9vale<\/span><\/div>\n<div class=\"listeNoire\" style=\"text-align: justify;\"><span style=\"font-size: small;\">Dominique PICCO, secr\u00e9taire adjointe, Universit\u00e9 de Bordeaux (France), Histoire moderne, XVII<sup>e<\/sup>-XVIII<sup>e<\/sup> si\u00e8cles<\/span><\/div>\n<div class=\"listeNoire\" style=\"text-align: justify;\"><span style=\"font-size: small;\">Ghislain TRANIE, pr\u00e9sident, Centre Roland Mousnier (France), Histoire, XVI<sup>e<\/sup>-XVII<sup>e<\/sup> si\u00e8cles<\/span><\/div>\n<div><\/div>\n<div class=\"corpsTexte\" style=\"text-align: justify;\">\n<ul>\n<li><span style=\"font-size: medium;\"><strong><span style=\"font-size: small;\">Les Membres d&#8217;honneur<\/span><\/strong><\/span><\/li>\n<\/ul>\n<div class=\"corpsTexte\" style=\"text-align: justify;\"><span style=\"font-size: small;\">Lors du Conseil d&#8217;Administration du 19 septembre 2009, ont \u00e9t\u00e9 d\u00e9sign\u00e9s quatre membres d&#8217;honneur de l&#8217;association :<\/span><\/div>\n<div class=\"listeNoire\"><span style=\"font-size: small;\">Henriette Goldwyn<\/span><\/div>\n<div class=\"listeNoire\"><span style=\"font-size: small;\">Nicole Pellegrin<\/span><\/div>\n<div class=\"listeNoire\"><span style=\"font-size: small;\">Eliane Viennot<\/span><\/div>\n<div class=\"listeNoire\"><span style=\"font-size: small;\">Kathleen Wilson-Chevalier<\/span><\/div>\n<div class=\"corpsTexte\" style=\"text-align: justify;\"><\/div>\n<div class=\"corpsTexte\" style=\"text-align: justify;\"><span style=\"font-size: small;\">Lors du Conseil d&#8217;Administration du 24 novembre 2017 a \u00e9t\u00e9 d\u00e9sign\u00e9e une cinqui\u00e8me membre d&#8217;honneur de l&#8217;association :<\/span><\/div>\n<div class=\"listeNoire\"><span style=\"font-size: small;\">Danielle Haase-Dubosc.<\/span><\/div>\n<div class=\"corpsTexte\"><\/div>\n<div class=\"corpsTexte\" style=\"text-align: justify;\"><span style=\"font-size: small;\">Elles ont consacr\u00e9 un temps consid\u00e9rable \u00e0 la mise en place et \u00e0 la vie de l&#8217;association pendant leur mandat respectif, et continuent, depuis leur d\u00e9part, \u00e0 rendre des services importants \u00e0 la SIEFAR.<br \/>\n<\/span><\/div>\n<div class=\"corpsTexte\" style=\"text-align: justify;\"><\/div>\n<div class=\"corpsTexte\" style=\"text-align: justify;\"><\/div>\n<ul>\n<li><span style=\"font-size: small;\"><strong>Les Bienfaiteurs et Bienfaitrices<\/strong><\/span><\/li>\n<\/ul>\n<div class=\"corpsTexte\"><span style=\"font-size: small;\">Le CA remercie ses membres bienfaiteurs pour leur soutien financier, indispensable au bon fonctionnement de l&#8217;association :<\/span><\/div>\n<div class=\"listeNoire\"><span style=\"font-size: small;\">Isabelle Brouard-Arends<\/span><\/div>\n<div class=\"listeNoire\"><span style=\"font-size: small;\">Dena Goodman<\/span><\/div>\n<div class=\"listeNoire\"><span style=\"font-size: small;\">Monique Moser-Verrey<\/span><\/div>\n<div class=\"listeNoire\"><span style=\"font-size: small;\">Eliane Viennot<\/span><\/div>\n<div class=\"listeNoire\"><span style=\"font-size: small;\">Cathy Yandell<\/span><\/div>\n<div class=\"corpsTexte\"><\/div>\n<div class=\"corpsTexte\"><\/div>\n<ul>\n<li><span style=\"font-size: small;\"><b>Editeur partenaire<\/b><\/span><\/li>\n<\/ul>\n<div class=\"listeNoire\" style=\"background-color: #ffffff;\"><span style=\"font-size: small;\">Classiques Garnier <\/span><\/div>\n<div class=\"listeNoire\" style=\"background-color: #ffffff;\"><span style=\"font-size: small;\">Voltaire Foundation<\/span><\/div>\n<div class=\"corpsTexte\"><\/div>\n<div class=\"corpsTexte\"><\/div>\n<\/div>\n<ul style=\"text-align: justify;\">\n<li><strong><span style=\"font-size: small;\">Ancien-ne-s membres du Conseil d\u2019Administration<\/span><\/strong><\/li>\n<\/ul>\n<div class=\"listeNoire\" style=\"text-align: justify;\"><span style=\"font-size: small;\">Caroline Biron (France)<\/span><\/div>\n<div class=\"listeNoire\" style=\"text-align: justify;\"><span style=\"font-size: small;\">Anne Boiron (France)<\/span><\/div>\n<div class=\"listeNoire\" style=\"text-align: justify;\"><span style=\"font-size: small;\">Catherine Bourdieu (France)<\/span><\/div>\n<div class=\"listeNoire\" style=\"text-align: justify;\"><span style=\"font-size: small;\">Jean-Fran\u00e7ois Budin (France)<\/span><\/div>\n<div class=\"listeNoire\" style=\"text-align: justify;\"><span style=\"font-size: small;\">Marianne Charrier-Vozel (France)<\/span><\/div>\n<div class=\"listeNoire\" style=\"text-align: justify;\"><span style=\"font-size: small;\">Jeanne Chiron (France)<\/span><\/div>\n<div class=\"listeNoire\" style=\"text-align: justify;\"><span style=\"font-size: small;\">Agn\u00e8s Cousson (France)<\/span><\/div>\n<div class=\"listeNoire\" style=\"text-align: justify;\"><span style=\"font-size: small;\">Anne Debrosse (France)<\/span><\/div>\n<div class=\"listeNoire\" style=\"text-align: justify;\"><span style=\"font-size: small;\">Valentina Denzel (USA)<\/span><\/div>\n<div class=\"listeNoire\" style=\"text-align: justify;\"><span style=\"font-size: small;\">Laetitia Dion (France)<\/span><\/div>\n<div class=\"listeNoire\" style=\"text-align: justify;\"><span style=\"font-size: small;\">Armel Dubois-Nayt,(France)<\/span><\/div>\n<div class=\"listeNoire\" style=\"text-align: justify;\"><span style=\"font-size: small;\">Nicole Dufournaud (France)<\/span><\/div>\n<div class=\"listeNoire\" style=\"text-align: justify;\"><span style=\"font-size: small;\">Aurore Evain (France)<\/span><\/div>\n<div class=\"listeNoire\" style=\"text-align: justify;\"><span style=\"font-size: small;\">\u00c9dith Flamarion (France)<\/span><\/div>\n<div class=\"listeNoire\" style=\"text-align: justify;\"><span style=\"font-size: small;\">Adeline Gargam (France)<\/span><\/div>\n<div class=\"listeNoire\" style=\"text-align: justify;\"><span style=\"font-size: small;\">S\u00e9verine Genieys-Kirk (Grande-Bretagne)<\/span><\/div>\n<div class=\"listeNoire\" style=\"text-align: justify;\"><span style=\"font-size: small;\">Audrey Gilles-Chikhaoui (France)<\/span><\/div>\n<div class=\"listeNoire\" style=\"text-align: justify;\"><span style=\"font-size: small;\">Henriette Goldwyn (USA)<\/span><\/div>\n<div class=\"listeNoire\" style=\"text-align: justify;\"><span style=\"font-size: small;\">Nathalie Grande (France)<\/span><\/div>\n<div class=\"listeNoire\" style=\"text-align: justify;\"><span style=\"font-size: small;\">Chanel de Halleux (Belgique)<\/span><\/div>\n<div class=\"listeNoire\" style=\"text-align: justify;\"><span style=\"font-size: small;\">Marie-Elisabeth Henneau (Belgique)<\/span><\/div>\n<div class=\"listeNoire\" style=\"text-align: justify;\"><span style=\"font-size: small;\">Ramona Herz-Gazeau (France)<\/span><\/div>\n<div class=\"listeNoire\" style=\"text-align: justify;\"><span style=\"font-size: small;\">Edwige Keller-Rahb\u00e9 (France)<\/span><\/div>\n<div class=\"listeNoire\" style=\"text-align: justify;\"><span style=\"font-size: small;\">Marie-Gabrielle Lallemand (France)<\/span><\/div>\n<div class=\"listeNoire\" style=\"text-align: justify;\"><span style=\"font-size: small;\">Anne Larsen (USA)<\/span><\/div>\n<div class=\"listeNoire\" style=\"text-align: justify;\"><span style=\"font-size: small;\">Rapha\u00eblle Legrand (France)<\/span><\/div>\n<div class=\"listeNoire\" style=\"text-align: justify;\"><span style=\"font-size: small;\">Sandrine L\u00e9ly (France)<\/span><\/div>\n<div class=\"listeNoire\" style=\"text-align: justify;\"><span style=\"font-size: small;\">Cathy McClive (France, Grande-Bretagne)<\/span><\/div>\n<div class=\"listeNoire\" style=\"text-align: justify;\"><span style=\"font-size: small;\">Eug\u00e9nie Pascal (France)<\/span><\/div>\n<div class=\"listeNoire\" style=\"text-align: justify;\"><span style=\"font-size: small;\">Nicole Pellegrin (France)<\/span><\/div>\n<div class=\"listeNoire\" style=\"text-align: justify;\"><span style=\"font-size: small;\">Julie Pilorget (France)<\/span><\/div>\n<div class=\"listeNoire\" style=\"text-align: justify;\"><span style=\"font-size: small;\">Julie Piront (Belgique)<\/span><\/div>\n<div class=\"listeNoire\" style=\"text-align: justify;\"><span style=\"font-size: small;\">Martine Reid (France)<\/span><\/div>\n<div class=\"listeNoire\" style=\"text-align: justify;\"><span style=\"font-size: small;\">Brigitte Rochelandet (France)<\/span><\/div>\n<div class=\"listeNoire\" style=\"text-align: justify;\"><span style=\"font-size: small;\">Martine Sauret (USA)<\/span><\/div>\n<div class=\"listeNoire\" style=\"text-align: justify;\"><span style=\"font-size: small;\">Charlotte Simonin (France)<\/span><\/div>\n<div class=\"listeNoire\" style=\"text-align: justify;\"><span style=\"font-size: small;\">Miriam Speyer (France)<\/span><\/div>\n<div class=\"listeNoire\" style=\"text-align: justify;\"><span style=\"font-size: small;\">Charlotte Trinquet (USA)<\/span><\/div>\n<div class=\"listeNoire\" style=\"text-align: justify;\"><span style=\"font-size: small;\">Eliane Viennot (France)<\/span><\/div>\n<div class=\"listeNoire\" style=\"text-align: justify;\"><span style=\"font-size: small;\">Rotraud Von Kulessa (Allemagne)\u00a0<\/span><\/div>\n<div class=\"listeNoire\" style=\"text-align: justify;\"><span style=\"font-size: small;\">Marcel-Jean Vilcosqui (France)<\/span><\/div>\n<div class=\"listeNoire\" style=\"text-align: justify;\"><span style=\"font-size: small;\">Kathleen Wilson-Chevalier (France)<\/span><\/div>\n<div class=\"listeNoire\" style=\"text-align: justify;\"><span style=\"font-size: small;\">Colette Winn (USA)<\/span><\/div>\n<div class=\"listeNoire\" style=\"text-align: justify;\"><span style=\"font-size: small;\">Caroline Zum Kolk (France)<\/span><\/div>\n<div class=\"corpsTexte\" style=\"text-align: justify;\"><\/div>\n<div class=\"corpsTexte\" style=\"text-align: justify;\"><\/div>\n<ul style=\"text-align: justify;\">\n<li><span style=\"font-size: small;\"><strong>La SIEFAR a \u00e9t\u00e9 cr\u00e9\u00e9e en 2000 \u00e0 l&#8217;appel de<\/strong><\/span><\/li>\n<\/ul>\n<div class=\"corpsTexte\" style=\"text-align: justify;\"><\/div>\n<div class=\"corpsTexte\" style=\"text-align: justify;\"><span style=\"font-size: small;\">Evelyne BERRIOT-SALVADORE (France), Jacqueline CERQUIGLINI-TOULET (France), Patricia CHOLAKIAN (USA), Christine DE BUZON (France), Diane DESROSIERS-BONIN (Canada), Philip FORD (Angleterre), Hannah FOURNIER (Canada), Hope GLIDDEN (USA), Danielle HAASE-DUBOSC (France), Nadine KUPERTY-TSUR (Isra\u00ebl), Anne LARSEN (USA), Mich\u00e8le LONGINO (USA), Mary MCKINLEY (USA), Gabriella PARUSSA (France), Nicole PELLEGRIN (France), Eliane VIENNOT (France), Kathleen WILSON-CHEVALIER (France), Colette WINN (USA), Margarete ZIMMERMANN (Allemagne) <\/span><\/div>\n<div class=\"corpsTexte\" style=\"text-align: justify;\"><span style=\"font-size: small;\">\u00a0<\/span><\/div>\n<div class=\"corpsTexte\" style=\"text-align: justify;\"><\/div>\n<div class=\"corpsTexte\" style=\"text-align: justify;\"><strong><span style=\"font-size: small;\">La SIEFAR adh\u00e8re aux principes de parit\u00e9 linguistique:<\/span><\/strong><\/div>\n<div class=\"corpsTexte\" style=\"text-align: justify;\"><\/div>\n<div class=\"corpsTexte\" style=\"text-align: justify;\"><span style=\"font-size: small;\">Elle promeut sur son site et dans ses parutions les formes f\u00e9minines soit existantes, soit ayant exist\u00e9 par le pass\u00e9 (voir la rubrique \u00abla guerre des mots\u00bb), soit recommand\u00e9es par divers organismes et textes l\u00e9gislatifs.<\/span><\/div>\n<div class=\"corpsTexte\" style=\"text-align: justify;\"><span style=\"font-size: small;\">\u00a0<\/span><\/div>\n","protected":false},"excerpt":{"rendered":"<p>La Soci\u00e9t\u00e9 Internationale pour l&#8217;Etude des Femmes de l&#8217;Ancien R\u00e9gime est une Association Loi 1901 \u00e0 but non lucratif. Elle a \u00e9t\u00e9 cr\u00e9\u00e9e \u00e0 Paris le 10 octobre 2000 (statuts). L&#8217;\u00e9tude des conditions de vie, des actions, des \u0153uvres et de la pens\u00e9e des femmes des p\u00e9riodes pr\u00e9c\u00e9dant la R\u00e9volution fran\u00e7aise a connu ces derni\u00e8res [&hellip;]<\/p>\n","protected":false},"author":4,"featured_media":0,"parent":2760,"menu_order":0,"comment_status":"closed","ping_status":"closed","template":"","meta":{"_acf_changed":false,"footnotes":""},"class_list":["post-2761","page","type-page","status-publish","hentry"],"translation":{"provider":"WPGlobus","version":"3.0.0","language":"gb","enabled_languages":["fr","gb"],"languages":{"fr":{"title":true,"content":true,"excerpt":false},"gb":{"title":false,"content":false,"excerpt":false}}},"acf":[],"_links":{"self":[{"href":"https:\/\/siefar.org\/gb\/wp-json\/wp\/v2\/pages\/2761","targetHints":{"allow":["GET"]}}],"collection":[{"href":"https:\/\/siefar.org\/gb\/wp-json\/wp\/v2\/pages"}],"about":[{"href":"https:\/\/siefar.org\/gb\/wp-json\/wp\/v2\/types\/page"}],"author":[{"embeddable":true,"href":"https:\/\/siefar.org\/gb\/wp-json\/wp\/v2\/users\/4"}],"replies":[{"embeddable":true,"href":"https:\/\/siefar.org\/gb\/wp-json\/wp\/v2\/comments?post=2761"}],"version-history":[{"count":4,"href":"https:\/\/siefar.org\/gb\/wp-json\/wp\/v2\/pages\/2761\/revisions"}],"predecessor-version":[{"id":15039,"href":"https:\/\/siefar.org\/gb\/wp-json\/wp\/v2\/pages\/2761\/revisions\/15039"}],"up":[{"embeddable":true,"href":"https:\/\/siefar.org\/gb\/wp-json\/wp\/v2\/pages\/2760"}],"wp:attachment":[{"href":"https:\/\/siefar.org\/gb\/wp-json\/wp\/v2\/media?parent=2761"}],"curies":[{"name":"wp","href":"https:\/\/api.w.org\/{rel}","templated":true}]}}