{"id":2759,"date":"2009-01-09T17:37:36","date_gmt":"2009-01-09T17:37:36","guid":{"rendered":"http:\/\/7"},"modified":"2025-12-06T17:03:59","modified_gmt":"2025-12-06T16:03:59","slug":"collaborer-au-dictionnaire","status":"publish","type":"page","link":"https:\/\/siefar.org\/gb\/dictionnaire-des-femmes-de-l-ancienne-france\/collaborer-au-dictionnaire\/","title":{"rendered":"Collaborer au dictionnaire"},"content":{"rendered":"<div class=\"corpsTexte\" style=\"text-align: justify;\"><span style=\"font-size: small;\">\u00a0<\/span><\/div>\n<div class=\"corpsTexte\" style=\"text-align: justify;\"><span style=\"font-size: small;\"><strong>Si vous pensez pouvoir collaborer \u00e0 l&#8217;\u00e9laboration des nouvelles notices,<\/strong> parce que vous \u00eates sp\u00e9cialiste d&#8217;une femme, d&#8217;un groupe de femmes, d&#8217;un groupe social ou d&#8217;un domaine particulier vous ayant conduit \u00e0 une bonne connaissance d&#8217;une femme ou de plusieurs (voire, parce que vous avez rencontr\u00e9 au cours de vos recherches des femmes tr\u00e8s peu connues mais qui vous semblent int\u00e9ressantes, et sur lesquelles vous pourriez faire une courte notice), nous vous invitons \u00e0 prendre contact avec la personne du Comit\u00e9 de Pilotage charg\u00e9e de votre p\u00e9riode ou de votre domaine, en lui indiquant vos comp\u00e9tences (publications, travaux) et vos propositions.<br \/>\n<\/span><\/div>\n<div class=\"corpsTexte\" style=\"text-align: justify;\"><span style=\"font-size: small;\"><br \/>\n<strong>Si vous connaissez des expert-e-s de femmes ou de groupes de femmes susceptibles de collaborer \u00e0 ce projet,<\/strong> n&#8217;h\u00e9sitez pas \u00e0 leur en parler afin qu&#8217;ils-elles nous contactent, ou \u00e0 signaler leur existence (avec leurs coordonn\u00e9es) pour que nous les contactions, en vous adressant toujours \u00e0 la personne du Comit\u00e9 de Pilotage la plus concern\u00e9e.<\/span><\/div>\n<div class=\"corpsTexte\" style=\"text-align: justify;\"><span style=\"font-size: small;\">\u00a0<\/span><\/div>\n<div class=\"titreJaune\" style=\"text-align: center;\"><span style=\"font-size: small;\">LES PERSONNES A QUI VOUS ADRESSER<\/span><\/div>\n<div class=\"corpsTexte\" style=\"text-align: justify;\"><span style=\"font-size: small;\">Direction g\u00e9n\u00e9rale :\u00a0<a href=\"mailto:marianne.charrier@univ-rennes.fr\" target=\"_blank\" rel=\"noopener\">Marianne Charrier-Vozel<\/a><\/span><\/div>\n<p><span style=\"font-size: small;\"> A partir de 2025<\/span><\/p>\n<ul>\n<li><span style=\"font-size: small;\">Moyen \u00c2ge :\u00a0<a href=\"mailto:paupertanne@gmail.com\" target=\"_blank\" rel=\"noopener\">Anne Paupert<\/a><\/span><\/li>\n<li><span style=\"font-size: small;\">Renaissance :\u00a0<a href=\"mailto:ghislaintranie@gmail.com\" target=\"_blank\" rel=\"noopener\">Ghislain Trani\u00e9<\/a><br \/>\n<\/span><\/li>\n<li><span style=\"font-size: small;\">XVIIe si\u00e8cle :\u00a0<a href=\"http:\/\/mehenneau@uliege.be\" target=\"_blank\" rel=\"noopener\">Marie-Elisabeth Henneau<\/a><br \/>\n<\/span><\/li>\n<li><span style=\"font-size: small;\">XVIIIe si\u00e8cle :\u00a0<a href=\"mailto:nicole.pellegrin@wanadoo.fr\" target=\"_blank\" rel=\"noopener\">Nicole Pellegrin<\/a><br \/>\n<\/span><\/li>\n<li><span style=\"font-size: small;\">Histoire de l&#8217;art :\u00a0<a href=\"mailto:jpiront@uliege.be\" target=\"_blank\" rel=\"noopener\">Julie Piront<\/a><\/span><\/li>\n<li><span style=\"font-size: small;\">Histoire des religieuses :\u00a0<a href=\"mailto:mehenneau@uliege.be\" target=\"_blank\" rel=\"noopener\">Marie-Elisabeth Henneau<\/a><\/span><\/li>\n<li>\n<div class=\"corpsTexte\"><span style=\"font-size: small;\">Figures mythologiques :\u00a0<a href=\"mailto:adebrosse@gmail.com\" target=\"_blank\" rel=\"noopener\">Anne Debrosse<\/a><\/span><\/div>\n<\/li>\n<\/ul>\n<p><span style=\"font-size: small;\">Jusqu&#8217;en 2025<\/span><\/p>\n<ul>\n<li><span style=\"font-size: small;\">Moyen \u00c2ge : <\/span><span style=\"font-size: small;\"><a href=\"mailto:daniele.james-raoul@wanadoo.fr\">Dani\u00e8le James-Raoul<\/a><\/span><\/li>\n<li><span style=\"font-size: small;\">Renaissance : <a href=\"mailto:eliane.viennot@gmail.com\">Eliane Viennot<\/a><br \/>\n<\/span><\/li>\n<li><span style=\"font-size: small;\">XVIIe si\u00e8cle : <a href=\"mailto:mehenneau@ulg.ac.be\">Marie-\u00c9lisabeth Henneau\u00a0<\/a><br \/>\n<\/span><\/li>\n<li><span style=\"font-size: small;\">XVIIIe si\u00e8cle : <a href=\"mailto:rotraud.kulessa@phil.uni-augsburg.de\">Rotraud von Kulessa<\/a><br \/>\n<\/span><\/li>\n<li><span style=\"font-size: small;\">Histoire de l&#8217;art : <a href=\"mailto:kathleen.wilson-chevalier@wanadoo.fr\">Kathleen Wilson-Chevalier<\/a><br \/>\n<\/span><\/li>\n<li>\n<div class=\"corpsTexte\"><span style=\"font-size: small;\">Monachisme f\u00e9minin : <a href=\"mailto:mehenneau@ulg.ac.be\">Marie-\u00c9lisabeth Henneau<\/a><\/span><\/div>\n<\/li>\n<li><span style=\"font-size: small;\">Figures mythologiques :\u00a0<a href=\"mailto:adebrosse@gmail.com\" target=\"_blank\" rel=\"noopener\">Anne Debrosse<\/a><\/span><\/li>\n<\/ul>\n<p style=\"text-align: center;\"><span style=\"color: #d2b231; font-size: small;\"><span style=\"text-transform: uppercase;\"><b>Documents \u00e0 t\u00e9l\u00e9charger<\/b><\/span><\/span><\/p>\n<ul style=\"text-align: -webkit-auto;\">\n<li><span style=\"font-size: small;\"><a href=\"http:\/\/www.siefar.org\/docsiefar\/file\/Siefar-Dict-Lettre-aux-autrices-auteurs-2012.pdf\">Lettre aux autrices\/auteurs<\/a><\/span><\/li>\n<li><span style=\"font-size: small;\"><a href=\"http:\/\/www.siefar.org\/dictionnaire-des-femmes-de-l-ancienne-france\/presentation-generale'lang=fr&amp;li=art318\">Pr\u00e9sentation du dictionnaire<\/a><\/span><\/li>\n<li><span style=\"font-size: small;\"><a href=\"http:\/\/siefar.org\/wp-content\/uploads\/2022\/05\/Siefar-Dic-Fiche.rtf\" target=\"_blank\" rel=\"noopener noreferrer\">Fiche<\/a><\/span><\/li>\n<li><span style=\"font-size: small;\"><a href=\"http:\/\/siefar.org\/wp-content\/uploads\/2022\/04\/Siefar-Dic-Consignes-2022.pdf\" target=\"_blank\" rel=\"noopener noreferrer\">Consignes<\/a><\/span><\/li>\n<li><a href=\"https:\/\/siefar.org\/wp-content\/uploads\/2025\/10\/Calendrier-de-remise-des-notices.pdf\"><span style=\"font-size: small;\">Calendrier de remise des notices<\/span><\/a><\/li>\n<\/ul>\n","protected":false},"excerpt":{"rendered":"<p>\u00a0 Si vous pensez pouvoir collaborer \u00e0 l&#8217;\u00e9laboration des nouvelles notices, parce que vous \u00eates sp\u00e9cialiste d&#8217;une femme, d&#8217;un groupe de femmes, d&#8217;un groupe social ou d&#8217;un domaine particulier vous ayant conduit \u00e0 une bonne connaissance d&#8217;une femme ou de plusieurs (voire, parce que vous avez rencontr\u00e9 au cours de vos recherches des femmes tr\u00e8s [&hellip;]<\/p>\n","protected":false},"author":4,"featured_media":0,"parent":2756,"menu_order":0,"comment_status":"closed","ping_status":"closed","template":"","meta":{"_acf_changed":false,"footnotes":""},"class_list":["post-2759","page","type-page","status-publish","hentry"],"translation":{"provider":"WPGlobus","version":"3.0.0","language":"gb","enabled_languages":["fr","gb"],"languages":{"fr":{"title":true,"content":true,"excerpt":false},"gb":{"title":false,"content":false,"excerpt":false}}},"acf":[],"_links":{"self":[{"href":"https:\/\/siefar.org\/gb\/wp-json\/wp\/v2\/pages\/2759","targetHints":{"allow":["GET"]}}],"collection":[{"href":"https:\/\/siefar.org\/gb\/wp-json\/wp\/v2\/pages"}],"about":[{"href":"https:\/\/siefar.org\/gb\/wp-json\/wp\/v2\/types\/page"}],"author":[{"embeddable":true,"href":"https:\/\/siefar.org\/gb\/wp-json\/wp\/v2\/users\/4"}],"replies":[{"embeddable":true,"href":"https:\/\/siefar.org\/gb\/wp-json\/wp\/v2\/comments?post=2759"}],"version-history":[{"count":12,"href":"https:\/\/siefar.org\/gb\/wp-json\/wp\/v2\/pages\/2759\/revisions"}],"predecessor-version":[{"id":15713,"href":"https:\/\/siefar.org\/gb\/wp-json\/wp\/v2\/pages\/2759\/revisions\/15713"}],"up":[{"embeddable":true,"href":"https:\/\/siefar.org\/gb\/wp-json\/wp\/v2\/pages\/2756"}],"wp:attachment":[{"href":"https:\/\/siefar.org\/gb\/wp-json\/wp\/v2\/media?parent=2759"}],"curies":[{"name":"wp","href":"https:\/\/api.w.org\/{rel}","templated":true}]}}