{"id":2755,"date":"2009-01-08T19:10:55","date_gmt":"2009-01-08T19:10:55","guid":{"rendered":"http:\/\/2"},"modified":"2009-01-08T19:10:55","modified_gmt":"2009-01-08T19:10:55","slug":"presentation","status":"publish","type":"page","link":"https:\/\/siefar.org\/gb\/la-guerre-des-mots\/presentation\/","title":{"rendered":"Pr\u00e9sentation"},"content":{"rendered":"<div class=\"titreJaune\" style=\"text-align: right;\"><span style=\"font-size: 12pt;\">Rubrique anim\u00e9e par Aurore Evain et Eliane Viennot<\/span><\/div>\n<div class=\"corpsTexte\" style=\"text-align: justify;\">\u00a0<\/div>\n<div class=\"corpsTexte\" style=\"text-align: justify;\">\u00a0<\/div>\n<div class=\"corpsTexte\" style=\"text-align: justify;\"><span style=\"font-size: 12pt;\">La rubrique La guerre des mots est n\u00e9e du d\u00e9sir de contribuer au d\u00e9bat sur le sexisme de la langue fran\u00e7aise et les divers moyens d\u2019y rem\u00e9dier. <\/span><\/div>\n<div class=\"corpsTexte\" style=\"text-align: justify;\"><span style=\"font-size: 12pt;\">\u00a0<\/span><\/div>\n<div class=\"corpsTexte\" style=\"text-align: justify;\"><span style=\"font-size: 12pt;\">Ce d\u00e9bat, qui a pris une vigueur nouvelle depuis les ann\u00e9es 1970, s\u2019est beaucoup focalis\u00e9 sur les noms de m\u00e9tiers prestigieux, souvent d\u00e9clin\u00e9s au seul masculin de nos jours. <\/span><\/div>\n<div class=\"corpsTexte\" style=\"text-align: justify;\"><span style=\"font-size: 12pt;\">\u00a0<\/span><\/div>\n<div class=\"corpsTexte\" style=\"text-align: justify;\"><span style=\"font-size: 12pt;\">Ces d\u00e9bats demeurant en France aussi vifs qu\u2019id\u00e9ologiques (au contraire de nombreux pays francophones, qui se sont r\u00e9solument engag\u00e9s vers une variation en genre de ces noms), il a sembl\u00e9 int\u00e9ressant, pour les sp\u00e9cialistes de l\u2019Ancien R\u00e9gime que nous sommes, de montrer:<br \/> &#8211; que bien des termes trait\u00e9s de n\u00e9ologismes existent depuis fort longtemps (offici\u00e8re\u2026), <br \/> &#8211; que certains vrais n\u00e9ologismes sont \u00e9vitables (auteure\u2026), quand leur \u00e9quivalent est attest\u00e9 de longue date (autrice\u2026),<br \/> &#8211; que la r\u00e8gle de masculinit\u00e9 (ou de pseudo neutralit\u00e9) des noms de fonction est d\u2019invention r\u00e9cente,<br \/> &#8211; que bien d\u2019autres ph\u00e9nom\u00e8nes ont \u00e9t\u00e9 affect\u00e9s par la masculinisation rampante dont la langue fran\u00e7aise a \u00e9t\u00e9 l\u2019objet \u00e0 partir de la Renaissance. Il en est ainsi des noms communs (parfois arbitrairement transf\u00e9r\u00e9s d\u2019un genre dans l\u2019autre), des noms propres (parfois f\u00e9minis\u00e9s ou masculinis\u00e9s dans l\u2019ancienne langue, \u00e0 la mani\u00e8re des pr\u00e9noms), des pronoms et des formes adjectivales du verbe (variables en genre dans l\u2019ancienne langue, bloqu\u00e9s sur la forme masculine dans l\u2019actuelle), des accords (avec le dernier mot dans l\u2019ancienne langue, selon la r\u00e8gle qui veut que \u00able masculin l\u2019emporte sur le f\u00e9minin\u00bb dans l\u2019actuelle).<\/span><\/p>\n<p><span style=\"font-size: 12pt;\">Il nous a \u00e9galement sembl\u00e9 int\u00e9ressant de montrer que les d\u00e9bats, voire les pol\u00e9miques sur toutes ces questions, ne sont pas propres \u00e0 notre temps. Les locuteurs et locutrices t\u00e9moins de ces interventions sur la langue y ont en effet beaucoup r\u00e9sist\u00e9, qu\u2019elles\/ils l\u2019aient fait savoir ou qu\u2019elles\/ils se soient content\u00e9-es de maintenir leurs habitudes langagi\u00e8res, contre les avis des \u00abMessieurs\u00bb de l\u2019Acad\u00e9mie et de leurs \u00e9pigones.<\/span><\/p>\n<p><span style=\"font-size: 12pt;\">En fournissant, pour chaque ph\u00e9nom\u00e8ne, des exemples accompagn\u00e9s de r\u00e9f\u00e9rences, nous esp\u00e9rons \u00e0 la fois enrichir le d\u00e9bat et le d\u00e9passionner. Il ne s\u2019agit pas tant, aujourd\u2019hui, de \u00abf\u00e9miniser\u00bb la langue fran\u00e7aise, que de lui permettre de renouer avec son fonctionnement propre: un fonctionnement bi-genr\u00e9, attest\u00e9 par des si\u00e8cles d\u2019usages.<\/span><\/p>\n<\/div>\n<div style=\"text-align: justify;\"><span style=\"font-size: 12pt;\">\u00a0<\/span><\/div>\n<div style=\"text-align: justify;\"><span style=\"font-size: 12pt;\"><strong>Vous pouvez nous aider \u00e0 alimenter cette rubrique ! <\/strong><\/span><\/div>\n<div style=\"text-align: justify;\"><span style=\"font-size: 12pt;\">\u00a0<\/span><\/div>\n<div style=\"text-align: justify;\"><span style=\"font-size: 12pt;\">Envoyez vos exemples (de noms de fonction prestigieux d\u00e9clin\u00e9s au f\u00e9minin, ou de tout autre ph\u00e9nom\u00e8ne montrant la variabilit\u00e9 en genre de l\u2019ancienne langue), accompagn\u00e9s des r\u00e9f\u00e9rences des textes o\u00f9 vous les avez trouv\u00e9s \u00e0 : <a href=\"mailto:contact@siefar.org\">contact@siefar.org<\/a><\/span><\/div>\n<div style=\"text-align: justify;\"><span style=\"font-size: 12pt;\">\u00a0<\/span><\/div>\n","protected":false},"excerpt":{"rendered":"<p>Rubrique anim\u00e9e par Aurore Evain et Eliane Viennot \u00a0 \u00a0 La rubrique La guerre des mots est n\u00e9e du d\u00e9sir de contribuer au d\u00e9bat sur le sexisme de la langue fran\u00e7aise et les divers moyens d\u2019y rem\u00e9dier. \u00a0 Ce d\u00e9bat, qui a pris une vigueur nouvelle depuis les ann\u00e9es 1970, s\u2019est beaucoup focalis\u00e9 sur les [&hellip;]<\/p>\n","protected":false},"author":4,"featured_media":0,"parent":2754,"menu_order":0,"comment_status":"closed","ping_status":"closed","template":"","meta":{"_acf_changed":false,"footnotes":""},"class_list":["post-2755","page","type-page","status-publish","hentry"],"translation":{"provider":"WPGlobus","version":"3.0.0","language":"gb","enabled_languages":["fr","gb"],"languages":{"fr":{"title":true,"content":true,"excerpt":false},"gb":{"title":false,"content":false,"excerpt":false}}},"acf":[],"_links":{"self":[{"href":"https:\/\/siefar.org\/gb\/wp-json\/wp\/v2\/pages\/2755","targetHints":{"allow":["GET"]}}],"collection":[{"href":"https:\/\/siefar.org\/gb\/wp-json\/wp\/v2\/pages"}],"about":[{"href":"https:\/\/siefar.org\/gb\/wp-json\/wp\/v2\/types\/page"}],"author":[{"embeddable":true,"href":"https:\/\/siefar.org\/gb\/wp-json\/wp\/v2\/users\/4"}],"replies":[{"embeddable":true,"href":"https:\/\/siefar.org\/gb\/wp-json\/wp\/v2\/comments?post=2755"}],"version-history":[{"count":1,"href":"https:\/\/siefar.org\/gb\/wp-json\/wp\/v2\/pages\/2755\/revisions"}],"predecessor-version":[{"id":15692,"href":"https:\/\/siefar.org\/gb\/wp-json\/wp\/v2\/pages\/2755\/revisions\/15692"}],"up":[{"embeddable":true,"href":"https:\/\/siefar.org\/gb\/wp-json\/wp\/v2\/pages\/2754"}],"wp:attachment":[{"href":"https:\/\/siefar.org\/gb\/wp-json\/wp\/v2\/media?parent=2755"}],"curies":[{"name":"wp","href":"https:\/\/api.w.org\/{rel}","templated":true}]}}