{"id":2011,"date":"2015-10-09T23:59:47","date_gmt":"2015-10-09T22:59:47","guid":{"rendered":"http:\/\/siefar.org\/?page_id=2011"},"modified":"2015-10-09T23:59:47","modified_gmt":"2015-10-09T22:59:47","slug":"accueil","status":"publish","type":"page","link":"https:\/\/siefar.org\/gb\/accueil\/","title":{"rendered":""},"content":{"rendered":"<h6 class=\"corpsTexte\" style=\"text-align: justify;\"><span style=\"font-size: 10pt;\">La Soci\u00e9t\u00e9 Internationale pour l\u2019\u00c9tude des Femmes de l\u2019Ancien R\u00e9gime, soci\u00e9t\u00e9 savante n\u00e9e en 2000, a pour vocation l&#8217;\u00e9tude des conditions de vie, des actions, des oeuvres et de la pens\u00e9e des femmes des p\u00e9riodes pr\u00e9c\u00e9dant la R\u00e9volution fran\u00e7aise. La SI<\/span><span style=\"font-size: 10pt;\">\u00c9FAR<\/span><span style=\"font-size: 10pt;\"> travaille \u00e0 mieux faire conna\u00eetre ces domaines, pour rendre visible la pr\u00e9sence des femmes dans la vie \u00e9conomique, politique, intellectuelle, scientifique et artistique des si\u00e8cles pass\u00e9s et faire cesser le silence qui continue trop souvent \u00e0 r\u00e9gner. Par la conservation des savoirs menac\u00e9s d\u2019oubli, par la production de savoirs nouveaux et par la diffusion des recherches effectu\u00e9es, la <\/span><span style=\"font-size: 10pt;\">SI<\/span><span style=\"font-size: 10pt;\">\u00c9FAR <\/span><span style=\"font-size: 10pt;\">entend contribuer \u00e0 l&#8217;approfondissement de la r\u00e9flexion et des connaissances sur le genre et sa construction.<\/span><\/h6>\n<p style=\"text-align: center;\"><a href=\"http:\/\/siefar.org\/adhesion\/\">Adh\u00e9sion 2024<\/a><\/p>\n<p style=\"text-align: center;\"><strong>La SIEFAR a besoin de vous !<br \/>\n<\/strong><\/p>\n<hr \/>\n<div class=\"gros-plan-content\">\u00a0<\/div>\n<header class=\"entry-header\">\n<h1 class=\"entry-title\" style=\"text-align: center;\">Colloque international \u00e0 l\u2019occasion des 25 ans de la SI\u00c9FAR<\/h1>\n<h1 class=\"entry-title\" style=\"text-align: center;\">16 et 17 mai 2025, Reid Hall (Paris)<\/h1>\n<p style=\"text-align: center;\"><span style=\"font-size: 24pt;\">Appel \u00e0 contributions avant le 31 octobre 2024<\/span><\/p>\n<\/header>\n<div class=\"entry-content\">\n<p style=\"text-align: center;\"><span style=\"font-size: 24pt;\"><strong>Entre femmes<\/strong><\/span><\/p>\n<p style=\"text-align: center;\"><span style=\"font-size: 14pt;\"><strong>Regards de femmes de l\u2019Ancien R\u00e9gime sur leurs contemporaines<\/strong><\/span><\/p>\n<p><a href=\"http:\/\/siefar.org\/wp-content\/uploads\/2024\/07\/Screenshot-2024-07-04-at-11.15.41-AM.png\"><img loading=\"lazy\" decoding=\"async\" class=\"aligncenter wp-image-11357 size-large\" src=\"http:\/\/siefar.org\/wp-content\/uploads\/2024\/07\/Screenshot-2024-07-04-at-11.15.41-AM-1024x777.png\" sizes=\"(max-width: 720px) 100vw, 720px\" srcset=\"https:\/\/siefar.org\/wp-content\/uploads\/2024\/07\/Screenshot-2024-07-04-at-11.15.41-AM-1024x777.png 1024w, https:\/\/siefar.org\/wp-content\/uploads\/2024\/07\/Screenshot-2024-07-04-at-11.15.41-AM-300x228.png 300w, https:\/\/siefar.org\/wp-content\/uploads\/2024\/07\/Screenshot-2024-07-04-at-11.15.41-AM-768x583.png 768w, https:\/\/siefar.org\/wp-content\/uploads\/2024\/07\/Screenshot-2024-07-04-at-11.15.41-AM-600x455.png 600w, https:\/\/siefar.org\/wp-content\/uploads\/2024\/07\/Screenshot-2024-07-04-at-11.15.41-AM-1536x1166.png 1536w, https:\/\/siefar.org\/wp-content\/uploads\/2024\/07\/Screenshot-2024-07-04-at-11.15.41-AM-1320x1002.png 1320w, https:\/\/siefar.org\/wp-content\/uploads\/2024\/07\/Screenshot-2024-07-04-at-11.15.41-AM.png 1742w\" alt=\"\" width=\"720\" height=\"546\" \/><\/a><\/p>\n<p style=\"text-align: center;\">Sofonisba Anguissola,\u00a0<em>Partie d\u2019\u00e9checs<\/em>\u00a0(1555). Huile sur toile, 72 x 97 cm. Mus\u00e9e national de Pozna\u0144<\/p>\n<p>&nbsp;<\/p>\n<p><strong>La SI\u00c9FAR a 25 ans !<\/strong><\/p>\n<p>Cet anniversaire est l\u2019occasion de rendre femmage aux fondatrices de la Soci\u00e9t\u00e9 internationale pour l\u2019\u00e9tude des femmes de l\u2019Ancien R\u00e9gime, et d\u2019effectuer un bilan scientifique, qui mette en lumi\u00e8re la fa\u00e7on dont le travail collectif a rendu visibles les femmes d\u2019Ancien R\u00e9gime, et transform\u00e9 le regard sur elles. Des centaines de femmes sont apparues, dont beaucoup \u00e9taient inconnues, oubli\u00e9es, dont l\u2019\u0153uvre \u00e9tait ignor\u00e9e, m\u00e9pris\u00e9e, minor\u00e9e. Nous avons montr\u00e9, de multiples fa\u00e7ons, comment elles ont v\u00e9cu, cr\u00e9\u00e9, r\u00e9gn\u00e9, pens\u00e9, parl\u00e9, etc. Quand il \u00e9tait jusqu\u2019\u00e0 pr\u00e9sent surtout \u00ab\u00a0parl\u00e9 d\u2019elles\u00a0\u00bb, on a mieux vu \u00e0 quel point les femmes ont parl\u00e9 d\u2019elles-m\u00eames, individuellement et collectivement. C\u2019est sur ce dernier point que le colloque voudrait inviter \u00e0 r\u00e9fl\u00e9chir, en concentrant le propos sur le regard de contemporaine \u00e0 contemporaine(s).<\/p>\n<p><strong>Regards de femmes sur leurs contemporaines<\/strong><\/p>\n<p>Face \u00e0 la \u00ab\u00a0maltraitance historiographique\u00a0\u00bb<a href=\"https:\/\/siefar.org\/colloque-international-a-loccasion-des-25-ans-de-la-siefar-16-et-17-mai-2025-reid-hall-paris\/#_ftn1\" name=\"_ftnref1\"><sup>[1]<\/sup><\/a>\u00a0dont les femmes d\u2019Ancien R\u00e9gime ont \u00e9t\u00e9 victimes, nous voulons ainsi donner plus de visibilit\u00e9 \u00e0 ce que les femmes ont pens\u00e9 et dit elles-m\u00eames de celles qui vivaient \u00e0 la m\u00eame \u00e9poque qu\u2019elles, \u00e0 leurs c\u00f4t\u00e9s, ou au contraire loin d\u2019elles socialement et\/ou g\u00e9ographiquement, qu\u2019elles les appr\u00e9hendent individuellement ou par groupes, qu\u2019elles les connaissent directement,\u00a0<em>de visu<\/em>, ou indirectement \u00e0 travers des r\u00e9cits, des relations, voire des on-dit.<\/p>\n<p style=\"text-align: center;\"><a href=\"https:\/\/siefar.org\/colloque-international-a-loccasion-des-25-ans-de-la-siefar-16-et-17-mai-2025-reid-hall-paris\/\"><strong>EN SAVOIR PLUS<\/strong><\/a><\/p>\n<p><a href=\"https:\/\/siefar.org\/colloque-international-a-loccasion-des-25-ans-de-la-siefar-16-et-17-mai-2025-reid-hall-paris\/#_ftnref1\" name=\"_ftn1\"><\/a><\/p>\n<\/div>\n<p>&nbsp;<\/p>\n<hr \/>\n<p>&nbsp;<\/p>\n<div class=\"gros-plan-content\">\n<h2 style=\"text-align: left;\">Une femme \u00e0 l&#8217;affiche<\/h2>\n<p>&nbsp;<\/p>\n<div class=\"gros-plan-content\">\n<div class=\"corpsTexte\" style=\"text-align: center;\">\n<figure id=\"attachment_11142\" aria-describedby=\"caption-attachment-11142\" style=\"width: 229px\" class=\"wp-caption alignright\"><a href=\"http:\/\/siefar.org\/wp-content\/uploads\/2024\/03\/LLabe_Pierre_Woeiriot02.jpg\"><img loading=\"lazy\" decoding=\"async\" class=\"size-medium wp-image-11142\" src=\"http:\/\/siefar.org\/wp-content\/uploads\/2024\/03\/LLabe_Pierre_Woeiriot02-229x300.jpg\" alt=\"\" width=\"229\" height=\"300\" \/><\/a><figcaption id=\"caption-attachment-11142\" class=\"wp-caption-text\">P. Woeiriot, Louise Lab\u00e9 (1555)<\/figcaption><\/figure><\/p>\n<div class=\"titreJaune\" style=\"text-align: center;\"><strong><big>LOUISE LAB\u00c9, la \u00ab Belle cordi\u00e8re \u00bb<br \/>\n<\/big><\/strong><\/div>\n<div class=\"titreJaune\" style=\"text-align: center;\">Po\u00e9tesse. Autrice des <em>Euvres de Lou\u00efze Lab\u00e9 Lionnoize<\/em> (1555).<\/div>\n<div class=\"titreJaune\" style=\"text-align: center;\">1524 (?) &#8211; 1566<\/div>\n<div class=\"corpsTexte\" style=\"text-align: center;\"><strong>500<sup>e<\/sup>anniversaire de sa naissance<\/strong><\/div>\n<\/div>\n<\/div>\n<div>\n<h6 class=\"corpsTexte\" style=\"text-align: center;\">\u00a0<\/h6>\n<\/div>\n<h3 style=\"text-align: justify;\">\u00c0 d\u00e9couvrir<\/h3>\n<ul>\n<li style=\"text-align: justify;\">Louise Lab\u00e9, <em>\u0152uvres<\/em>, e\u0301d. Mich\u00e8le Cle\u0301ment et Michel Jourde, Paris, G-F, 2022.<\/li>\n<li>Que sait-on des <em>Euvres de Loui\u0308ze Labe\u0301 Lionnoize<\/em> (1555) ?, dir. M. Cle\u0301ment et M. Jourde [en ligne : <a href=\"\/\/elll1555data.huma-num.fr\/\u201c\" target=\"\u201eblank\u201c\" rel=\"\u201enoopener noopener\">https:\/\/elll1555data.huma-num.fr\/]<\/a><\/li>\n<li>Le \u00ab dossier \u00bb Louise Lab\u00e9 de la SI\u00c9FAR : <a href=\"\/\/siefar.org\/louise-labe\/\u201c\" target=\"\u201e_blank\u201c\" rel=\"\u201enoopener noopener\">\u00ab Louise attaqu\u00e9e ! Louise Lab\u00e9 est-elle une cr\u00e9ature de papier\u2026 ? \u00bb<\/a><\/li>\n<li>\u00c9lise Rajchenbach, <em>Louise Lab\u00e9. La rime f\u00e9minine<\/em>, Paris, Calype, coll. \u00ab Destins \u00bb, 2024.<\/li>\n<li>Fran\u00e7ois Rigolot, <em>Louise Lab\u00e9 Lyonnaise ou la Renaissance au f\u00e9minin<\/em>, Paris, Champion, 1997.<\/li>\n<\/ul>\n<h3>Biographie :<\/h3>\n<p>La <a href=\"\/\/siefar.org\/en-ligne\/4-2024-m-clement-m-jourde-louise-labe\/\" target=\"\u201e_blank\u201c\" rel=\"\u201enoopener noopener\">nouvelle notice<\/a> de Louise Lab\u00e9 par Mich\u00e8le Cl\u00e9ment et Michel Jourde, dans le <em>Dictionnaire des Femmes de l\u2019ancienne France de la SI\u00c9FAR<\/em>, 2024.<\/p>\n<\/div>\n<hr \/>\n<p><span style=\"font-family: 'Roboto Slab'; font-size: 30px;\">La SI\u00c9FAR publie<\/span><\/p>\n<div class=\"gros-plan-content\">\n<div class=\"corpsTexte\" style=\"text-align: center;\">\n<h2><a href=\"http:\/\/siefar.org\/wp-content\/uploads\/2023\/04\/Femmes-de-guerre_couverture.jpg\"><img loading=\"lazy\" decoding=\"async\" class=\"size-full wp-image-10524 alignright\" src=\"http:\/\/siefar.org\/wp-content\/uploads\/2023\/04\/Femmes-de-guerre_couverture.jpg\" alt=\"\" width=\"175\" height=\"263\" \/><\/a><\/h2>\n<h1 class=\"entry-title\"><small>Femmes de guerre \u00e0 l\u2019\u00e9poque moderne (domaine fran\u00e7ais, miroirs \u00e9trangers). Jouer avec les repr\u00e9sentations<\/small><\/h1>\n<p><strong>Sous la direction de <b>Marianne CHARRIER-VOZEL, Agn\u00e8s COUSSON et Anne DEBROSSE<\/b><\/strong><\/p>\n<p>Actes du Colloque de 2019, APU, f\u00e9vrier 2023<\/p>\n<p style=\"text-align: justify;\">Les travaux sur les combattantes dans les guerres se multiplient depuis quelques ann\u00e9es. En ce qui concerne la premi\u00e8re modernit\u00e9, le manque dans la recherche actuelle porte surtout sur les repr\u00e9sentations de femmes de guerre mod\u00e8les, pourtant cruciales pour l\u00e9gitimer ou d\u00e9-l\u00e9gitimer les combattantes. En effet, les repr\u00e9sentations ne sont pas que des reflets de\u00a0<i>realia<\/i>, elles en sont aussi des promotrices. Cet ouvrage consacre donc ses deux premi\u00e8res parties aux discours et repr\u00e9sentations sur les femmes de guerre comme mod\u00e8les, et propose dans sa troisi\u00e8me partie d\u2019\u00e9tudier comment ces femmes ont d\u00fb faire face aux s\u00e9diments de fantasmes et d\u2019injonctions mais ont pu aussi en jouer.<br \/>\n<a href=\"http:\/\/apu.univ-artois.fr\/Revues-et-collections\/Etudes-litteraires\/Femmes-de-guerre-a-l-epoque-moderne-domaine-francais-miroirs-etrangers-.-Jouer-avec-les-representations\" target=\"_blank\" rel=\"noopener noreferrer\">En savoir plus<\/a>.<\/p>\n<p>&nbsp;<\/p>\n<\/div>\n<\/div>\n<p>&nbsp;<\/p>\n<div class=\"gros-plan-content\">\n<div class=\"corpsTexte\" style=\"text-align: center;\">\n<h2><a href=\"http:\/\/siefar.org\/wp-content\/uploads\/2023\/01\/McoMS03b.png\"><img loading=\"lazy\" decoding=\"async\" class=\"alignright size-medium wp-image-10271\" src=\"http:\/\/siefar.org\/wp-content\/uploads\/2023\/01\/McoMS03b-200x300.png\" alt=\"\" width=\"200\" height=\"300\" \/><\/a><\/h2>\n<h1 class=\"entry-title\"><small>Femme et Folie sous l&#8217;Ancien R\u00e9gime<\/small><\/h1>\n<p><strong>Sous la direction de <b>Marianne CLOSSON, Nathalie GRANDE, Claudine N\u00c9DELEC et Ghislain TRANI\u00c9<\/b><\/strong><\/p>\n<p>Actes du Colloque de la SI\u00c9FAR, parus chez Classiques Garnier en d\u00e9c. d\u00e9cembre 2022<\/p>\n<p>Ouvrage en 4e position des ventes de notre \u00e9diteur partenaire Classiques Garnier en hiver 2022-2023<\/p>\n<p style=\"text-align: justify;\">Les pathologies mentales des femmes, longtemps li\u00e9es au corps et \u00e0 la sexualit\u00e9, prouveraient leur faiblesse intellectuelle et morale. Folles dans et de leur corps, les femmes inclineraient aux conduites d\u00e9viantes. La question du genre est donc centrale pour \u00e9tudier la folie et sa repr\u00e9sentation. Pour en savoir plus, et commander l&#8217;ouvrage, voir la page d\u00e9di\u00e9e sur <a href=\"https:\/\/classiques-garnier.com\/femme-et-folie-sous-l-ancien-regime.html target=\" rel=\"noopener noreferrer\">le site de l&#8217;\u00e9diteur<\/a><\/p>\n<p style=\"text-align: justify;\">Les communications du colloque, qui s&#8217;est tenu en ligne les 25 et 26 mars 2021, sont accessibles sur <a href=\"https:\/\/artoistv.univ-artois.fr\/video\/3324-femme-et-folie-sous-lancien-regime-preambule\/\" target=\"_blank\" rel=\"noopener noreferrer\">la webTV d&#8217;Artois Universit\u00e9<\/a>.<\/p>\n<\/div>\n<\/div>\n<div class=\"gros-plan-content\">\n<div class=\"corpsTexte\" style=\"text-align: center;\">\n<div class=\"gros-plan-content\">\n<div class=\"corpsTexte\" style=\"text-align: center;\">\n<h2>\u00a0<\/h2>\n<hr \/>\n<\/div>\n<\/div>\n<\/div>\n<\/div>\n","protected":false},"excerpt":{"rendered":"<p>La Soci\u00e9t\u00e9 Internationale pour l\u2019\u00c9tude des Femmes de l\u2019Ancien R\u00e9gime, soci\u00e9t\u00e9 savante n\u00e9e en 2000, a pour vocation l&#8217;\u00e9tude des conditions de vie, des actions, des oeuvres et de la pens\u00e9e des femmes des p\u00e9riodes pr\u00e9c\u00e9dant la R\u00e9volution fran\u00e7aise. La SI\u00c9FAR travaille \u00e0 mieux faire conna\u00eetre ces domaines, pour rendre visible la pr\u00e9sence des femmes [&hellip;]<\/p>\n","protected":false},"author":2,"featured_media":0,"parent":0,"menu_order":0,"comment_status":"closed","ping_status":"closed","template":"","meta":{"_acf_changed":false,"footnotes":""},"class_list":["post-2011","page","type-page","status-publish","hentry"],"translation":{"provider":"WPGlobus","version":"3.0.0","language":"gb","enabled_languages":["fr","gb"],"languages":{"fr":{"title":false,"content":true,"excerpt":false},"gb":{"title":false,"content":false,"excerpt":false}}},"acf":[],"_links":{"self":[{"href":"https:\/\/siefar.org\/gb\/wp-json\/wp\/v2\/pages\/2011","targetHints":{"allow":["GET"]}}],"collection":[{"href":"https:\/\/siefar.org\/gb\/wp-json\/wp\/v2\/pages"}],"about":[{"href":"https:\/\/siefar.org\/gb\/wp-json\/wp\/v2\/types\/page"}],"author":[{"embeddable":true,"href":"https:\/\/siefar.org\/gb\/wp-json\/wp\/v2\/users\/2"}],"replies":[{"embeddable":true,"href":"https:\/\/siefar.org\/gb\/wp-json\/wp\/v2\/comments?post=2011"}],"version-history":[{"count":1,"href":"https:\/\/siefar.org\/gb\/wp-json\/wp\/v2\/pages\/2011\/revisions"}],"predecessor-version":[{"id":15131,"href":"https:\/\/siefar.org\/gb\/wp-json\/wp\/v2\/pages\/2011\/revisions\/15131"}],"wp:attachment":[{"href":"https:\/\/siefar.org\/gb\/wp-json\/wp\/v2\/media?parent=2011"}],"curies":[{"name":"wp","href":"https:\/\/api.w.org\/{rel}","templated":true}]}}