{"id":11184,"date":"2024-03-23T08:22:18","date_gmt":"2024-03-23T07:22:18","guid":{"rendered":"http:\/\/siefar.org\/?page_id=11184"},"modified":"2025-09-23T11:23:15","modified_gmt":"2025-09-23T09:23:15","slug":"52024-c-bourdieu-j-piront-les-femmes-artistes-a-lepoque-moderne","status":"publish","type":"page","link":"https:\/\/siefar.org\/gb\/en-ligne\/52024-c-bourdieu-j-piront-les-femmes-artistes-a-lepoque-moderne\/","title":{"rendered":"5|2024 C. Bourdieu et J. Piront, Les femmes artistes \u00e0 l\u2018\u00e9poque moderne"},"content":{"rendered":"<h2>Catherine Bourdieu, Julie Piront, <em>Les femmes artistes \u00e0 l\u2018\u00e9poque moderne: sculptrices, peintresses, architectes<\/em><\/h2>\n<h3>[2024]<\/h3>\n<p>Pour citer ce dossier : Catherine Bourdieu, Julie Piront, <em>Les femmes artistes \u00e0 l\u2018\u00e9poque moderne : sculptrices, peintresses, architectes<\/em>, [En ligne], 5|2024, mis en ligne le 23 mars 2024, URL : http:\/\/siefar.org\/en-ligne\/52024-c-bourdieu-j-piront-les-femmes-artistes-a-lepoque-moderne\/<\/p>\n<h4>Pr\u00e9sentation<\/h4>\n<p>La recherche sur les femmes artistes, en plein d\u00e9veloppement depuis quelques d\u00e9cennies, d\u00e9montre \u00e0 la fois la place r\u00e9elle des femmes dans la cr\u00e9ation artistique et les perspectives de d\u00e9couvertes encore nombreuses. Selon les arts, les constats varient. Les peintresses ont \u00e9t\u00e9 tr\u00e8s nombreuses et les documents qui existent permettent de retrouver leurs parcours. Les architectes s&#8217;\u00e9panouissent plut\u00f4t dans les communaut\u00e9s religieuses, o\u00f9 elles travaillent au d\u00e9veloppement et \u00e0 l&#8217;embellissement des \u00e9difices. Les sculptrices apparaissent beaucoup plus rarement sans que les raisons n&#8217;en soient encore pleinement identifi\u00e9es. Prolongeant la conf\u00e9rence prononc\u00e9e lors de l&#8217;assembl\u00e9e g\u00e9n\u00e9rale 2023 de la SIEFAR, cette contribution propose d&#8217;esquisser un aper\u00e7u des recherches men\u00e9es sur les femmes artistes sous l&#8217;Ancien R\u00e9gime, principalement en France, la principaut\u00e9 de Li\u00e8ge et les anciens Pays-Bas m\u00e9ridionaux.<\/p>\n<p>Catherine Bourdieu, Julie Piront, <a href=\"http:\/\/siefar.org\/wp-content\/uploads\/2024\/03\/Bourdieu-Piront_Femmes-artistes.pdf\" target=\"_blank\" rel=\"noopener noreferrer\">Les femmes artistes \u00e0 l\u2018\u00e9poque moderne : sculptrices, peintresses, architectes<\/a>, mars 2024.<\/p>\n","protected":false},"excerpt":{"rendered":"<p>Catherine Bourdieu, Julie Piront, Les femmes artistes \u00e0 l\u2018\u00e9poque moderne: sculptrices, peintresses, architectes [2024] Pour citer ce dossier : Catherine Bourdieu, Julie Piront, Les femmes artistes \u00e0 l\u2018\u00e9poque moderne : sculptrices, peintresses, architectes, [En ligne], 5|2024, mis en ligne le 23 mars 2024, URL : http:\/\/siefar.org\/en-ligne\/52024-c-bourdieu-j-piront-les-femmes-artistes-a-lepoque-moderne\/ Pr\u00e9sentation La recherche sur les femmes artistes, en plein [&hellip;]<\/p>\n","protected":false},"author":6,"featured_media":15414,"parent":6769,"menu_order":5,"comment_status":"closed","ping_status":"closed","template":"","meta":{"_acf_changed":false,"footnotes":""},"class_list":["post-11184","page","type-page","status-publish","has-post-thumbnail","hentry"],"translation":{"provider":"WPGlobus","version":"3.0.0","language":"gb","enabled_languages":["fr","gb"],"languages":{"fr":{"title":true,"content":true,"excerpt":false},"gb":{"title":false,"content":false,"excerpt":false}}},"acf":[],"_links":{"self":[{"href":"https:\/\/siefar.org\/gb\/wp-json\/wp\/v2\/pages\/11184","targetHints":{"allow":["GET"]}}],"collection":[{"href":"https:\/\/siefar.org\/gb\/wp-json\/wp\/v2\/pages"}],"about":[{"href":"https:\/\/siefar.org\/gb\/wp-json\/wp\/v2\/types\/page"}],"author":[{"embeddable":true,"href":"https:\/\/siefar.org\/gb\/wp-json\/wp\/v2\/users\/6"}],"replies":[{"embeddable":true,"href":"https:\/\/siefar.org\/gb\/wp-json\/wp\/v2\/comments?post=11184"}],"version-history":[{"count":2,"href":"https:\/\/siefar.org\/gb\/wp-json\/wp\/v2\/pages\/11184\/revisions"}],"predecessor-version":[{"id":15407,"href":"https:\/\/siefar.org\/gb\/wp-json\/wp\/v2\/pages\/11184\/revisions\/15407"}],"up":[{"embeddable":true,"href":"https:\/\/siefar.org\/gb\/wp-json\/wp\/v2\/pages\/6769"}],"wp:featuredmedia":[{"embeddable":true,"href":"https:\/\/siefar.org\/gb\/wp-json\/wp\/v2\/media\/15414"}],"wp:attachment":[{"href":"https:\/\/siefar.org\/gb\/wp-json\/wp\/v2\/media?parent=11184"}],"curies":[{"name":"wp","href":"https:\/\/api.w.org\/{rel}","templated":true}]}}