{"id":11115,"date":"2024-03-16T17:44:55","date_gmt":"2024-03-16T16:44:55","guid":{"rendered":"http:\/\/siefar.org\/?page_id=11115"},"modified":"2025-09-23T11:28:29","modified_gmt":"2025-09-23T09:28:29","slug":"4-2024-m-clement-m-jourde-louise-labe","status":"publish","type":"page","link":"https:\/\/siefar.org\/gb\/en-ligne\/4-2024-m-clement-m-jourde-louise-labe\/","title":{"rendered":"4|2024 M. Cl\u00e9ment et M. Jourde, Louise Lab\u00e9"},"content":{"rendered":"<h2>Mich\u00e8le Cl\u00e9ment et Michel Jourde, <em>Notice de Louise Lab\u00e9<\/em><\/h2>\n<h3>[2024]<\/h3>\n<p>Pour citer ce dossier : Mich\u00e8le Cl\u00e9ment, Michel Jourde, <em>Notice de Louise Lab\u00e9<\/em>, [En ligne], 4|2024, mis en ligne le 16 mars 2024, URL : http:\/\/siefar.org\/en-ligne\/4-2024-m-clement-m-jourde-louise-labe\/<\/p>\n<h4>Pr\u00e9sentation<\/h4>\n<p>Mich\u00e8le Cl\u00e9ment et Michel Jourde, grands sp\u00e9cialistes de Louise Lab\u00e9 et responsables de la derni\u00e8re \u00e9dition des <em>Euvres de Lou\u00efze Lab\u00e9 Lionnoize<\/em> (GF Flammarion, 2022) qui est, en 2024, aussi l&#8217;\u00e9dition mise au programme des agr\u00e9gations de Lettres Modernes et de Lettres Classiques, offrent au <em>Dictionnaire des femmes de l&#8217;ancienne France<\/em> de la SI\u00c9FAR une notice actualis\u00e9e de Louise Lab\u00e9.<\/p>\n<p>Mich\u00e8le Cl\u00e9ment, Michel Jourde, <a href=\"http:\/\/siefar.org\/wp-content\/uploads\/2024\/03\/ClementJourde_Labe.pdf\" target=\"_blank\" rel=\"noopener noreferrer\">Notice de Louise Lab\u00e9<\/a>, mars 2024.<\/p>\n","protected":false},"excerpt":{"rendered":"<p>Mich\u00e8le Cl\u00e9ment et Michel Jourde, Notice de Louise Lab\u00e9 [2024] Pour citer ce dossier : Mich\u00e8le Cl\u00e9ment, Michel Jourde, Notice de Louise Lab\u00e9, [En ligne], 4|2024, mis en ligne le 16 mars 2024, URL : http:\/\/siefar.org\/en-ligne\/4-2024-m-clement-m-jourde-louise-labe\/ Pr\u00e9sentation Mich\u00e8le Cl\u00e9ment et Michel Jourde, grands sp\u00e9cialistes de Louise Lab\u00e9 et responsables de la derni\u00e8re \u00e9dition des Euvres [&hellip;]<\/p>\n","protected":false},"author":6,"featured_media":15418,"parent":6769,"menu_order":4,"comment_status":"closed","ping_status":"closed","template":"","meta":{"_acf_changed":false,"footnotes":""},"class_list":["post-11115","page","type-page","status-publish","has-post-thumbnail","hentry"],"translation":{"provider":"WPGlobus","version":"3.0.0","language":"gb","enabled_languages":["fr","gb"],"languages":{"fr":{"title":true,"content":true,"excerpt":false},"gb":{"title":false,"content":false,"excerpt":false}}},"acf":[],"_links":{"self":[{"href":"https:\/\/siefar.org\/gb\/wp-json\/wp\/v2\/pages\/11115","targetHints":{"allow":["GET"]}}],"collection":[{"href":"https:\/\/siefar.org\/gb\/wp-json\/wp\/v2\/pages"}],"about":[{"href":"https:\/\/siefar.org\/gb\/wp-json\/wp\/v2\/types\/page"}],"author":[{"embeddable":true,"href":"https:\/\/siefar.org\/gb\/wp-json\/wp\/v2\/users\/6"}],"replies":[{"embeddable":true,"href":"https:\/\/siefar.org\/gb\/wp-json\/wp\/v2\/comments?post=11115"}],"version-history":[{"count":2,"href":"https:\/\/siefar.org\/gb\/wp-json\/wp\/v2\/pages\/11115\/revisions"}],"predecessor-version":[{"id":15416,"href":"https:\/\/siefar.org\/gb\/wp-json\/wp\/v2\/pages\/11115\/revisions\/15416"}],"up":[{"embeddable":true,"href":"https:\/\/siefar.org\/gb\/wp-json\/wp\/v2\/pages\/6769"}],"wp:featuredmedia":[{"embeddable":true,"href":"https:\/\/siefar.org\/gb\/wp-json\/wp\/v2\/media\/15418"}],"wp:attachment":[{"href":"https:\/\/siefar.org\/gb\/wp-json\/wp\/v2\/media?parent=11115"}],"curies":[{"name":"wp","href":"https:\/\/api.w.org\/{rel}","templated":true}]}}