{"id":1,"date":"2019-09-05T08:43:56","date_gmt":"2019-09-05T08:43:56","guid":{"rendered":"https:\/\/www.nicolas-b.com\/siefar\/?p=1"},"modified":"2025-09-11T18:27:36","modified_gmt":"2025-09-11T16:27:36","slug":"accueil-2","status":"publish","type":"page","link":"https:\/\/siefar.org\/gb\/","title":{"rendered":"Home"},"content":{"rendered":"<div>La Soci\u00e9t\u00e9 Internationale pour l\u2019\u00c9tude des Femmes de l\u2019Ancien R\u00e9gime, soci\u00e9t\u00e9 savante n\u00e9e en 2000, a pour vocation l\u2019\u00e9tude des conditions de vie, des actions, des oeuvres et de la pens\u00e9e des femmes des p\u00e9riodes pr\u00e9c\u00e9dant la R\u00e9volution fran\u00e7aise. La SI\u00c9FAR travaille \u00e0 mieux faire conna\u00eetre ces domaines, pour rendre visible la pr\u00e9sence des femmes dans la vie \u00e9conomique, politique, intellectuelle, scientifique et artistique des si\u00e8cles pass\u00e9s et faire cesser le silence qui continue trop souvent \u00e0 r\u00e9gner. Par la conservation des savoirs menac\u00e9s d\u2019oubli, par la production de savoirs nouveaux et par la diffusion des recherches effectu\u00e9es, la SI\u00c9FAR entend contribuer \u00e0 l\u2019approfondissement de la r\u00e9flexion et des connaissances sur le genre et sa construction.<\/div>\n<div>Femme de l\u2019ann\u00e9e<\/div>\n<p><p>\n        <a href=\"https:\/\/siefar.org\/categorie_personnage\/femme-de-lannee\/\">En savoir +<\/a>\n    <\/p>\n<\/p>\n<div>\n<p>La SIEFAR a besoin de vous !<\/p>\n<\/div>\n<p><p>\n        <a href=\"\/adhesion\/\">Adh\u00e9sion<\/a>\n    <\/p>\n<\/p>\n<h2>Derni\u00e8res actualit\u00e9s<\/h2>\n<div>\n<\/div>\n<h2>A la une<\/h2>\n<div>\n<\/div>\n<p><!--more--><br \/>\n<!-- {\"type\":\"layout\",\"children\":[{\"type\":\"section\",\"props\":{\"image\":\"wp-content\\\/uploads\\\/2025\\\/03\\\/logo-siefar-gris.svg\",\"image_effect\":\"parallax\",\"image_parallax_bgy\":\"-210\",\"image_position\":\"top-right\",\"image_width\":800,\"style\":\"default\",\"title_breakpoint\":\"xl\",\"title_position\":\"top-left\",\"title_rotation\":\"left\",\"vertical_align\":\"middle\",\"width\":\"default\"},\"children\":[{\"type\":\"row\",\"props\":{\"layout\":\"1-2,1-2\"},\"children\":[{\"type\":\"column\",\"props\":{\"image\":\"wp-content\\\/uploads\\\/2025\\\/01\\\/Moillon_Louise_-_The_Fruit_and_Vegetable_Costermonger_-_1631.jpg\",\"image_position\":\"center-center\",\"media_background\":\"rgba(255, 255, 255, 0.81)\",\"media_blend_mode\":\"lighten\",\"position_sticky_breakpoint\":\"m\",\"style\":\"card-default\",\"width_medium\":\"1-2\"},\"children\":[{\"type\":\"text\",\"props\":{\"column_breakpoint\":\"m\",\"content\":\"La Soci\\u00e9t\\u00e9 Internationale pour l\\u2019\\u00c9tude des Femmes de l\\u2019Ancien R\\u00e9gime, soci\\u00e9t\\u00e9 savante n\\u00e9e en 2000, a pour vocation l\\u2019\\u00e9tude des conditions de vie, des actions, des oeuvres et de la pens\\u00e9e des femmes des p\\u00e9riodes pr\\u00e9c\\u00e9dant la R\\u00e9volution fran\\u00e7aise. La SI\\u00c9FAR travaille \\u00e0 mieux faire conna\\u00eetre ces domaines, pour rendre visible la pr\\u00e9sence des femmes dans la vie \\u00e9conomique, politique, intellectuelle, scientifique et artistique des si\\u00e8cles pass\\u00e9s et faire cesser le silence qui continue trop souvent \\u00e0 r\\u00e9gner. Par la conservation des savoirs menac\\u00e9s d\\u2019oubli, par la production de savoirs nouveaux et par la diffusion des recherches effectu\\u00e9es, la SI\\u00c9FAR entend contribuer \\u00e0 l\\u2019approfondissement de la r\\u00e9flexion et des connaissances sur le genre et sa construction.\",\"margin\":\"large\",\"maxwidth\":\"xlarge\"}}]},{\"type\":\"column\",\"props\":{\"image_position\":\"center-center\",\"position_sticky_breakpoint\":\"m\",\"style\":\"card-secondary\",\"vertical_align\":\"middle\",\"width_medium\":\"1-2\"},\"children\":[{\"type\":\"headline\",\"props\":{\"content\":\"Femme de l\\u2019ann\\u00e9e\",\"margin\":\"remove-vertical\",\"text_align\":\"center\",\"title_element\":\"div\",\"title_style\":\"h2\"}},{\"type\":\"button\",\"props\":{\"button_size\":\"small\",\"fullwidth\":false,\"grid_column_gap\":\"small\",\"grid_row_gap\":\"small\",\"margin\":\"default\",\"text_align\":\"center\"},\"children\":[{\"type\":\"button_item\",\"props\":{\"button_style\":\"secondary\",\"content\":\"En savoir +\",\"dialog_layout\":\"modal\",\"dialog_offcanvas_flip\":true,\"icon_align\":\"left\",\"link\":\"https:\\\/\\\/siefar.org\\\/categorie_personnage\\\/femme-de-lannee\\\/\"}}]},{\"type\":\"headline\",\"props\":{\"content\":\"\n\n<p>La SIEFAR a besoin de vous !<\\\/p>\",\"margin\":\"remove-vertical\",\"text_align\":\"center\",\"title_element\":\"div\",\"title_style\":\"h3\"}},{\"type\":\"button\",\"props\":{\"button_size\":\"small\",\"fullwidth\":false,\"grid_column_gap\":\"small\",\"grid_row_gap\":\"small\",\"margin\":\"default\",\"text_align\":\"center\"},\"children\":[{\"type\":\"button_item\",\"props\":{\"button_style\":\"primary\",\"content\":\"Adh\\u00e9sion\",\"dialog_layout\":\"modal\",\"dialog_offcanvas_flip\":true,\"icon_align\":\"left\",\"link\":\"adhesion\\\/\"}}]}]}]},{\"type\":\"row\",\"children\":[{\"type\":\"column\",\"props\":{\"image_position\":\"center-center\",\"position_sticky_breakpoint\":\"m\",\"style\":\"card-primary\"},\"children\":[{\"type\":\"headline\",\"props\":{\"content\":\"Derni\\u00e8res actualit\\u00e9s\",\"text_align\":\"center\",\"title_element\":\"h2\"}},{\"type\":\"grid\",\"props\":{\"content_column_breakpoint\":\"m\",\"filter_align\":\"left\",\"filter_all\":true,\"filter_grid_breakpoint\":\"m\",\"filter_grid_width\":\"auto\",\"filter_position\":\"top\",\"filter_style\":\"tab\",\"grid_column_gap\":\"small\",\"grid_default\":\"1\",\"grid_divider\":false,\"grid_medium\":\"\",\"icon_width\":80,\"image_align\":\"left\",\"image_grid_breakpoint\":\"m\",\"image_grid_width\":\"1-4\",\"image_height\":1000,\"image_svg_color\":\"emphasis\",\"image_vertical_align\":true,\"image_width\":1000,\"item_animation\":true,\"lightbox_bg_close\":true,\"link_aria_label\":\"Lire l'article\",\"link_fullwidth\":true,\"link_style\":\"text\",\"link_text\":\"Lire l'article\",\"margin\":\"default\",\"meta_align\":\"below-title\",\"meta_element\":\"div\",\"meta_style\":\"text-meta\",\"panel_link\":true,\"panel_padding\":\"small\",\"show_content\":true,\"show_hover_image\":true,\"show_hover_video\":true,\"show_image\":true,\"show_link\":true,\"show_meta\":true,\"show_title\":true,\"show_video\":true,\"title_align\":\"top\",\"title_element\":\"h3\",\"title_grid_breakpoint\":\"m\",\"title_grid_width\":\"1-2\",\"title_hover_style\":\"reset\"},\"children\":[{\"type\":\"grid_item\",\"source\":{\"query\":{\"name\":\"posts.customPosts\",\"arguments\":{\"terms\":[7,8],\"categorie_personnage_operator\":\"IN\",\"category_operator\":\"IN\",\"post_tag_operator\":\"IN\",\"users\":[],\"users_operator\":\"IN\",\"offset\":0,\"limit\":3,\"order\":\"date\",\"order_direction\":\"DESC\",\"category_include_children\":\"include\"}},\"props\":{\"title\":{\"name\":\"title\"},\"link\":{\"name\":\"link\"},\"image\":{\"name\":\"featuredImage.url\"},\"content\":{\"name\":\"excerpt\",\"filters\":{\"limit\":200}},\"meta\":{\"name\":\"field.lieu\"}}}}]}]}]},{\"type\":\"row\",\"children\":[{\"type\":\"column\",\"props\":{\"image_position\":\"center-center\",\"position_sticky_breakpoint\":\"m\"},\"children\":[{\"type\":\"headline\",\"props\":{\"content\":\"A la une\",\"text_align\":\"center\",\"title_element\":\"h2\"}},{\"type\":\"grid\",\"props\":{\"content_column_breakpoint\":\"m\",\"filter_align\":\"left\",\"filter_all\":true,\"filter_grid_breakpoint\":\"m\",\"filter_grid_width\":\"auto\",\"filter_position\":\"top\",\"filter_style\":\"tab\",\"grid_column_gap\":\"large\",\"grid_default\":\"1\",\"grid_divider\":true,\"grid_medium\":\"3\",\"icon_width\":80,\"image_align\":\"top\",\"image_grid_breakpoint\":\"m\",\"image_grid_width\":\"1-4\",\"image_height\":1000,\"image_svg_color\":\"emphasis\",\"image_vertical_align\":true,\"image_width\":800,\"item_animation\":true,\"lightbox_bg_close\":true,\"link_aria_label\":\"Lire l'article\",\"link_fullwidth\":true,\"link_style\":\"text\",\"link_text\":\"Lire l'article\",\"margin\":\"default\",\"meta_align\":\"below-title\",\"meta_element\":\"div\",\"meta_style\":\"text-meta\",\"panel_link\":true,\"panel_padding\":\"small\",\"show_content\":true,\"show_hover_image\":true,\"show_hover_video\":true,\"show_image\":true,\"show_link\":true,\"show_meta\":true,\"show_title\":true,\"show_video\":true,\"title_align\":\"top\",\"title_element\":\"h3\",\"title_grid_breakpoint\":\"m\",\"title_grid_width\":\"1-2\",\"title_hover_style\":\"reset\"},\"children\":[{\"type\":\"grid_item\",\"source\":{\"query\":{\"name\":\"posts.customPosts\",\"arguments\":{\"terms\":[6],\"categorie_personnage_operator\":\"IN\",\"category_operator\":\"IN\",\"post_tag_operator\":\"IN\",\"users\":[],\"users_operator\":\"IN\",\"offset\":0,\"limit\":6,\"order\":\"date\",\"order_direction\":\"DESC\",\"category_include_children\":\"include\"}},\"props\":{\"title\":{\"name\":\"title\"},\"link\":{\"name\":\"link\"},\"meta\":{\"filters\":{\"date\":\"j m Y\",\"before\":\"Publi\\u00e9 le \"},\"name\":\"date\"},\"image\":{\"name\":\"featuredImage.url\"},\"content\":{\"name\":\"excerpt\",\"filters\":{\"limit\":200}}}}}]}]}]}]}],\"version\":\"4.5.27\",\"yooessentialsVersion\":\"2.4.6\"} --><\/p>\n","protected":false},"excerpt":{"rendered":"<p>La Soci\u00e9t\u00e9 Internationale pour l\u2019\u00c9tude des Femmes de l\u2019Ancien R\u00e9gime, soci\u00e9t\u00e9 savante n\u00e9e en 2000, a pour vocation l\u2019\u00e9tude des conditions de vie, des actions, des oeuvres et de la pens\u00e9e des femmes des p\u00e9riodes pr\u00e9c\u00e9dant la R\u00e9volution fran\u00e7aise. La SI\u00c9FAR travaille \u00e0 mieux faire conna\u00eetre ces domaines, pour rendre visible la pr\u00e9sence des femmes [&hellip;]<\/p>\n","protected":false},"author":1,"featured_media":0,"parent":0,"menu_order":2,"comment_status":"open","ping_status":"closed","template":"","meta":{"_acf_changed":false,"footnotes":""},"class_list":["post-1","page","type-page","status-publish","hentry"],"translation":{"provider":"WPGlobus","version":"3.0.0","language":"gb","enabled_languages":["fr","gb"],"languages":{"fr":{"title":true,"content":true,"excerpt":false},"gb":{"title":true,"content":false,"excerpt":false}}},"acf":[],"_links":{"self":[{"href":"https:\/\/siefar.org\/gb\/wp-json\/wp\/v2\/pages\/1","targetHints":{"allow":["GET"]}}],"collection":[{"href":"https:\/\/siefar.org\/gb\/wp-json\/wp\/v2\/pages"}],"about":[{"href":"https:\/\/siefar.org\/gb\/wp-json\/wp\/v2\/types\/page"}],"author":[{"embeddable":true,"href":"https:\/\/siefar.org\/gb\/wp-json\/wp\/v2\/users\/1"}],"replies":[{"embeddable":true,"href":"https:\/\/siefar.org\/gb\/wp-json\/wp\/v2\/comments?post=1"}],"version-history":[{"count":106,"href":"https:\/\/siefar.org\/gb\/wp-json\/wp\/v2\/pages\/1\/revisions"}],"predecessor-version":[{"id":15383,"href":"https:\/\/siefar.org\/gb\/wp-json\/wp\/v2\/pages\/1\/revisions\/15383"}],"wp:attachment":[{"href":"https:\/\/siefar.org\/gb\/wp-json\/wp\/v2\/media?parent=1"}],"curies":[{"name":"wp","href":"https:\/\/api.w.org\/{rel}","templated":true}]}}